{"id":137,"date":"2022-05-17T13:21:30","date_gmt":"2022-05-17T17:21:30","guid":{"rendered":"http:\/\/www.cadexinc.com\/?page_id=137"},"modified":"2026-03-24T10:49:25","modified_gmt":"2026-03-24T14:49:25","slug":"capteur-de-pesage-australien","status":"publish","type":"page","link":"https:\/\/www.cadexinc.com\/fr\/equipement\/electronique\/capteur-de-pesage-australien\/","title":{"rendered":"Kit de cellule de charge australienne"},"content":{"rendered":"<div data-elementor-type=\"wp-page\" data-elementor-id=\"137\" class=\"elementor elementor-137\">\n\t\t\t\t<div class=\"elementor-element elementor-element-4527f63f elementor-hidden-desktop elementor-hidden-tablet e-flex e-con-boxed e-con e-parent\" data-id=\"4527f63f\" data-element_type=\"container\">\n\t\t\t\t\t<div class=\"e-con-inner\">\n\t\t\t\t<div class=\"elementor-element elementor-element-ad93b9d elementor-widget elementor-widget-image\" data-id=\"ad93b9d\" data-element_type=\"widget\" data-widget_type=\"image.default\">\n\t\t\t\t<div class=\"elementor-widget-container\">\n\t\t\t\t\t\t\t\t\t\t\t\t\t\t\t<img fetchpriority=\"high\" decoding=\"async\" width=\"980\" height=\"859\" src=\"https:\/\/www.cadexinc.com\/wp-content\/uploads\/2025\/03\/AustralianLoadCellKit_main.webp\" class=\"attachment-large size-large wp-image-17822\" alt=\"\" srcset=\"https:\/\/www.cadexinc.com\/wp-content\/uploads\/2025\/03\/AustralianLoadCellKit_main.webp 1000w, https:\/\/www.cadexinc.com\/wp-content\/uploads\/2025\/03\/AustralianLoadCellKit_main-300x263.webp 300w, https:\/\/www.cadexinc.com\/wp-content\/uploads\/2025\/03\/AustralianLoadCellKit_main-768x674.webp 768w, https:\/\/www.cadexinc.com\/wp-content\/uploads\/2025\/03\/AustralianLoadCellKit_main-14x12.webp 14w, https:\/\/www.cadexinc.com\/wp-content\/uploads\/2025\/03\/AustralianLoadCellKit_main-416x365.webp 416w\" sizes=\"(max-width: 980px) 100vw, 980px\" \/>\t\t\t\t\t\t\t\t\t\t\t\t\t\t\t<\/div>\n\t\t\t\t<\/div>\n\t\t\t\t\t<\/div>\n\t\t\t\t<\/div>\n\t\t<div class=\"elementor-element elementor-element-b80d4d9 e-flex e-con-boxed e-con e-parent\" data-id=\"b80d4d9\" data-element_type=\"container\">\n\t\t\t\t\t<div class=\"e-con-inner\">\n\t\t<div class=\"elementor-element elementor-element-dd57839 e-con-full e-flex e-con e-child\" data-id=\"dd57839\" data-element_type=\"container\">\n\t\t<div class=\"elementor-element elementor-element-c825738 e-con-full e-flex e-con e-child\" data-id=\"c825738\" data-element_type=\"container\">\n\t\t<div class=\"elementor-element elementor-element-49e0bab e-con-full equipment-main-right-block e-flex e-con e-child\" data-id=\"49e0bab\" data-element_type=\"container\">\n\t\t<div class=\"elementor-element elementor-element-e46cf2c e-con-full e-flex e-con e-child\" data-id=\"e46cf2c\" data-element_type=\"container\">\n\t\t\t\t<div class=\"elementor-element elementor-element-fc52541 elementor-widget elementor-widget-text-editor\" data-id=\"fc52541\" data-element_type=\"widget\" data-widget_type=\"text-editor.default\">\n\t\t\t\t<div class=\"elementor-widget-container\">\n\t\t\t\t\t\t\t\t\t<p class=\"cdx-title cdx-text-align-justify\">Le kit de cellule de charge australienne Cadex est utilis\u00e9 pour d\u00e9terminer la capacit\u00e9 d\u2019un casque de protection \u00e0 r\u00e9partir la force d\u2019un impact conform\u00e9ment \u00e0 la norme AS\/NZS 2512.9.<\/p>\t\t\t\t\t\t\t\t<\/div>\n\t\t\t\t<\/div>\n\t\t\t\t<div class=\"elementor-element elementor-element-880f83c equipment-sub-titles elementor-widget elementor-widget-heading\" data-id=\"880f83c\" data-element_type=\"widget\" data-widget_type=\"heading.default\">\n\t\t\t\t<div class=\"elementor-widget-container\">\n\t\t\t\t\t<h6 class=\"elementor-heading-title elementor-size-default\">CARACT\u00c9RISTIQUES\u202f:<\/h6>\t\t\t\t<\/div>\n\t\t\t\t<\/div>\n\t\t\t\t<div class=\"elementor-element elementor-element-191752d elementor-widget elementor-widget-text-editor\" data-id=\"191752d\" data-element_type=\"widget\" data-widget_type=\"text-editor.default\">\n\t\t\t\t<div class=\"elementor-widget-container\">\n\t\t\t\t\t\t\t\t\t<ul class=\"special-list\">\n<li>Two headforms (radius 60 &amp; 70 mm) with built-in load cell included<\/li>\n<li>Enclume de chute d\u00e9di\u00e9e incluse<\/li>\n<li>Mini-tampon MEP inclus (pour v\u00e9rifier la r\u00e9p\u00e9tabilit\u00e9 du syst\u00e8me)<\/li>\n<li>Compatible avec le logiciel Cadex (vendu s\u00e9par\u00e9ment)<\/li>\n<\/ul>\t\t\t\t\t\t\t\t<\/div>\n\t\t\t\t<\/div>\n\t\t\t\t<div class=\"elementor-element elementor-element-7d9751d equipment-sub-titles elementor-widget elementor-widget-heading\" data-id=\"7d9751d\" data-element_type=\"widget\" data-widget_type=\"heading.default\">\n\t\t\t\t<div class=\"elementor-widget-container\">\n\t\t\t\t\t<h6 class=\"elementor-heading-title elementor-size-default\">DIMENSIONS (APPROX.) :<\/h6>\t\t\t\t<\/div>\n\t\t\t\t<\/div>\n\t\t\t\t<div class=\"elementor-element elementor-element-ef813b1 elementor-widget elementor-widget-text-editor\" data-id=\"ef813b1\" data-element_type=\"widget\" data-widget_type=\"text-editor.default\">\n\t\t\t\t<div class=\"elementor-widget-container\">\n\t\t\t\t\t\t\t\t\t<ul class=\"special-list\">\n<li>Longueur : 20,32 cm \/ 8 in<\/li>\n<li>Width:\u00a0 \u00a027.94 cm \/ 11 in<\/li>\n<li>Hauteur : 22,86 cm (sans la t\u00eati\u00e8re)<\/li>\n<\/ul>\t\t\t\t\t\t\t\t<\/div>\n\t\t\t\t<\/div>\n\t\t\t\t<\/div>\n\t\t\t\t<\/div>\n\t\t\t\t<\/div>\n\t\t<div class=\"elementor-element elementor-element-dfb1325 e-con-full elementor-hidden-mobile e-flex e-con e-child\" data-id=\"dfb1325\" data-element_type=\"container\">\n\t\t\t\t<div class=\"elementor-element elementor-element-0343021 elementor-widget elementor-widget-image\" data-id=\"0343021\" data-element_type=\"widget\" data-widget_type=\"image.default\">\n\t\t\t\t<div class=\"elementor-widget-container\">\n\t\t\t\t\t\t\t\t\t\t\t\t\t\t\t<img fetchpriority=\"high\" decoding=\"async\" width=\"980\" height=\"859\" src=\"https:\/\/www.cadexinc.com\/wp-content\/uploads\/2025\/03\/AustralianLoadCellKit_main.webp\" class=\"attachment-large size-large wp-image-17822\" alt=\"\" srcset=\"https:\/\/www.cadexinc.com\/wp-content\/uploads\/2025\/03\/AustralianLoadCellKit_main.webp 1000w, https:\/\/www.cadexinc.com\/wp-content\/uploads\/2025\/03\/AustralianLoadCellKit_main-300x263.webp 300w, https:\/\/www.cadexinc.com\/wp-content\/uploads\/2025\/03\/AustralianLoadCellKit_main-768x674.webp 768w, https:\/\/www.cadexinc.com\/wp-content\/uploads\/2025\/03\/AustralianLoadCellKit_main-14x12.webp 14w, https:\/\/www.cadexinc.com\/wp-content\/uploads\/2025\/03\/AustralianLoadCellKit_main-416x365.webp 416w\" sizes=\"(max-width: 980px) 100vw, 980px\" \/>\t\t\t\t\t\t\t\t\t\t\t\t\t\t\t<\/div>\n\t\t\t\t<\/div>\n\t\t\t\t<\/div>\n\t\t\t\t<\/div>\n\t\t\t\t\t<\/div>\n\t\t\t\t<\/div>\n\t\t<div class=\"elementor-element elementor-element-d1e3f0a e-flex e-con-boxed e-con e-parent\" data-id=\"d1e3f0a\" data-element_type=\"container\">\n\t\t\t\t\t<div class=\"e-con-inner\">\n\t\t<div class=\"elementor-element elementor-element-d1371b4 e-con-full e-flex e-con e-child\" data-id=\"d1371b4\" data-element_type=\"container\">\n\t\t<div class=\"elementor-element elementor-element-49498a7 e-con-full e-grid equipment-page-multi-image-box e-con e-child\" data-id=\"49498a7\" data-element_type=\"container\">\n\t\t\t\t<div class=\"elementor-element elementor-element-c4a058b elementor-widget elementor-widget-image\" data-id=\"c4a058b\" data-element_type=\"widget\" data-widget_type=\"image.default\">\n\t\t\t\t<div class=\"elementor-widget-container\">\n\t\t\t\t\t\t\t\t\t\t\t\t<figure class=\"wp-caption\">\n\t\t\t\t\t\t\t\t\t\t<img decoding=\"async\" width=\"1000\" height=\"812\" src=\"https:\/\/www.cadexinc.com\/wp-content\/uploads\/2025\/03\/AustralianLoadCellKit-ShownOShownInstallednstalled.webp\" class=\"attachment-full size-full wp-image-17823\" alt=\"\" srcset=\"https:\/\/www.cadexinc.com\/wp-content\/uploads\/2025\/03\/AustralianLoadCellKit-ShownOShownInstallednstalled.webp 1000w, https:\/\/www.cadexinc.com\/wp-content\/uploads\/2025\/03\/AustralianLoadCellKit-ShownOShownInstallednstalled-300x244.webp 300w, https:\/\/www.cadexinc.com\/wp-content\/uploads\/2025\/03\/AustralianLoadCellKit-ShownOShownInstallednstalled-768x624.webp 768w, https:\/\/www.cadexinc.com\/wp-content\/uploads\/2025\/03\/AustralianLoadCellKit-ShownOShownInstallednstalled-15x12.webp 15w, https:\/\/www.cadexinc.com\/wp-content\/uploads\/2025\/03\/AustralianLoadCellKit-ShownOShownInstallednstalled-416x338.webp 416w\" sizes=\"(max-width: 1000px) 100vw, 1000px\" \/>\t\t\t\t\t\t\t\t\t\t\t<figcaption class=\"widget-image-caption wp-caption-text\">Illustr\u00e9 mont\u00e9 sur mini twinwire<\/figcaption>\n\t\t\t\t\t\t\t\t\t\t<\/figure>\n\t\t\t\t\t\t\t\t\t<\/div>\n\t\t\t\t<\/div>\n\t\t\t\t<div class=\"elementor-element elementor-element-7389dbf elementor-widget elementor-widget-image\" data-id=\"7389dbf\" data-element_type=\"widget\" data-widget_type=\"image.default\">\n\t\t\t\t<div class=\"elementor-widget-container\">\n\t\t\t\t\t\t\t\t\t\t\t\t<figure class=\"wp-caption\">\n\t\t\t\t\t\t\t\t\t\t<img decoding=\"async\" width=\"1426\" height=\"1042\" src=\"https:\/\/www.cadexinc.com\/wp-content\/uploads\/2022\/11\/software_load_autralien.png\" class=\"attachment-full size-full wp-image-6535\" alt=\"\" srcset=\"https:\/\/www.cadexinc.com\/wp-content\/uploads\/2022\/11\/software_load_autralien.png 1426w, https:\/\/www.cadexinc.com\/wp-content\/uploads\/2022\/11\/software_load_autralien-300x219.png 300w, https:\/\/www.cadexinc.com\/wp-content\/uploads\/2022\/11\/software_load_autralien-1024x748.png 1024w, https:\/\/www.cadexinc.com\/wp-content\/uploads\/2022\/11\/software_load_autralien-768x561.png 768w, https:\/\/www.cadexinc.com\/wp-content\/uploads\/2022\/11\/software_load_autralien-416x304.png 416w\" sizes=\"(max-width: 1426px) 100vw, 1426px\" \/>\t\t\t\t\t\t\t\t\t\t\t<figcaption class=\"widget-image-caption wp-caption-text\">Compatible avec le logiciel Cadex (non inclus)<\/figcaption>\n\t\t\t\t\t\t\t\t\t\t<\/figure>\n\t\t\t\t\t\t\t\t\t<\/div>\n\t\t\t\t<\/div>\n\t\t\t\t<\/div>\n\t\t\t\t<\/div>\n\t\t\t\t\t<\/div>\n\t\t\t\t<\/div>\n\t\t\t\t<\/div>","protected":false},"excerpt":{"rendered":"<p>The Cadex Australian load cell kit is used to determine the ability of a protective helmet to distribute the force of an impact as per AS\/NZS 2512.9. FEATURES: Two headforms (radius 60 &amp; 70 mm) with built-in load cell included Dedicated falling anvil included Mini MEP pad included (to perform \u201crepeatability\u201d system check) Compatible with [&hellip;]<\/p>","protected":false},"author":5,"featured_media":6532,"parent":3152,"menu_order":0,"comment_status":"closed","ping_status":"closed","template":"","meta":{"footnotes":""},"categories":[39],"class_list":["post-137","page","type-page","status-publish","has-post-thumbnail","hentry","category-electronic-data-equipment"],"_links":{"self":[{"href":"https:\/\/www.cadexinc.com\/fr\/wp-json\/wp\/v2\/pages\/137","targetHints":{"allow":["GET"]}}],"collection":[{"href":"https:\/\/www.cadexinc.com\/fr\/wp-json\/wp\/v2\/pages"}],"about":[{"href":"https:\/\/www.cadexinc.com\/fr\/wp-json\/wp\/v2\/types\/page"}],"author":[{"embeddable":true,"href":"https:\/\/www.cadexinc.com\/fr\/wp-json\/wp\/v2\/users\/5"}],"replies":[{"embeddable":true,"href":"https:\/\/www.cadexinc.com\/fr\/wp-json\/wp\/v2\/comments?post=137"}],"version-history":[{"count":53,"href":"https:\/\/www.cadexinc.com\/fr\/wp-json\/wp\/v2\/pages\/137\/revisions"}],"predecessor-version":[{"id":21331,"href":"https:\/\/www.cadexinc.com\/fr\/wp-json\/wp\/v2\/pages\/137\/revisions\/21331"}],"up":[{"embeddable":true,"href":"https:\/\/www.cadexinc.com\/fr\/wp-json\/wp\/v2\/pages\/3152"}],"wp:featuredmedia":[{"embeddable":true,"href":"https:\/\/www.cadexinc.com\/fr\/wp-json\/wp\/v2\/media\/6532"}],"wp:attachment":[{"href":"https:\/\/www.cadexinc.com\/fr\/wp-json\/wp\/v2\/media?parent=137"}],"wp:term":[{"taxonomy":"category","embeddable":true,"href":"https:\/\/www.cadexinc.com\/fr\/wp-json\/wp\/v2\/categories?post=137"}],"curies":[{"name":"wp","href":"https:\/\/api.w.org\/{rel}","templated":true}]}}