{"id":135,"date":"2022-05-17T13:21:09","date_gmt":"2022-05-17T17:21:09","guid":{"rendered":"http:\/\/www.cadexinc.com\/?page_id=135"},"modified":"2026-03-24T10:43:02","modified_gmt":"2026-03-24T14:43:02","slug":"cellule-de-charge","status":"publish","type":"page","link":"https:\/\/www.cadexinc.com\/fr\/equipement\/electronique\/cellule-de-charge\/","title":{"rendered":"Assemblage de cellule de charge"},"content":{"rendered":"<div data-elementor-type=\"wp-page\" data-elementor-id=\"135\" class=\"elementor elementor-135\">\n\t\t\t\t<div class=\"elementor-element elementor-element-27463c36 elementor-hidden-desktop elementor-hidden-tablet e-flex e-con-boxed e-con e-parent\" data-id=\"27463c36\" data-element_type=\"container\">\n\t\t\t\t\t<div class=\"e-con-inner\">\n\t\t\t\t<div class=\"elementor-element elementor-element-7254738 elementor-widget elementor-widget-image\" data-id=\"7254738\" data-element_type=\"widget\" data-widget_type=\"image.default\">\n\t\t\t\t<div class=\"elementor-widget-container\">\n\t\t\t\t\t\t\t\t\t\t\t\t\t\t\t<img fetchpriority=\"high\" decoding=\"async\" width=\"1000\" height=\"503\" src=\"https:\/\/www.cadexinc.com\/wp-content\/uploads\/2025\/03\/LoadCellAssembly_main.webp\" class=\"attachment-full size-full wp-image-17222\" alt=\"\" srcset=\"https:\/\/www.cadexinc.com\/wp-content\/uploads\/2025\/03\/LoadCellAssembly_main.webp 1000w, https:\/\/www.cadexinc.com\/wp-content\/uploads\/2025\/03\/LoadCellAssembly_main-300x151.webp 300w, https:\/\/www.cadexinc.com\/wp-content\/uploads\/2025\/03\/LoadCellAssembly_main-768x386.webp 768w, https:\/\/www.cadexinc.com\/wp-content\/uploads\/2025\/03\/LoadCellAssembly_main-18x9.webp 18w, https:\/\/www.cadexinc.com\/wp-content\/uploads\/2025\/03\/LoadCellAssembly_main-416x209.webp 416w\" sizes=\"(max-width: 1000px) 100vw, 1000px\" \/>\t\t\t\t\t\t\t\t\t\t\t\t\t\t\t<\/div>\n\t\t\t\t<\/div>\n\t\t\t\t\t<\/div>\n\t\t\t\t<\/div>\n\t\t<div class=\"elementor-element elementor-element-96254de e-flex e-con-boxed e-con e-parent\" data-id=\"96254de\" data-element_type=\"container\">\n\t\t\t\t\t<div class=\"e-con-inner\">\n\t\t<div class=\"elementor-element elementor-element-efc3bea e-con-full e-flex e-con e-child\" data-id=\"efc3bea\" data-element_type=\"container\">\n\t\t<div class=\"elementor-element elementor-element-644d865 e-con-full e-flex e-con e-child\" data-id=\"644d865\" data-element_type=\"container\">\n\t\t<div class=\"elementor-element elementor-element-37eb057 e-con-full equipment-main-right-block e-flex e-con e-child\" data-id=\"37eb057\" data-element_type=\"container\">\n\t\t<div class=\"elementor-element elementor-element-765a904 e-con-full e-flex e-con e-child\" data-id=\"765a904\" data-element_type=\"container\">\n\t\t\t\t<div class=\"elementor-element elementor-element-00aa188 elementor-widget elementor-widget-text-editor\" data-id=\"00aa188\" data-element_type=\"widget\" data-widget_type=\"text-editor.default\">\n\t\t\t\t<div class=\"elementor-widget-container\">\n\t\t\t\t\t\t\t\t\t<p class=\"cdx-title cdx-text-align-justify\">L\u2019assemblage de cellule de charge Cadex est utilis\u00e9 pour mesurer la force lors d\u2019un impact dans le cadre de tests de r\u00e9partition de charge. Il est conforme aux normes ANSI Z89.1, EN 397 et autres standards.<\/p>\t\t\t\t\t\t\t\t<\/div>\n\t\t\t\t<\/div>\n\t\t\t\t<div class=\"elementor-element elementor-element-0b9c0df equipment-sub-titles elementor-widget elementor-widget-heading\" data-id=\"0b9c0df\" data-element_type=\"widget\" data-widget_type=\"heading.default\">\n\t\t\t\t<div class=\"elementor-widget-container\">\n\t\t\t\t\t<h6 class=\"elementor-heading-title elementor-size-default\">DIMENSIONS (Approx.) :<\/h6>\t\t\t\t<\/div>\n\t\t\t\t<\/div>\n\t\t\t\t<div class=\"elementor-element elementor-element-f41a4b0 elementor-widget elementor-widget-text-editor\" data-id=\"f41a4b0\" data-element_type=\"widget\" data-widget_type=\"text-editor.default\">\n\t\t\t\t<div class=\"elementor-widget-container\">\n\t\t\t\t\t\t\t\t\t<ul class=\"special-list\">\n<li>Longueur : 19,05 cm \/ 7,5 in<\/li>\n<li>Width:\u00a0 \u00a019.05 cm \/ 7.5 in<\/li>\n<li>Height:\u00a0 8.59 cm \/ 3.38 in<\/li>\n<\/ul>\t\t\t\t\t\t\t\t<\/div>\n\t\t\t\t<\/div>\n\t\t\t\t<div class=\"elementor-element elementor-element-103bee0 equipment-sub-titles elementor-widget elementor-widget-heading\" data-id=\"103bee0\" data-element_type=\"widget\" data-widget_type=\"heading.default\">\n\t\t\t\t<div class=\"elementor-widget-container\">\n\t\t\t\t\t<h6 class=\"elementor-heading-title elementor-size-default\">CARACT\u00c9RISTIQUES\u202f:<\/h6>\t\t\t\t<\/div>\n\t\t\t\t<\/div>\n\t\t\t\t<div class=\"elementor-element elementor-element-a7fceab elementor-widget elementor-widget-text-editor\" data-id=\"a7fceab\" data-element_type=\"widget\" data-widget_type=\"text-editor.default\">\n\t\t\t\t<div class=\"elementor-widget-container\">\n\t\t\t\t\t\t\t\t\t<ul class=\"special-list\">\n<li>Combinaison de trois cellules de charge pour une r\u00e9sultante de 22 kN, \u00e0 distance \u00e9gale pour \u00e9viter toute perte de lecture.<\/li>\n<li>Compatible avec le logiciel Cadex (non inclus)<\/li>\n<\/ul>\n<p class=\"fs-7 fst-italic text-danger cdx-notation\">*N\u00e9cessite un syst\u00e8me d'acquisition<\/p>\n<p class=\"fs-7 fst-italic text-danger cdx-notation\">*Forme de t\u00eate non incluse et vendue s\u00e9par\u00e9ment*<\/p>\t\t\t\t\t\t\t\t<\/div>\n\t\t\t\t<\/div>\n\t\t\t\t<\/div>\n\t\t\t\t<\/div>\n\t\t\t\t<\/div>\n\t\t<div class=\"elementor-element elementor-element-e91a119 e-con-full e-flex e-con e-child\" data-id=\"e91a119\" data-element_type=\"container\">\n\t\t<div class=\"elementor-element elementor-element-58097a6 e-con-full e-grid equipment-page-multi-image-box elementor-hidden-mobile e-con e-child\" data-id=\"58097a6\" data-element_type=\"container\">\n\t\t\t\t<div class=\"elementor-element elementor-element-d290f9b elementor-widget elementor-widget-image\" data-id=\"d290f9b\" data-element_type=\"widget\" data-widget_type=\"image.default\">\n\t\t\t\t<div class=\"elementor-widget-container\">\n\t\t\t\t\t\t\t\t\t\t\t\t\t\t\t<img fetchpriority=\"high\" decoding=\"async\" width=\"1000\" height=\"503\" src=\"https:\/\/www.cadexinc.com\/wp-content\/uploads\/2025\/03\/LoadCellAssembly_main.webp\" class=\"attachment-full size-full wp-image-17222\" alt=\"\" srcset=\"https:\/\/www.cadexinc.com\/wp-content\/uploads\/2025\/03\/LoadCellAssembly_main.webp 1000w, https:\/\/www.cadexinc.com\/wp-content\/uploads\/2025\/03\/LoadCellAssembly_main-300x151.webp 300w, https:\/\/www.cadexinc.com\/wp-content\/uploads\/2025\/03\/LoadCellAssembly_main-768x386.webp 768w, https:\/\/www.cadexinc.com\/wp-content\/uploads\/2025\/03\/LoadCellAssembly_main-18x9.webp 18w, https:\/\/www.cadexinc.com\/wp-content\/uploads\/2025\/03\/LoadCellAssembly_main-416x209.webp 416w\" sizes=\"(max-width: 1000px) 100vw, 1000px\" \/>\t\t\t\t\t\t\t\t\t\t\t\t\t\t\t<\/div>\n\t\t\t\t<\/div>\n\t\t\t\t<\/div>\n\t\t\t\t<\/div>\n\t\t\t\t<\/div>\n\t\t\t\t\t<\/div>\n\t\t\t\t<\/div>\n\t\t<div class=\"elementor-element elementor-element-fbae9fd e-flex e-con-boxed e-con e-parent\" data-id=\"fbae9fd\" data-element_type=\"container\">\n\t\t\t\t\t<div class=\"e-con-inner\">\n\t\t<div class=\"elementor-element elementor-element-0b89a58 e-con-full e-grid equipment-page-multi-image-box e-con e-child\" data-id=\"0b89a58\" data-element_type=\"container\">\n\t\t\t\t<div class=\"elementor-element elementor-element-40ecb38 elementor-widget elementor-widget-image\" data-id=\"40ecb38\" data-element_type=\"widget\" data-widget_type=\"image.default\">\n\t\t\t\t<div class=\"elementor-widget-container\">\n\t\t\t\t\t\t\t\t\t\t\t\t<figure class=\"wp-caption\">\n\t\t\t\t\t\t\t\t\t\t<img decoding=\"async\" width=\"824\" height=\"629\" src=\"https:\/\/www.cadexinc.com\/wp-content\/uploads\/2025\/03\/Load-Cell-Assembly_INSIDE-VIEW.webp\" class=\"attachment-large size-large wp-image-17218\" alt=\"\" srcset=\"https:\/\/www.cadexinc.com\/wp-content\/uploads\/2025\/03\/Load-Cell-Assembly_INSIDE-VIEW.webp 824w, https:\/\/www.cadexinc.com\/wp-content\/uploads\/2025\/03\/Load-Cell-Assembly_INSIDE-VIEW-300x229.webp 300w, https:\/\/www.cadexinc.com\/wp-content\/uploads\/2025\/03\/Load-Cell-Assembly_INSIDE-VIEW-768x586.webp 768w, https:\/\/www.cadexinc.com\/wp-content\/uploads\/2025\/03\/Load-Cell-Assembly_INSIDE-VIEW-16x12.webp 16w, https:\/\/www.cadexinc.com\/wp-content\/uploads\/2025\/03\/Load-Cell-Assembly_INSIDE-VIEW-416x318.webp 416w\" sizes=\"(max-width: 824px) 100vw, 824px\" \/>\t\t\t\t\t\t\t\t\t\t\t<figcaption class=\"widget-image-caption wp-caption-text\"><span style=\"text-decoration:underline;font-weight:bold\">VUE INT\u00c9RIEURE <\/span><br>Assemblage de trois cellules de charge \u00e0 distance \u00e9gale<\/figcaption>\n\t\t\t\t\t\t\t\t\t\t<\/figure>\n\t\t\t\t\t\t\t\t\t<\/div>\n\t\t\t\t<\/div>\n\t\t\t\t<div class=\"elementor-element elementor-element-d538893 elementor-widget elementor-widget-image\" data-id=\"d538893\" data-element_type=\"widget\" data-widget_type=\"image.default\">\n\t\t\t\t<div class=\"elementor-widget-container\">\n\t\t\t\t\t\t\t\t\t\t\t\t<figure class=\"wp-caption\">\n\t\t\t\t\t\t\t\t\t\t<img decoding=\"async\" width=\"443\" height=\"689\" src=\"https:\/\/www.cadexinc.com\/wp-content\/uploads\/2025\/03\/Load-Cell-Assembly_ShownInstalledOnMonorail.webp\" class=\"attachment-large size-large wp-image-17217\" alt=\"\" srcset=\"https:\/\/www.cadexinc.com\/wp-content\/uploads\/2025\/03\/Load-Cell-Assembly_ShownInstalledOnMonorail.webp 443w, https:\/\/www.cadexinc.com\/wp-content\/uploads\/2025\/03\/Load-Cell-Assembly_ShownInstalledOnMonorail-193x300.webp 193w, https:\/\/www.cadexinc.com\/wp-content\/uploads\/2025\/03\/Load-Cell-Assembly_ShownInstalledOnMonorail-8x12.webp 8w, https:\/\/www.cadexinc.com\/wp-content\/uploads\/2025\/03\/Load-Cell-Assembly_ShownInstalledOnMonorail-416x647.webp 416w\" sizes=\"(max-width: 443px) 100vw, 443px\" \/>\t\t\t\t\t\t\t\t\t\t\t<figcaption class=\"widget-image-caption wp-caption-text\">Illustr\u00e9 mont\u00e9 sur monorail et support de forme de t\u00eate pour application UTM (P\/N : 300_08_HHUTM)<\/figcaption>\n\t\t\t\t\t\t\t\t\t\t<\/figure>\n\t\t\t\t\t\t\t\t\t<\/div>\n\t\t\t\t<\/div>\n\t\t\t\t<div class=\"elementor-element elementor-element-030de12 elementor-widget elementor-widget-image\" data-id=\"030de12\" data-element_type=\"widget\" data-widget_type=\"image.default\">\n\t\t\t\t<div class=\"elementor-widget-container\">\n\t\t\t\t\t\t\t\t\t\t\t\t<figure class=\"wp-caption\">\n\t\t\t\t\t\t\t\t\t\t<img loading=\"lazy\" decoding=\"async\" width=\"365\" height=\"700\" src=\"https:\/\/www.cadexinc.com\/wp-content\/uploads\/2025\/03\/Load-Cell-Assembly_MountaineerHeadform.webp\" class=\"attachment-large size-large wp-image-17220\" alt=\"\" srcset=\"https:\/\/www.cadexinc.com\/wp-content\/uploads\/2025\/03\/Load-Cell-Assembly_MountaineerHeadform.webp 365w, https:\/\/www.cadexinc.com\/wp-content\/uploads\/2025\/03\/Load-Cell-Assembly_MountaineerHeadform-156x300.webp 156w, https:\/\/www.cadexinc.com\/wp-content\/uploads\/2025\/03\/Load-Cell-Assembly_MountaineerHeadform-6x12.webp 6w\" sizes=\"(max-width: 365px) 100vw, 365px\" \/>\t\t\t\t\t\t\t\t\t\t\t<figcaption class=\"widget-image-caption wp-caption-text\"><a target=\"_blank\" href=\"https:\/\/www.cadexinc.com\/fr\/equipement\/tetes-de-betail\/kit-de-cellules-mountaineers-headform\/\">Forme de t\u00eate pour alpiniste install\u00e9e sur l\u2019assemblage de cellule de charge<\/a><\/figcaption>\n\t\t\t\t\t\t\t\t\t\t<\/figure>\n\t\t\t\t\t\t\t\t\t<\/div>\n\t\t\t\t<\/div>\n\t\t\t\t<\/div>\n\t\t\t\t\t<\/div>\n\t\t\t\t<\/div>\n\t\t\t\t<\/div>","protected":false},"excerpt":{"rendered":"<p>The Cadex load cell assembly is used to measure the force at the time of an impact for load distribution testing. It complies with ANSI Z89.1, EN 397 and other standards. DIMENSIONS (Approx.): Length: 19.05 cm \/ 7.5 in Width:\u00a0 \u00a019.05 cm \/ 7.5 in Height:\u00a0 8.59 cm \/ 3.38 in FEATURES: Combination of three [&hellip;]<\/p>","protected":false},"author":5,"featured_media":17222,"parent":3152,"menu_order":0,"comment_status":"closed","ping_status":"closed","template":"","meta":{"footnotes":""},"categories":[39],"class_list":["post-135","page","type-page","status-publish","has-post-thumbnail","hentry","category-electronic-data-equipment"],"_links":{"self":[{"href":"https:\/\/www.cadexinc.com\/fr\/wp-json\/wp\/v2\/pages\/135","targetHints":{"allow":["GET"]}}],"collection":[{"href":"https:\/\/www.cadexinc.com\/fr\/wp-json\/wp\/v2\/pages"}],"about":[{"href":"https:\/\/www.cadexinc.com\/fr\/wp-json\/wp\/v2\/types\/page"}],"author":[{"embeddable":true,"href":"https:\/\/www.cadexinc.com\/fr\/wp-json\/wp\/v2\/users\/5"}],"replies":[{"embeddable":true,"href":"https:\/\/www.cadexinc.com\/fr\/wp-json\/wp\/v2\/comments?post=135"}],"version-history":[{"count":104,"href":"https:\/\/www.cadexinc.com\/fr\/wp-json\/wp\/v2\/pages\/135\/revisions"}],"predecessor-version":[{"id":21328,"href":"https:\/\/www.cadexinc.com\/fr\/wp-json\/wp\/v2\/pages\/135\/revisions\/21328"}],"up":[{"embeddable":true,"href":"https:\/\/www.cadexinc.com\/fr\/wp-json\/wp\/v2\/pages\/3152"}],"wp:featuredmedia":[{"embeddable":true,"href":"https:\/\/www.cadexinc.com\/fr\/wp-json\/wp\/v2\/media\/17222"}],"wp:attachment":[{"href":"https:\/\/www.cadexinc.com\/fr\/wp-json\/wp\/v2\/media?parent=135"}],"wp:term":[{"taxonomy":"category","embeddable":true,"href":"https:\/\/www.cadexinc.com\/fr\/wp-json\/wp\/v2\/categories?post=135"}],"curies":[{"name":"wp","href":"https:\/\/api.w.org\/{rel}","templated":true}]}}