{"id":133,"date":"2022-05-17T13:20:45","date_gmt":"2022-05-17T17:20:45","guid":{"rendered":"http:\/\/www.cadexinc.com\/?page_id=133"},"modified":"2026-03-24T10:27:06","modified_gmt":"2026-03-24T14:27:06","slug":"accelerometre","status":"publish","type":"page","link":"https:\/\/www.cadexinc.com\/fr\/equipement\/electronique\/accelerometre\/","title":{"rendered":"Acc\u00e9l\u00e9rom\u00e8tre"},"content":{"rendered":"<div data-elementor-type=\"wp-page\" data-elementor-id=\"133\" class=\"elementor elementor-133\">\n\t\t\t\t<div class=\"elementor-element elementor-element-f0efb83 e-flex e-con-boxed e-con e-parent\" data-id=\"f0efb83\" data-element_type=\"container\">\n\t\t\t\t\t<div class=\"e-con-inner\">\n\t\t<div class=\"elementor-element elementor-element-60d756d e-con-full e-flex e-con e-child\" data-id=\"60d756d\" data-element_type=\"container\">\n\t\t<div class=\"elementor-element elementor-element-53b96be e-con-full e-flex e-con e-child\" data-id=\"53b96be\" data-element_type=\"container\">\n\t\t<div class=\"elementor-element elementor-element-18bbc25 e-con-full equipment-main-right-block e-flex e-con e-child\" data-id=\"18bbc25\" data-element_type=\"container\">\n\t\t<div class=\"elementor-element elementor-element-d2c04b3 e-con-full e-flex e-con e-child\" data-id=\"d2c04b3\" data-element_type=\"container\">\n\t\t\t\t<div class=\"elementor-element elementor-element-00235f9 elementor-widget elementor-widget-text-editor\" data-id=\"00235f9\" data-element_type=\"widget\" data-widget_type=\"text-editor.default\">\n\t\t\t\t<div class=\"elementor-widget-container\">\n\t\t\t\t\t\t\t\t\t<p class=\"cdx-title cdx-text-align-justify\">L\u2019acc\u00e9l\u00e9rom\u00e8tre, qui mesure la d\u00e9c\u00e9l\u00e9ration, peut \u00eatre install\u00e9 au centre de gravit\u00e9 de la forme de t\u00eate.<\/p>\t\t\t\t\t\t\t\t<\/div>\n\t\t\t\t<\/div>\n\t\t\t\t<div class=\"elementor-element elementor-element-68a6977 equipment-sub-titles elementor-widget elementor-widget-heading\" data-id=\"68a6977\" data-element_type=\"widget\" data-widget_type=\"heading.default\">\n\t\t\t\t<div class=\"elementor-widget-container\">\n\t\t\t\t\t<h6 class=\"elementor-heading-title elementor-size-default\">CARACT\u00c9RISTIQUES\u202f:<\/h6>\t\t\t\t<\/div>\n\t\t\t\t<\/div>\n\t\t\t\t<div class=\"elementor-element elementor-element-f3fa993 elementor-widget elementor-widget-text-editor\" data-id=\"f3fa993\" data-element_type=\"widget\" data-widget_type=\"text-editor.default\">\n\t\t\t\t<div class=\"elementor-widget-container\">\n\t\t\t\t\t\t\t\t\t<ul class=\"special-list\">\n<li>Certificat d'\u00e9talonnage inclus<\/li>\n<li>Plage de lecture \u00b1500 Gs<\/li>\n<li>Capacit\u00e9 \u00e0 supporter jusqu'\u00e0 5000 Gs sans dommage<\/li>\n<\/ul>\t\t\t\t\t\t\t\t<\/div>\n\t\t\t\t<\/div>\n\t\t\t\t<\/div>\n\t\t\t\t<\/div>\n\t\t\t\t<\/div>\n\t\t<div class=\"elementor-element elementor-element-28e4547 e-con-full elementor-hidden-mobile e-flex e-con e-child\" data-id=\"28e4547\" data-element_type=\"container\">\n\t\t\t\t<\/div>\n\t\t\t\t<\/div>\n\t\t\t\t\t<\/div>\n\t\t\t\t<\/div>\n\t\t<div class=\"elementor-element elementor-element-944d82a e-grid e-con-boxed e-con e-parent\" data-id=\"944d82a\" data-element_type=\"container\">\n\t\t\t\t\t<div class=\"e-con-inner\">\n\t\t<div class=\"elementor-element elementor-element-020f4e3 e-con-full e-flex e-con e-child\" data-id=\"020f4e3\" data-element_type=\"container\">\n\t\t\t\t<div class=\"elementor-element elementor-element-7472726 elementor-widget elementor-widget-text-editor\" data-id=\"7472726\" data-element_type=\"widget\" data-widget_type=\"text-editor.default\">\n\t\t\t\t<div class=\"elementor-widget-container\">\n\t\t\t\t\t\t\t\t\t<div style=\"text-align: center; font-size: 16px; background-color: lightgray; padding-top: 5px; padding-bottom: 5px;\">Acc\u00e9l\u00e9rom\u00e8tre uniaxial<\/div>\t\t\t\t\t\t\t\t<\/div>\n\t\t\t\t<\/div>\n\t\t\t\t<div class=\"elementor-element elementor-element-8fe09f3 elementor-widget elementor-widget-text-editor\" data-id=\"8fe09f3\" data-element_type=\"widget\" data-widget_type=\"text-editor.default\">\n\t\t\t\t<div class=\"elementor-widget-container\">\n\t\t\t\t\t\t\t\t\t<div class=\"cdx-text-underline-space\" style=\"text-decoration: underline; text-underline-offset: 5px !important; text-align: center; font-size: 16px;\">P\/N : 200_01_AUAX<\/div>\t\t\t\t\t\t\t\t<\/div>\n\t\t\t\t<\/div>\n\t\t<div class=\"elementor-element elementor-element-60aab23 e-con-full e-grid equipment-page-multi-image-box e-con e-child\" data-id=\"60aab23\" data-element_type=\"container\">\n\t\t\t\t<div class=\"elementor-element elementor-element-adbe1d1 elementor-widget elementor-widget-image\" data-id=\"adbe1d1\" data-element_type=\"widget\" data-widget_type=\"image.default\">\n\t\t\t\t<div class=\"elementor-widget-container\">\n\t\t\t\t\t\t\t\t\t\t\t\t\t\t\t<img fetchpriority=\"high\" decoding=\"async\" width=\"395\" height=\"424\" src=\"https:\/\/www.cadexinc.com\/wp-content\/uploads\/2025\/04\/200_01_AUAXn.webp\" class=\"attachment-full size-full wp-image-18207\" alt=\"\" srcset=\"https:\/\/www.cadexinc.com\/wp-content\/uploads\/2025\/04\/200_01_AUAXn.webp 395w, https:\/\/www.cadexinc.com\/wp-content\/uploads\/2025\/04\/200_01_AUAXn-279x300.webp 279w, https:\/\/www.cadexinc.com\/wp-content\/uploads\/2025\/04\/200_01_AUAXn-11x12.webp 11w\" sizes=\"(max-width: 395px) 100vw, 395px\" \/>\t\t\t\t\t\t\t\t\t\t\t\t\t\t\t<\/div>\n\t\t\t\t<\/div>\n\t\t\t\t<\/div>\n\t\t\t\t<\/div>\n\t\t<div class=\"elementor-element elementor-element-23bc618 e-con-full e-flex e-con e-child\" data-id=\"23bc618\" data-element_type=\"container\">\n\t\t\t\t<div class=\"elementor-element elementor-element-089d17e elementor-widget elementor-widget-text-editor\" data-id=\"089d17e\" data-element_type=\"widget\" data-widget_type=\"text-editor.default\">\n\t\t\t\t<div class=\"elementor-widget-container\">\n\t\t\t\t\t\t\t\t\t<div style=\"text-align: center; font-size: 16px; background-color: lightgray; padding-top: 5px; padding-bottom: 5px;\">Acc\u00e9l\u00e9rom\u00e8tre triaxial<\/div>\t\t\t\t\t\t\t\t<\/div>\n\t\t\t\t<\/div>\n\t\t\t\t<div class=\"elementor-element elementor-element-8392ce7 elementor-widget elementor-widget-text-editor\" data-id=\"8392ce7\" data-element_type=\"widget\" data-widget_type=\"text-editor.default\">\n\t\t\t\t<div class=\"elementor-widget-container\">\n\t\t\t\t\t\t\t\t\t<div class=\"cdx-text-underline-space\" style=\"text-decoration: underline; text-underline-offset: 5px !important; text-align: center; font-size: 16px;\">P\/N : 200_01_ATAX<\/div>\t\t\t\t\t\t\t\t<\/div>\n\t\t\t\t<\/div>\n\t\t<div class=\"elementor-element elementor-element-de4ff45 e-con-full e-grid equipment-page-multi-image-box e-con e-child\" data-id=\"de4ff45\" data-element_type=\"container\">\n\t\t\t\t<div class=\"elementor-element elementor-element-df3866b elementor-widget elementor-widget-image\" data-id=\"df3866b\" data-element_type=\"widget\" data-widget_type=\"image.default\">\n\t\t\t\t<div class=\"elementor-widget-container\">\n\t\t\t\t\t\t\t\t\t\t\t\t\t\t\t<img decoding=\"async\" width=\"395\" height=\"424\" src=\"https:\/\/www.cadexinc.com\/wp-content\/uploads\/2025\/04\/200_01_ATAXn.webp\" class=\"attachment-full size-full wp-image-18206\" alt=\"\" srcset=\"https:\/\/www.cadexinc.com\/wp-content\/uploads\/2025\/04\/200_01_ATAXn.webp 395w, https:\/\/www.cadexinc.com\/wp-content\/uploads\/2025\/04\/200_01_ATAXn-279x300.webp 279w, https:\/\/www.cadexinc.com\/wp-content\/uploads\/2025\/04\/200_01_ATAXn-11x12.webp 11w\" sizes=\"(max-width: 395px) 100vw, 395px\" \/>\t\t\t\t\t\t\t\t\t\t\t\t\t\t\t<\/div>\n\t\t\t\t<\/div>\n\t\t\t\t<\/div>\n\t\t\t\t<\/div>\n\t\t<div class=\"elementor-element elementor-element-7dbd66b e-con-full e-flex e-con e-child\" data-id=\"7dbd66b\" data-element_type=\"container\">\n\t\t\t\t<div class=\"elementor-element elementor-element-27ecfb6 elementor-widget elementor-widget-text-editor\" data-id=\"27ecfb6\" data-element_type=\"widget\" data-widget_type=\"text-editor.default\">\n\t\t\t\t<div class=\"elementor-widget-container\">\n\t\t\t\t\t\t\t\t\t<div style=\"text-align: center; font-size: 16px; background-color: lightgray; padding-top: 5px; padding-bottom: 5px;\">Acc\u00e9l\u00e9rom\u00e8tre rotationnel<\/div>\t\t\t\t\t\t\t\t<\/div>\n\t\t\t\t<\/div>\n\t\t\t\t<div class=\"elementor-element elementor-element-76b859e elementor-widget elementor-widget-text-editor\" data-id=\"76b859e\" data-element_type=\"widget\" data-widget_type=\"text-editor.default\">\n\t\t\t\t<div class=\"elementor-widget-container\">\n\t\t\t\t\t\t\t\t\t<div class=\"cdx-text-underline-space\" style=\"text-decoration: underline; text-underline-offset: 5px !important; text-align: center; font-size: 16px;\">P\/N : 200_01_AROT<\/div>\t\t\t\t\t\t\t\t<\/div>\n\t\t\t\t<\/div>\n\t\t<div class=\"elementor-element elementor-element-d451139 e-con-full e-grid equipment-page-multi-image-box e-con e-child\" data-id=\"d451139\" data-element_type=\"container\">\n\t\t\t\t<div class=\"elementor-element elementor-element-5eb3675 elementor-widget elementor-widget-image\" data-id=\"5eb3675\" data-element_type=\"widget\" data-widget_type=\"image.default\">\n\t\t\t\t<div class=\"elementor-widget-container\">\n\t\t\t\t\t\t\t\t\t\t\t\t\t\t\t<img decoding=\"async\" width=\"395\" height=\"424\" src=\"https:\/\/www.cadexinc.com\/wp-content\/uploads\/2025\/04\/200_01_AROTn.webp\" class=\"attachment-full size-full wp-image-18205\" alt=\"\" srcset=\"https:\/\/www.cadexinc.com\/wp-content\/uploads\/2025\/04\/200_01_AROTn.webp 395w, https:\/\/www.cadexinc.com\/wp-content\/uploads\/2025\/04\/200_01_AROTn-279x300.webp 279w, https:\/\/www.cadexinc.com\/wp-content\/uploads\/2025\/04\/200_01_AROTn-11x12.webp 11w\" sizes=\"(max-width: 395px) 100vw, 395px\" \/>\t\t\t\t\t\t\t\t\t\t\t\t\t\t\t<\/div>\n\t\t\t\t<\/div>\n\t\t\t\t<\/div>\n\t\t\t\t<div class=\"elementor-element elementor-element-abc18e0 elementor-widget elementor-widget-text-editor\" data-id=\"abc18e0\" data-element_type=\"widget\" data-widget_type=\"text-editor.default\">\n\t\t\t\t<div class=\"elementor-widget-container\">\n\t\t\t\t\t\t\t\t\t<div style=\"color: black; text-align: center;\"><strong>C\u00e2ble int\u00e9gr\u00e9<\/strong><\/div>\t\t\t\t\t\t\t\t<\/div>\n\t\t\t\t<\/div>\n\t\t\t\t<\/div>\n\t\t\t\t\t<\/div>\n\t\t\t\t<\/div>\n\t\t\t\t<\/div>","protected":false},"excerpt":{"rendered":"<p>The accelerometer which measures the deceleration can be installed in the headform center of gravity. FEATURES: Calibration certificate included \u00b1500 Gs reading range Capacity to withstand up to 5000 Gs without damage Uniaxial accelerometerP\/N: 200_01_AUAX Triaxial accelerometerP\/N: 200_01_ATAX Rotational accelerometerP\/N: 200_01_AROT Built-in wire<\/p>","protected":false},"author":5,"featured_media":6422,"parent":3152,"menu_order":0,"comment_status":"closed","ping_status":"closed","template":"","meta":{"footnotes":""},"categories":[39],"class_list":["post-133","page","type-page","status-publish","has-post-thumbnail","hentry","category-electronic-data-equipment"],"_links":{"self":[{"href":"https:\/\/www.cadexinc.com\/fr\/wp-json\/wp\/v2\/pages\/133","targetHints":{"allow":["GET"]}}],"collection":[{"href":"https:\/\/www.cadexinc.com\/fr\/wp-json\/wp\/v2\/pages"}],"about":[{"href":"https:\/\/www.cadexinc.com\/fr\/wp-json\/wp\/v2\/types\/page"}],"author":[{"embeddable":true,"href":"https:\/\/www.cadexinc.com\/fr\/wp-json\/wp\/v2\/users\/5"}],"replies":[{"embeddable":true,"href":"https:\/\/www.cadexinc.com\/fr\/wp-json\/wp\/v2\/comments?post=133"}],"version-history":[{"count":95,"href":"https:\/\/www.cadexinc.com\/fr\/wp-json\/wp\/v2\/pages\/133\/revisions"}],"predecessor-version":[{"id":21313,"href":"https:\/\/www.cadexinc.com\/fr\/wp-json\/wp\/v2\/pages\/133\/revisions\/21313"}],"up":[{"embeddable":true,"href":"https:\/\/www.cadexinc.com\/fr\/wp-json\/wp\/v2\/pages\/3152"}],"wp:featuredmedia":[{"embeddable":true,"href":"https:\/\/www.cadexinc.com\/fr\/wp-json\/wp\/v2\/media\/6422"}],"wp:attachment":[{"href":"https:\/\/www.cadexinc.com\/fr\/wp-json\/wp\/v2\/media?parent=133"}],"wp:term":[{"taxonomy":"category","embeddable":true,"href":"https:\/\/www.cadexinc.com\/fr\/wp-json\/wp\/v2\/categories?post=133"}],"curies":[{"name":"wp","href":"https:\/\/api.w.org\/{rel}","templated":true}]}}