{"id":129,"date":"2022-05-17T13:19:40","date_gmt":"2022-05-17T17:19:40","guid":{"rendered":"http:\/\/www.cadexinc.com\/?page_id=129"},"modified":"2026-03-24T10:24:16","modified_gmt":"2026-03-24T14:24:16","slug":"logiciel-cadex","status":"publish","type":"page","link":"https:\/\/www.cadexinc.com\/fr\/equipement\/electronique\/logiciel-cadex\/","title":{"rendered":"Logiciel Cadex"},"content":{"rendered":"<div data-elementor-type=\"wp-page\" data-elementor-id=\"129\" class=\"elementor elementor-129\">\n\t\t\t\t<div class=\"elementor-element elementor-element-59020f6 e-flex e-con-boxed e-con e-parent\" data-id=\"59020f6\" data-element_type=\"container\">\n\t\t\t\t\t<div class=\"e-con-inner\">\n\t\t<div class=\"elementor-element elementor-element-9794d8a e-con-full e-flex e-con e-child\" data-id=\"9794d8a\" data-element_type=\"container\">\n\t\t<div class=\"elementor-element elementor-element-8866095 e-con-full e-flex e-con e-child\" data-id=\"8866095\" data-element_type=\"container\">\n\t\t<div class=\"elementor-element elementor-element-ae15076 e-con-full equipment-main-right-block e-flex e-con e-child\" data-id=\"ae15076\" data-element_type=\"container\">\n\t\t<div class=\"elementor-element elementor-element-aac64f1 e-con-full e-flex e-con e-child\" data-id=\"aac64f1\" data-element_type=\"container\">\n\t\t\t\t<div class=\"elementor-element elementor-element-641306c elementor-widget elementor-widget-text-editor\" data-id=\"641306c\" data-element_type=\"widget\" data-widget_type=\"text-editor.default\">\n\t\t\t\t<div class=\"elementor-widget-container\">\n\t\t\t\t\t\t\t\t\t<p class=\"cdx-title cdx-text-align-justify\">Fonctionnant sous Windows 10\/11, le logiciel Cadex assiste le technicien en g\u00e9rant les r\u00e9sultats obtenus \u00e0 partir de la grande majorit\u00e9 de nos \u00e9quipements. La motorisation de la machine peut \u00eatre contr\u00f4l\u00e9e via un clavier virtuel.<\/p>\t\t\t\t\t\t\t\t<\/div>\n\t\t\t\t<\/div>\n\t\t\t\t<div class=\"elementor-element elementor-element-69de59e equipment-sub-titles elementor-widget elementor-widget-heading\" data-id=\"69de59e\" data-element_type=\"widget\" data-widget_type=\"heading.default\">\n\t\t\t\t<div class=\"elementor-widget-container\">\n\t\t\t\t\t<h6 class=\"elementor-heading-title elementor-size-default\">CARACT\u00c9RISTIQUES\u202f:<\/h6>\t\t\t\t<\/div>\n\t\t\t\t<\/div>\n\t\t\t\t<div class=\"elementor-element elementor-element-5bc3a99 elementor-widget elementor-widget-text-editor\" data-id=\"5bc3a99\" data-element_type=\"widget\" data-widget_type=\"text-editor.default\">\n\t\t\t\t<div class=\"elementor-widget-container\">\n\t\t\t\t\t\t\t\t\t<ul class=\"special-list\">\n<li>Over 27 years of continued improvement<\/li>\n<li>Interface utilisateur conviviale<\/li>\n<li>Applications personnalisables<\/li>\n<li>Produire des rapports faciles \u00e0 lire<\/li>\n<li>Comprend une t\u00e9l\u00e9commande virtuelle<\/li>\n<li>Extraction facile des donn\u00e9es vers Microsoft Excel<\/li>\n<\/ul>\t\t\t\t\t\t\t\t<\/div>\n\t\t\t\t<\/div>\n\t\t\t\t<\/div>\n\t\t\t\t<\/div>\n\t\t\t\t<\/div>\n\t\t<div class=\"elementor-element elementor-element-e81e752 e-con-full e-flex e-con e-child\" data-id=\"e81e752\" data-element_type=\"container\">\n\t\t\t\t<div class=\"elementor-element elementor-element-c286be6 equipment-sub-titles elementor-widget__width-inherit elementor-widget elementor-widget-heading\" data-id=\"c286be6\" data-element_type=\"widget\" data-widget_type=\"heading.default\">\n\t\t\t\t<div class=\"elementor-widget-container\">\n\t\t\t\t\t<h6 class=\"elementor-heading-title elementor-size-default\">CANDIDATURES :<\/h6>\t\t\t\t<\/div>\n\t\t\t\t<\/div>\n\t\t\t\t<div class=\"elementor-element elementor-element-b76b21e elementor-widget__width-inherit elementor-widget elementor-widget-text-editor\" data-id=\"b76b21e\" data-element_type=\"widget\" data-widget_type=\"text-editor.default\">\n\t\t\t\t<div class=\"elementor-widget-container\">\n\t\t\t\t\t\t\t\t\t<ul class=\"special-list\">\n<li>Machines d'essai d'impact uniaxial<\/li>\n<li>Machines d'essai d'impact triaxial<\/li>\n<li>Machines d'essai d'impact de rotation<\/li>\n<li>Machines \u00e0 mentonni\u00e8re<\/li>\n<li>Machines pour la barre du menton<\/li>\n<li>Machines de p\u00e9n\u00e9tration<\/li>\n<li>Produits v\u00e9locim\u00e9triques<\/li>\n<li>Distribution de la force (cellule de charge)<\/li>\n<li>Et d'autres<\/li>\n<\/ul>\t\t\t\t\t\t\t\t<\/div>\n\t\t\t\t<\/div>\n\t\t\t\t<\/div>\n\t\t\t\t<\/div>\n\t\t\t\t\t<\/div>\n\t\t\t\t<\/div>\n\t\t<div class=\"elementor-element elementor-element-e0fc010 e-flex e-con-boxed e-con e-parent\" data-id=\"e0fc010\" data-element_type=\"container\">\n\t\t\t\t\t<div class=\"e-con-inner\">\n\t\t<div class=\"elementor-element elementor-element-19c6b05 e-con-full e-grid equipment-page-multi-image-box e-con e-child\" data-id=\"19c6b05\" data-element_type=\"container\">\n\t\t\t\t<div class=\"elementor-element elementor-element-935378e elementor-widget elementor-widget-image\" data-id=\"935378e\" data-element_type=\"widget\" data-widget_type=\"image.default\">\n\t\t\t\t<div class=\"elementor-widget-container\">\n\t\t\t\t\t\t\t\t\t\t\t\t<figure class=\"wp-caption\">\n\t\t\t\t\t\t\t\t\t\t<img fetchpriority=\"high\" decoding=\"async\" width=\"775\" height=\"1024\" src=\"https:\/\/www.cadexinc.com\/wp-content\/uploads\/2023\/06\/rapport_last-775x1024.webp\" class=\"attachment-large size-large wp-image-11677\" alt=\"\" srcset=\"https:\/\/www.cadexinc.com\/wp-content\/uploads\/2023\/06\/rapport_last-775x1024.webp 775w, https:\/\/www.cadexinc.com\/wp-content\/uploads\/2023\/06\/rapport_last-227x300.webp 227w, https:\/\/www.cadexinc.com\/wp-content\/uploads\/2023\/06\/rapport_last-768x1015.webp 768w, https:\/\/www.cadexinc.com\/wp-content\/uploads\/2023\/06\/rapport_last-1162x1536.webp 1162w, https:\/\/www.cadexinc.com\/wp-content\/uploads\/2023\/06\/rapport_last-416x550.webp 416w, https:\/\/www.cadexinc.com\/wp-content\/uploads\/2023\/06\/rapport_last.webp 1513w\" sizes=\"(max-width: 775px) 100vw, 775px\" \/>\t\t\t\t\t\t\t\t\t\t\t<figcaption class=\"widget-image-caption wp-caption-text\">Exemple de rapports produits.<\/figcaption>\n\t\t\t\t\t\t\t\t\t\t<\/figure>\n\t\t\t\t\t\t\t\t\t<\/div>\n\t\t\t\t<\/div>\n\t\t\t\t<div class=\"elementor-element elementor-element-e20a24d elementor-widget elementor-widget-image\" data-id=\"e20a24d\" data-element_type=\"widget\" data-widget_type=\"image.default\">\n\t\t\t\t<div class=\"elementor-widget-container\">\n\t\t\t\t\t\t\t\t\t\t\t\t<figure class=\"wp-caption\">\n\t\t\t\t\t\t\t\t\t\t<img decoding=\"async\" width=\"980\" height=\"531\" src=\"https:\/\/www.cadexinc.com\/wp-content\/uploads\/2022\/11\/Impact-Trix-1024x555.png\" class=\"attachment-large size-large wp-image-6413\" alt=\"\" srcset=\"https:\/\/www.cadexinc.com\/wp-content\/uploads\/2022\/11\/Impact-Trix-1024x555.png 1024w, https:\/\/www.cadexinc.com\/wp-content\/uploads\/2022\/11\/Impact-Trix-300x162.png 300w, https:\/\/www.cadexinc.com\/wp-content\/uploads\/2022\/11\/Impact-Trix-768x416.png 768w, https:\/\/www.cadexinc.com\/wp-content\/uploads\/2022\/11\/Impact-Trix-1536x832.png 1536w, https:\/\/www.cadexinc.com\/wp-content\/uploads\/2022\/11\/Impact-Trix-416x225.png 416w, https:\/\/www.cadexinc.com\/wp-content\/uploads\/2022\/11\/Impact-Trix.png 1924w\" sizes=\"(max-width: 980px) 100vw, 980px\" \/>\t\t\t\t\t\t\t\t\t\t\t<figcaption class=\"widget-image-caption wp-caption-text\">Interface typique du logiciel.<\/figcaption>\n\t\t\t\t\t\t\t\t\t\t<\/figure>\n\t\t\t\t\t\t\t\t\t<\/div>\n\t\t\t\t<\/div>\n\t\t\t\t<div class=\"elementor-element elementor-element-970ecfc elementor-widget elementor-widget-image\" data-id=\"970ecfc\" data-element_type=\"widget\" data-widget_type=\"image.default\">\n\t\t\t\t<div class=\"elementor-widget-container\">\n\t\t\t\t\t\t\t\t\t\t\t\t<figure class=\"wp-caption\">\n\t\t\t\t\t\t\t\t\t\t<img decoding=\"async\" width=\"918\" height=\"936\" src=\"https:\/\/www.cadexinc.com\/wp-content\/uploads\/2022\/11\/impact-setup.jpg\" class=\"attachment-large size-large wp-image-6410\" alt=\"\" srcset=\"https:\/\/www.cadexinc.com\/wp-content\/uploads\/2022\/11\/impact-setup.jpg 918w, https:\/\/www.cadexinc.com\/wp-content\/uploads\/2022\/11\/impact-setup-294x300.jpg 294w, https:\/\/www.cadexinc.com\/wp-content\/uploads\/2022\/11\/impact-setup-768x783.jpg 768w, https:\/\/www.cadexinc.com\/wp-content\/uploads\/2022\/11\/impact-setup-416x424.jpg 416w, https:\/\/www.cadexinc.com\/wp-content\/uploads\/2022\/11\/impact-setup-50x50.jpg 50w\" sizes=\"(max-width: 918px) 100vw, 918px\" \/>\t\t\t\t\t\t\t\t\t\t\t<figcaption class=\"widget-image-caption wp-caption-text\">Outils int\u00e9gr\u00e9s personnalisables.<\/figcaption>\n\t\t\t\t\t\t\t\t\t\t<\/figure>\n\t\t\t\t\t\t\t\t\t<\/div>\n\t\t\t\t<\/div>\n\t\t\t\t<\/div>\n\t\t\t\t\t<\/div>\n\t\t\t\t<\/div>\n\t\t\t\t<\/div>","protected":false},"excerpt":{"rendered":"<p>Using Windows 10\/11, the Cadex software assists the technician by managing results obtained from the vast majority of our equipments. The machine\u2019s motorization can be controlled via the virtual keypad. FEATURES: Over 27 years of continued improvement Friendly user interface Customizable applications Produces easy to read reports Includes virtual remote control Easy data extraction to [&hellip;]<\/p>","protected":false},"author":5,"featured_media":6410,"parent":3152,"menu_order":0,"comment_status":"closed","ping_status":"closed","template":"","meta":{"footnotes":""},"categories":[39],"class_list":["post-129","page","type-page","status-publish","has-post-thumbnail","hentry","category-electronic-data-equipment"],"_links":{"self":[{"href":"https:\/\/www.cadexinc.com\/fr\/wp-json\/wp\/v2\/pages\/129","targetHints":{"allow":["GET"]}}],"collection":[{"href":"https:\/\/www.cadexinc.com\/fr\/wp-json\/wp\/v2\/pages"}],"about":[{"href":"https:\/\/www.cadexinc.com\/fr\/wp-json\/wp\/v2\/types\/page"}],"author":[{"embeddable":true,"href":"https:\/\/www.cadexinc.com\/fr\/wp-json\/wp\/v2\/users\/5"}],"replies":[{"embeddable":true,"href":"https:\/\/www.cadexinc.com\/fr\/wp-json\/wp\/v2\/comments?post=129"}],"version-history":[{"count":149,"href":"https:\/\/www.cadexinc.com\/fr\/wp-json\/wp\/v2\/pages\/129\/revisions"}],"predecessor-version":[{"id":21310,"href":"https:\/\/www.cadexinc.com\/fr\/wp-json\/wp\/v2\/pages\/129\/revisions\/21310"}],"up":[{"embeddable":true,"href":"https:\/\/www.cadexinc.com\/fr\/wp-json\/wp\/v2\/pages\/3152"}],"wp:featuredmedia":[{"embeddable":true,"href":"https:\/\/www.cadexinc.com\/fr\/wp-json\/wp\/v2\/media\/6410"}],"wp:attachment":[{"href":"https:\/\/www.cadexinc.com\/fr\/wp-json\/wp\/v2\/media?parent=129"}],"wp:term":[{"taxonomy":"category","embeddable":true,"href":"https:\/\/www.cadexinc.com\/fr\/wp-json\/wp\/v2\/categories?post=129"}],"curies":[{"name":"wp","href":"https:\/\/api.w.org\/{rel}","templated":true}]}}