{"id":127,"date":"2022-05-17T13:19:01","date_gmt":"2022-05-17T17:19:01","guid":{"rendered":"http:\/\/www.cadexinc.com\/?page_id=127"},"modified":"2026-03-24T10:57:52","modified_gmt":"2026-03-24T14:57:52","slug":"acquisition","status":"publish","type":"page","link":"https:\/\/www.cadexinc.com\/fr\/equipement\/electronique\/acquisition\/","title":{"rendered":"CCS &amp; carte d\u2019acquisition \u2013 mod\u00e8le discontinu\u00e9"},"content":{"rendered":"<div data-elementor-type=\"wp-page\" data-elementor-id=\"127\" class=\"elementor elementor-127\">\n\t\t\t\t<div class=\"elementor-element elementor-element-07c0af8 e-flex e-con-boxed e-con e-parent\" data-id=\"07c0af8\" data-element_type=\"container\">\n\t\t\t\t\t<div class=\"e-con-inner\">\n\t\t\t\t<div class=\"elementor-element elementor-element-9d815b6 elementor-widget elementor-widget-text-editor\" data-id=\"9d815b6\" data-element_type=\"widget\" data-widget_type=\"text-editor.default\">\n\t\t\t\t<div class=\"elementor-widget-container\">\n\t\t\t\t\t\t\t\t\t<p class=\"cdx-title\">Le syst\u00e8me d\u2019acquisition collecte les r\u00e9sultats des tests et transf\u00e8re les donn\u00e9es vers l\u2019ordinateur.<\/p>\t\t\t\t\t\t\t\t<\/div>\n\t\t\t\t<\/div>\n\t\t\t\t\t<\/div>\n\t\t\t\t<\/div>\n\t\t<div class=\"elementor-element elementor-element-b82ea18 e-flex e-con-boxed e-con e-parent\" data-id=\"b82ea18\" data-element_type=\"container\">\n\t\t\t\t\t<div class=\"e-con-inner\">\n\t\t<div class=\"elementor-element elementor-element-5f0f80a e-con-full e-flex e-con e-child\" data-id=\"5f0f80a\" data-element_type=\"container\">\n\t\t<div class=\"elementor-element elementor-element-38dd47b e-con-full equipment-main-right-block e-flex e-con e-child\" data-id=\"38dd47b\" data-element_type=\"container\">\n\t\t<div class=\"elementor-element elementor-element-7c17d83 e-con-full e-flex e-con e-child\" data-id=\"7c17d83\" data-element_type=\"container\">\n\t\t\t\t<div class=\"elementor-element elementor-element-f3535e3 equipment-sub-titles elementor-widget elementor-widget-heading\" data-id=\"f3535e3\" data-element_type=\"widget\" data-widget_type=\"heading.default\">\n\t\t\t\t<div class=\"elementor-widget-container\">\n\t\t\t\t\t<h1 class=\"elementor-heading-title elementor-size-default\">Syst\u00e8me de contr\u00f4le central<\/h1>\t\t\t\t<\/div>\n\t\t\t\t<\/div>\n\t\t\t\t<div class=\"elementor-element elementor-element-a834e3e equipment-sub-titles elementor-widget elementor-widget-heading\" data-id=\"a834e3e\" data-element_type=\"widget\" data-widget_type=\"heading.default\">\n\t\t\t\t<div class=\"elementor-widget-container\">\n\t\t\t\t\t<h6 class=\"elementor-heading-title elementor-size-default\">P\/N : 200_03_CCSB<\/h6>\t\t\t\t<\/div>\n\t\t\t\t<\/div>\n\t\t\t\t<div class=\"elementor-element elementor-element-53b1dad equipment-sub-titles elementor-widget elementor-widget-heading\" data-id=\"53b1dad\" data-element_type=\"widget\" data-widget_type=\"heading.default\">\n\t\t\t\t<div class=\"elementor-widget-container\">\n\t\t\t\t\t<h6 class=\"elementor-heading-title elementor-size-default\">EXIGENCES\u202f:<\/h6>\t\t\t\t<\/div>\n\t\t\t\t<\/div>\n\t\t\t\t<div class=\"elementor-element elementor-element-2c32641 elementor-widget elementor-widget-text-editor\" data-id=\"2c32641\" data-element_type=\"widget\" data-widget_type=\"text-editor.default\">\n\t\t\t\t<div class=\"elementor-widget-container\">\n\t\t\t\t\t\t\t\t\t<ul class=\"special-list\">\n \t<li>Power: either 110v and 220v &#8211; 50\/60 Hz (depending on where it will be used)<\/li>\n<\/ul>\t\t\t\t\t\t\t\t<\/div>\n\t\t\t\t<\/div>\n\t\t\t\t<div class=\"elementor-element elementor-element-cc4ec48 equipment-sub-titles elementor-widget elementor-widget-heading\" data-id=\"cc4ec48\" data-element_type=\"widget\" data-widget_type=\"heading.default\">\n\t\t\t\t<div class=\"elementor-widget-container\">\n\t\t\t\t\t<h6 class=\"elementor-heading-title elementor-size-default\">CARACT\u00c9RISTIQUES\u202f:<\/h6>\t\t\t\t<\/div>\n\t\t\t\t<\/div>\n\t\t\t\t<div class=\"elementor-element elementor-element-51cf8aa elementor-widget elementor-widget-text-editor\" data-id=\"51cf8aa\" data-element_type=\"widget\" data-widget_type=\"text-editor.default\">\n\t\t\t\t<div class=\"elementor-widget-container\">\n\t\t\t\t\t\t\t\t\t<ul class=\"special-list\">\n<li>Certificat d'\u00e9talonnage inclus<\/li>\n<li>Plage de mesure : \u00b1500g<\/li>\n<li>Conforme aux exigences SAE J211 et ISO 6487.<\/li>\n<\/ul>\t\t\t\t\t\t\t\t<\/div>\n\t\t\t\t<\/div>\n\t\t\t\t<\/div>\n\t\t\t\t<\/div>\n\t\t\t\t<\/div>\n\t\t<div class=\"elementor-element elementor-element-4838156 e-con-full e-flex e-con e-child\" data-id=\"4838156\" data-element_type=\"container\">\n\t\t\t\t<div class=\"elementor-element elementor-element-9d12c3a elementor-hidden-mobile elementor-widget elementor-widget-image\" data-id=\"9d12c3a\" data-element_type=\"widget\" data-widget_type=\"image.default\">\n\t\t\t\t<div class=\"elementor-widget-container\">\n\t\t\t\t\t\t\t\t\t\t\t\t\t\t\t<img fetchpriority=\"high\" decoding=\"async\" width=\"521\" height=\"800\" src=\"https:\/\/www.cadexinc.com\/wp-content\/uploads\/2025\/03\/CCS_main.webp\" class=\"attachment-full size-full wp-image-17469\" alt=\"\" srcset=\"https:\/\/www.cadexinc.com\/wp-content\/uploads\/2025\/03\/CCS_main.webp 521w, https:\/\/www.cadexinc.com\/wp-content\/uploads\/2025\/03\/CCS_main-195x300.webp 195w, https:\/\/www.cadexinc.com\/wp-content\/uploads\/2025\/03\/CCS_main-8x12.webp 8w, https:\/\/www.cadexinc.com\/wp-content\/uploads\/2025\/03\/CCS_main-416x639.webp 416w\" sizes=\"(max-width: 521px) 100vw, 521px\" \/>\t\t\t\t\t\t\t\t\t\t\t\t\t\t\t<\/div>\n\t\t\t\t<\/div>\n\t\t\t\t<\/div>\n\t\t\t\t\t<\/div>\n\t\t\t\t<\/div>\n\t\t<div class=\"elementor-element elementor-element-19b2dac e-flex e-con-boxed e-con e-parent\" data-id=\"19b2dac\" data-element_type=\"container\">\n\t\t\t\t\t<div class=\"e-con-inner\">\n\t\t\t\t<div class=\"elementor-element elementor-element-a6915c0 elementor-widget-divider--view-line elementor-widget elementor-widget-divider\" data-id=\"a6915c0\" data-element_type=\"widget\" data-widget_type=\"divider.default\">\n\t\t\t\t<div class=\"elementor-widget-container\">\n\t\t\t\t\t\t\t<div class=\"elementor-divider\">\n\t\t\t<span class=\"elementor-divider-separator\">\n\t\t\t\t\t\t<\/span>\n\t\t<\/div>\n\t\t\t\t\t\t<\/div>\n\t\t\t\t<\/div>\n\t\t\t\t\t<\/div>\n\t\t\t\t<\/div>\n\t\t<div class=\"elementor-element elementor-element-3f198d1 e-flex e-con-boxed e-con e-parent\" data-id=\"3f198d1\" data-element_type=\"container\">\n\t\t\t\t\t<div class=\"e-con-inner\">\n\t\t<div class=\"elementor-element elementor-element-bcda756 e-con-full e-flex e-con e-child\" data-id=\"bcda756\" data-element_type=\"container\">\n\t\t<div class=\"elementor-element elementor-element-66d949c e-con-full equipment-main-right-block e-flex e-con e-child\" data-id=\"66d949c\" data-element_type=\"container\">\n\t\t<div class=\"elementor-element elementor-element-060b53b e-con-full e-flex e-con e-child\" data-id=\"060b53b\" data-element_type=\"container\">\n\t\t\t\t<div class=\"elementor-element elementor-element-3b04b4b equipment-sub-titles elementor-widget elementor-widget-heading\" data-id=\"3b04b4b\" data-element_type=\"widget\" data-widget_type=\"heading.default\">\n\t\t\t\t<div class=\"elementor-widget-container\">\n\t\t\t\t\t<h1 class=\"elementor-heading-title elementor-size-default\">Carte d'acquisition<\/h1>\t\t\t\t<\/div>\n\t\t\t\t<\/div>\n\t\t\t\t<div class=\"elementor-element elementor-element-36d8d21 equipment-sub-titles elementor-widget elementor-widget-heading\" data-id=\"36d8d21\" data-element_type=\"widget\" data-widget_type=\"heading.default\">\n\t\t\t\t<div class=\"elementor-widget-container\">\n\t\t\t\t\t<h6 class=\"elementor-heading-title elementor-size-default\">P\/N : 200_04_ACQC<\/h6>\t\t\t\t<\/div>\n\t\t\t\t<\/div>\n\t\t\t\t<div class=\"elementor-element elementor-element-e3d31fd equipment-sub-titles elementor-widget elementor-widget-heading\" data-id=\"e3d31fd\" data-element_type=\"widget\" data-widget_type=\"heading.default\">\n\t\t\t\t<div class=\"elementor-widget-container\">\n\t\t\t\t\t<h6 class=\"elementor-heading-title elementor-size-default\">CARACT\u00c9RISTIQUES\u202f:<\/h6>\t\t\t\t<\/div>\n\t\t\t\t<\/div>\n\t\t\t\t<div class=\"elementor-element elementor-element-46218d2 elementor-widget elementor-widget-text-editor\" data-id=\"46218d2\" data-element_type=\"widget\" data-widget_type=\"text-editor.default\">\n\t\t\t\t<div class=\"elementor-widget-container\">\n\t\t\t\t\t\t\t\t\t<ul class=\"special-list\">\n<li>A connecter au port PCI de l'ordinateur<\/li>\n<li>Fournit une fr\u00e9quence d'acquisition pertinente<\/li>\n<li>Carte d'acquisition PCI 6320E pour la communication DAQ<\/li>\n<\/ul>\t\t\t\t\t\t\t\t<\/div>\n\t\t\t\t<\/div>\n\t\t\t\t<\/div>\n\t\t\t\t<\/div>\n\t\t\t\t<\/div>\n\t\t<div class=\"elementor-element elementor-element-cd32e0d e-con-full e-flex e-con e-child\" data-id=\"cd32e0d\" data-element_type=\"container\">\n\t\t\t\t<div class=\"elementor-element elementor-element-48ecad8 elementor-hidden-mobile elementor-widget elementor-widget-image\" data-id=\"48ecad8\" data-element_type=\"widget\" data-widget_type=\"image.default\">\n\t\t\t\t<div class=\"elementor-widget-container\">\n\t\t\t\t\t\t\t\t\t\t\t\t\t\t\t<img decoding=\"async\" width=\"1500\" height=\"994\" src=\"https:\/\/www.cadexinc.com\/wp-content\/uploads\/2025\/03\/AcquisitionCard_main.webp\" class=\"attachment-full size-full wp-image-17468\" alt=\"\" srcset=\"https:\/\/www.cadexinc.com\/wp-content\/uploads\/2025\/03\/AcquisitionCard_main.webp 1500w, https:\/\/www.cadexinc.com\/wp-content\/uploads\/2025\/03\/AcquisitionCard_main-300x199.webp 300w, https:\/\/www.cadexinc.com\/wp-content\/uploads\/2025\/03\/AcquisitionCard_main-1024x679.webp 1024w, https:\/\/www.cadexinc.com\/wp-content\/uploads\/2025\/03\/AcquisitionCard_main-768x509.webp 768w, https:\/\/www.cadexinc.com\/wp-content\/uploads\/2025\/03\/AcquisitionCard_main-18x12.webp 18w, https:\/\/www.cadexinc.com\/wp-content\/uploads\/2025\/03\/AcquisitionCard_main-416x276.webp 416w\" sizes=\"(max-width: 1500px) 100vw, 1500px\" \/>\t\t\t\t\t\t\t\t\t\t\t\t\t\t\t<\/div>\n\t\t\t\t<\/div>\n\t\t\t\t<\/div>\n\t\t\t\t\t<\/div>\n\t\t\t\t<\/div>\n\t\t\t\t<\/div>","protected":false},"excerpt":{"rendered":"<p>The acquisition collects test results and transfers data to the computer Control Center System P\/N: 200_03_CCSB REQUIREMENTS: Power: either 110v and 220v &#8211; 50\/60 Hz (depending on where it will be used) FEATURES: Calibration certificate included Measurement range: \u00b1500g Complies with SAE J211 and ISO 6487 requirements. Acquisition Card P\/N: 200_04_ACQC FEATURES: To be connected [&hellip;]<\/p>","protected":false},"author":5,"featured_media":17469,"parent":3152,"menu_order":0,"comment_status":"closed","ping_status":"closed","template":"","meta":{"footnotes":""},"categories":[39],"class_list":["post-127","page","type-page","status-publish","has-post-thumbnail","hentry","category-electronic-data-equipment"],"_links":{"self":[{"href":"https:\/\/www.cadexinc.com\/fr\/wp-json\/wp\/v2\/pages\/127","targetHints":{"allow":["GET"]}}],"collection":[{"href":"https:\/\/www.cadexinc.com\/fr\/wp-json\/wp\/v2\/pages"}],"about":[{"href":"https:\/\/www.cadexinc.com\/fr\/wp-json\/wp\/v2\/types\/page"}],"author":[{"embeddable":true,"href":"https:\/\/www.cadexinc.com\/fr\/wp-json\/wp\/v2\/users\/5"}],"replies":[{"embeddable":true,"href":"https:\/\/www.cadexinc.com\/fr\/wp-json\/wp\/v2\/comments?post=127"}],"version-history":[{"count":116,"href":"https:\/\/www.cadexinc.com\/fr\/wp-json\/wp\/v2\/pages\/127\/revisions"}],"predecessor-version":[{"id":21337,"href":"https:\/\/www.cadexinc.com\/fr\/wp-json\/wp\/v2\/pages\/127\/revisions\/21337"}],"up":[{"embeddable":true,"href":"https:\/\/www.cadexinc.com\/fr\/wp-json\/wp\/v2\/pages\/3152"}],"wp:featuredmedia":[{"embeddable":true,"href":"https:\/\/www.cadexinc.com\/fr\/wp-json\/wp\/v2\/media\/17469"}],"wp:attachment":[{"href":"https:\/\/www.cadexinc.com\/fr\/wp-json\/wp\/v2\/media?parent=127"}],"wp:term":[{"taxonomy":"category","embeddable":true,"href":"https:\/\/www.cadexinc.com\/fr\/wp-json\/wp\/v2\/categories?post=127"}],"curies":[{"name":"wp","href":"https:\/\/api.w.org\/{rel}","templated":true}]}}