{"id":125,"date":"2022-05-17T13:16:43","date_gmt":"2022-05-17T17:16:43","guid":{"rendered":"http:\/\/www.cadexinc.com\/?page_id=125"},"modified":"2026-03-18T15:06:50","modified_gmt":"2026-03-18T19:06:50","slug":"canon-a-air-non-letal","status":"publish","type":"page","link":"https:\/\/www.cadexinc.com\/fr\/equipement\/machines\/canon\/canon-a-air-non-letal\/","title":{"rendered":"Canon \u00e0 air non l\u00e9tal"},"content":{"rendered":"<div data-elementor-type=\"wp-page\" data-elementor-id=\"125\" class=\"elementor elementor-125\">\n\t\t\t\t<div class=\"elementor-element elementor-element-1b81bc17 elementor-hidden-desktop elementor-hidden-tablet e-flex e-con-boxed e-con e-parent\" data-id=\"1b81bc17\" data-element_type=\"container\">\n\t\t\t\t\t<div class=\"e-con-inner\">\n\t\t<div class=\"elementor-element elementor-element-c63fc1f e-con-full e-flex e-con e-child\" data-id=\"c63fc1f\" data-element_type=\"container\">\n\t\t\t\t<div class=\"elementor-element elementor-element-b386a8e elementor-widget elementor-widget-html\" data-id=\"b386a8e\" data-element_type=\"widget\" data-widget_type=\"html.default\">\n\t\t\t\t<div class=\"elementor-widget-container\">\n\t\t\t\t\t<!-- vision begin -->\n<div class=\"vision-map vision-map-17\"data-json-src=\"https:\/\/www.cadexinc.com\/wp-content\/uploads\/vision\/17\/config.json?ver=1741120391\" data-item-id=\"17\" tabindex=\"1\" style=\"display:none;\" >\n<div class=\"vision-store\">\n<div class=\"vision-layers-data\">\n<div class=\"vision-layer\" data-layer-id=\"411a50fc\"><\/div>\n<div class=\"vision-layer\" data-layer-id=\"b0bd02c6\"><\/div>\n<div class=\"vision-layer\" data-layer-id=\"bac0b5a9\"><\/div>\n<div class=\"vision-layer\" data-layer-id=\"d88ae5f2\"><\/div>\n<div class=\"vision-layer\" data-layer-id=\"6ac62315\"><\/div>\n<div class=\"vision-layer\" data-layer-id=\"c7d3afae\"><\/div>\n<\/div>\n<div class=\"vision-tooltips-data\">\n<div class=\"vision-data\" data-layer-id=\"411a50fc\"><p>V\u00e9locim\u00e8tre amovible (timegate) pour calibrage p\u00e9riodique<\/p><\/div>\n<div class=\"vision-data\" data-layer-id=\"b0bd02c6\"><p>Canons interchangeables<\/p><\/div>\n<div class=\"vision-data\" data-layer-id=\"bac0b5a9\"><p>Bouton d'arr\u00eat d'urgence<\/p><\/div>\n<div class=\"vision-data\" data-layer-id=\"d88ae5f2\"><p>Laser \u00e0 r\u00e9ticule<\/p><\/div>\n<div class=\"vision-data\" data-layer-id=\"6ac62315\"><p>Tr\u00e9pied amovible<\/p><\/div>\n<div class=\"vision-data\" data-layer-id=\"c7d3afae\"><p>Utilise de l'air comprim\u00e9<\/p><\/div>\n<\/div>\n<div class=\"vision-popovers-data\">\n<div class=\"vision-data\" data-layer-id=\"411a50fc\"><\/div>\n<div class=\"vision-data\" data-layer-id=\"b0bd02c6\"><\/div>\n<div class=\"vision-data\" data-layer-id=\"bac0b5a9\"><\/div>\n<div class=\"vision-data\" data-layer-id=\"d88ae5f2\"><\/div>\n<div class=\"vision-data\" data-layer-id=\"6ac62315\"><\/div>\n<div class=\"vision-data\" data-layer-id=\"c7d3afae\"><\/div>\n<\/div>\n<\/div>\n<\/div>\n<!-- vision end -->\n\t\t\t\t<\/div>\n\t\t\t\t<\/div>\n\t\t\t\t<\/div>\n\t\t\t\t\t<\/div>\n\t\t\t\t<\/div>\n\t\t<div class=\"elementor-element elementor-element-e1dd7e0 e-flex e-con-boxed e-con e-parent\" data-id=\"e1dd7e0\" data-element_type=\"container\">\n\t\t\t\t\t<div class=\"e-con-inner\">\n\t\t<div class=\"elementor-element elementor-element-ca6c8ac e-con-full e-flex e-con e-child\" data-id=\"ca6c8ac\" data-element_type=\"container\">\n\t\t<div class=\"elementor-element elementor-element-e84f745 e-con-full e-flex e-con e-child\" data-id=\"e84f745\" data-element_type=\"container\">\n\t\t<div class=\"elementor-element elementor-element-e3600f8 e-con-full e-flex e-con e-child\" data-id=\"e3600f8\" data-element_type=\"container\">\n\t\t<div class=\"elementor-element elementor-element-660d6ed e-con-full equipment-main-right-block e-flex e-con e-child\" data-id=\"660d6ed\" data-element_type=\"container\">\n\t\t<div class=\"elementor-element elementor-element-206c834 e-con-full e-flex e-con e-child\" data-id=\"206c834\" data-element_type=\"container\">\n\t\t\t\t<div class=\"elementor-element elementor-element-3e5104f elementor-widget elementor-widget-text-editor\" data-id=\"3e5104f\" data-element_type=\"widget\" data-widget_type=\"text-editor.default\">\n\t\t\t\t<div class=\"elementor-widget-container\">\n\t\t\t\t\t\t\t\t\t<p class=\"cdx-title cdx-text-align-justify\">Le canon \u00e0 air non l\u00e9tal Cadex est con\u00e7u et fabriqu\u00e9 pour tester les gilets pare\u2011balles destin\u00e9s aux forces de l\u2019ordre et aux applications militaires. Les canons se remplacent rapidement afin de permettre l\u2019essai de plusieurs types de projectiles. L\u2019unit\u00e9 est portable, adapt\u00e9e aussi bien aux essais en laboratoire qu\u2019aux tests \u201csur le terrain\u201d.<\/p>\t\t\t\t\t\t\t\t<\/div>\n\t\t\t\t<\/div>\n\t\t\t\t<div class=\"elementor-element elementor-element-107ea81 equipment-sub-titles elementor-widget elementor-widget-heading\" data-id=\"107ea81\" data-element_type=\"widget\" data-widget_type=\"heading.default\">\n\t\t\t\t<div class=\"elementor-widget-container\">\n\t\t\t\t\t<h6 class=\"elementor-heading-title elementor-size-default\">DIMENSIONS (APPROX.) :<\/h6>\t\t\t\t<\/div>\n\t\t\t\t<\/div>\n\t\t\t\t<div class=\"elementor-element elementor-element-1784ef7 elementor-widget elementor-widget-text-editor\" data-id=\"1784ef7\" data-element_type=\"widget\" data-widget_type=\"text-editor.default\">\n\t\t\t\t<div class=\"elementor-widget-container\">\n\t\t\t\t\t\t\t\t\t<ul class=\"special-list\">\n<li>Longueur : 162,56 cm \/ 64 in<\/li>\n<li>Width:\u00a0 \u00a0106.68 cm \/ 42 in<\/li>\n<li>Height:\u00a0 116.84 cm \/ 46 in<\/li>\n<\/ul>\t\t\t\t\t\t\t\t<\/div>\n\t\t\t\t<\/div>\n\t\t\t\t<div class=\"elementor-element elementor-element-5b398c7 equipment-sub-titles elementor-widget elementor-widget-heading\" data-id=\"5b398c7\" data-element_type=\"widget\" data-widget_type=\"heading.default\">\n\t\t\t\t<div class=\"elementor-widget-container\">\n\t\t\t\t\t<h6 class=\"elementor-heading-title elementor-size-default\">EXIGENCES\u202f:<\/h6>\t\t\t\t<\/div>\n\t\t\t\t<\/div>\n\t\t\t\t<div class=\"elementor-element elementor-element-a52f39d elementor-widget elementor-widget-text-editor\" data-id=\"a52f39d\" data-element_type=\"widget\" data-widget_type=\"text-editor.default\">\n\t\t\t\t<div class=\"elementor-widget-container\">\n\t\t\t\t\t\t\t\t\t<ul class=\"special-list\">\n<li>Power: 110v\/220v \u2013 50\/60 Hz<\/li>\n<li>Alimentation en air constante : 100 psi \u00e0 15 cfm<\/li>\n<\/ul>\t\t\t\t\t\t\t\t<\/div>\n\t\t\t\t<\/div>\n\t\t\t\t<div class=\"elementor-element elementor-element-156327d equipment-sub-titles elementor-widget elementor-widget-heading\" data-id=\"156327d\" data-element_type=\"widget\" data-widget_type=\"heading.default\">\n\t\t\t\t<div class=\"elementor-widget-container\">\n\t\t\t\t\t<h6 class=\"elementor-heading-title elementor-size-default\">CARACT\u00c9RISTIQUES\u202f:<\/h6>\t\t\t\t<\/div>\n\t\t\t\t<\/div>\n\t\t\t\t<div class=\"elementor-element elementor-element-edca7ab elementor-widget elementor-widget-text-editor\" data-id=\"edca7ab\" data-element_type=\"widget\" data-widget_type=\"text-editor.default\">\n\t\t\t\t<div class=\"elementor-widget-container\">\n\t\t\t\t\t\t\t\t\t<ul class=\"special-list number-and-bullet-list\">\n<li>Contr\u00f4leur \u00e0 \u00e9cran tactile qui d\u00e9clenche le syst\u00e8me, contr\u00f4le la pression du r\u00e9servoir et fournit une lecture de la vitesse.<\/li>\n<li>V\u00e9locim\u00e8tre amovible (timegate) pour calibrage p\u00e9riodique<\/li>\n<li>Canons interchangeables<\/li>\n<li>Bouton d'arr\u00eat d'urgence<\/li>\n<li>Crosshair laser<\/li>\n<li>Tr\u00e9pied amovible<\/li>\n<li>Utilise de l'air comprim\u00e9<\/li>\n<\/ul>\n<p style=\"font-size: 12px !important; font-style: italic; color: red;\">*Passez la souris sur les num\u00e9ros de l\u2019image pour afficher une info-bulle avec la description.<\/p>\t\t\t\t\t\t\t\t<\/div>\n\t\t\t\t<\/div>\n\t\t\t\t<\/div>\n\t\t\t\t<\/div>\n\t\t\t\t<\/div>\n\t\t<div class=\"elementor-element elementor-element-aab0158 e-con-full elementor-hidden-mobile e-flex e-con e-child\" data-id=\"aab0158\" data-element_type=\"container\">\n\t\t\t\t<div class=\"elementor-element elementor-element-2131e64 elementor-widget__width-inherit elementor-widget elementor-widget-html\" data-id=\"2131e64\" data-element_type=\"widget\" data-widget_type=\"html.default\">\n\t\t\t\t<div class=\"elementor-widget-container\">\n\t\t\t\t\t<!-- vision begin -->\n<div class=\"vision-map vision-map-17\"data-json-src=\"https:\/\/www.cadexinc.com\/wp-content\/uploads\/vision\/17\/config.json?ver=1741120391\" data-item-id=\"17\" tabindex=\"1\" style=\"display:none;\" >\n<div class=\"vision-store\">\n<div class=\"vision-layers-data\">\n<div class=\"vision-layer\" data-layer-id=\"411a50fc\"><\/div>\n<div class=\"vision-layer\" data-layer-id=\"b0bd02c6\"><\/div>\n<div class=\"vision-layer\" data-layer-id=\"bac0b5a9\"><\/div>\n<div class=\"vision-layer\" data-layer-id=\"d88ae5f2\"><\/div>\n<div class=\"vision-layer\" data-layer-id=\"6ac62315\"><\/div>\n<div class=\"vision-layer\" data-layer-id=\"c7d3afae\"><\/div>\n<\/div>\n<div class=\"vision-tooltips-data\">\n<div class=\"vision-data\" data-layer-id=\"411a50fc\"><p>V\u00e9locim\u00e8tre amovible (timegate) pour calibrage p\u00e9riodique<\/p><\/div>\n<div class=\"vision-data\" data-layer-id=\"b0bd02c6\"><p>Canons interchangeables<\/p><\/div>\n<div class=\"vision-data\" data-layer-id=\"bac0b5a9\"><p>Bouton d'arr\u00eat d'urgence<\/p><\/div>\n<div class=\"vision-data\" data-layer-id=\"d88ae5f2\"><p>Laser \u00e0 r\u00e9ticule<\/p><\/div>\n<div class=\"vision-data\" data-layer-id=\"6ac62315\"><p>Tr\u00e9pied amovible<\/p><\/div>\n<div class=\"vision-data\" data-layer-id=\"c7d3afae\"><p>Utilise de l'air comprim\u00e9<\/p><\/div>\n<\/div>\n<div class=\"vision-popovers-data\">\n<div class=\"vision-data\" data-layer-id=\"411a50fc\"><\/div>\n<div class=\"vision-data\" data-layer-id=\"b0bd02c6\"><\/div>\n<div class=\"vision-data\" data-layer-id=\"bac0b5a9\"><\/div>\n<div class=\"vision-data\" data-layer-id=\"d88ae5f2\"><\/div>\n<div class=\"vision-data\" data-layer-id=\"6ac62315\"><\/div>\n<div class=\"vision-data\" data-layer-id=\"c7d3afae\"><\/div>\n<\/div>\n<\/div>\n<\/div>\n<!-- vision end -->\n\t\t\t\t<\/div>\n\t\t\t\t<\/div>\n\t\t\t\t<\/div>\n\t\t\t\t<\/div>\n\t\t\t\t<\/div>\n\t\t\t\t\t<\/div>\n\t\t\t\t<\/div>\n\t\t<div class=\"elementor-element elementor-element-369920b e-con-full e-flex e-con e-parent\" data-id=\"369920b\" data-element_type=\"container\">\n\t\t<div class=\"elementor-element elementor-element-549dec1 e-con-full e-flex e-con e-child\" data-id=\"549dec1\" data-element_type=\"container\">\n\t\t<div class=\"elementor-element elementor-element-662e784 e-grid e-con-full e-con e-child\" data-id=\"662e784\" data-element_type=\"container\">\n\t\t\t\t<div class=\"elementor-element elementor-element-fca00ad elementor-widget__width-inherit elementor-widget elementor-widget-html\" data-id=\"fca00ad\" data-element_type=\"widget\" data-widget_type=\"html.default\">\n\t\t\t\t<div class=\"elementor-widget-container\">\n\t\t\t\t\t<div style=\"width:100%;text-align:center; height: 265px !important;\"><!-- vision begin -->\n<div class=\"vision-map vision-map-15\"data-json-src=\"https:\/\/www.cadexinc.com\/wp-content\/uploads\/vision\/15\/config.json?ver=1773154697\" data-item-id=\"15\" tabindex=\"1\" style=\"display:none;\" >\n<div class=\"vision-store\">\n<div class=\"vision-layers-data\">\n<div class=\"vision-layer\" data-layer-id=\"1b057efa\"><\/div>\n<\/div>\n<div class=\"vision-tooltips-data\">\n<div class=\"vision-data\" data-layer-id=\"1b057efa\"><p>Contr\u00f4leur \u00e0 \u00e9cran tactile qui d\u00e9clenche le syst\u00e8me, contr\u00f4le la pression du r\u00e9servoir et fournit une lecture de la vitesse.<\/p><\/div>\n<\/div>\n<div class=\"vision-popovers-data\">\n<div class=\"vision-data\" data-layer-id=\"1b057efa\"><\/div>\n<\/div>\n<\/div>\n<\/div>\n<!-- vision end -->\n\n<figcaption style=\"margin: 0 auto;width:70%;text-align:center; font-size:smaller;background-color:lightgray;color:black;padding: 5px 0;\" class=\"widget-image-caption wp-caption-text\">Contr\u00f4leur \u00e0 \u00e9cran tactile<\/figcaption><\/div>\t\t\t\t<\/div>\n\t\t\t\t<\/div>\n\t\t\t\t<div class=\"elementor-element elementor-element-9dc25b2 elementor-widget__width-inherit elementor-widget elementor-widget-html\" data-id=\"9dc25b2\" data-element_type=\"widget\" data-widget_type=\"html.default\">\n\t\t\t\t<div class=\"elementor-widget-container\">\n\t\t\t\t\t<div style=\"width:100%;text-align:center; height: 265px !important;\"><!-- vision begin -->\n<div class=\"vision-map vision-map-16\"data-json-src=\"https:\/\/www.cadexinc.com\/wp-content\/uploads\/vision\/16\/config.json?ver=1773154703\" data-item-id=\"16\" tabindex=\"1\" style=\"display:none;\" >\n<div class=\"vision-store\">\n<div class=\"vision-layers-data\">\n<div class=\"vision-layer\" data-layer-id=\"61b6bd0e\"><\/div>\n<\/div>\n<div class=\"vision-tooltips-data\">\n<div class=\"vision-data\" data-layer-id=\"61b6bd0e\"><p>Canons de tir interchangeables<\/p><\/div>\n<\/div>\n<div class=\"vision-popovers-data\">\n<div class=\"vision-data\" data-layer-id=\"61b6bd0e\"><\/div>\n<\/div>\n<\/div>\n<\/div>\n<!-- vision end -->\n\r\n<figcaption style=\"margin: 0 auto;width:70%;text-align:center; font-size:smaller;background-color:lightgray;color:black;padding: 5px 0;\" class=\"widget-image-caption wp-caption-text\">Canons de tir interchangeables\r\n<\/figcaption><\/div>\t\t\t\t<\/div>\n\t\t\t\t<\/div>\n\t\t\t\t<\/div>\n\t\t\t\t<\/div>\n\t\t<div class=\"elementor-element elementor-element-0c25440 e-con-full e-flex e-con e-child\" data-id=\"0c25440\" data-element_type=\"container\">\n\t\t\t\t<div class=\"elementor-element elementor-element-73fcdeb elementor-widget__width-initial elementor-widget elementor-widget-text-editor\" data-id=\"73fcdeb\" data-element_type=\"widget\" data-widget_type=\"text-editor.default\">\n\t\t\t\t<div class=\"elementor-widget-container\">\n\t\t\t\t\t\t\t\t\t<div class=\"row mt-5 mx-auto\"><div class=\"col-sm-12 mt-3 px-1 bg-gray\"><h4 class=\"text-center mt-2 text-light\">PERFORMANCE DE TIR<\/h4><table class=\"table table-bordered table-sm table-hover\"><tbody><tr><th class=\"text-center text-uppercase\"><strong>Type de projectile<\/strong><\/th><th class=\"text-center text-uppercase\"><strong>Sp\u00e9cifications<\/strong><\/th><\/tr><tr><td class=\"text-center fs-9\">Grenade \u00e9ponge<\/td><td class=\"text-center fs-9\">40mm, 27 grs<\/td><\/tr><tr><td class=\"text-center fs-9\">Sac amortisseur<\/td><td class=\"text-center fs-9\">12-ga, 5.8 grs<\/td><\/tr><tr><td class=\"text-center fs-9\">Mini-bombe<\/td><td class=\"text-center fs-9\">12-ga, 3.2 grs<\/td><\/tr><tr><td class=\"text-center fs-9\">Paint ball<\/td><td class=\"text-center fs-9\">12-ga, 3.2 grs<\/td><\/tr><\/tbody><\/table><\/div><\/div>\t\t\t\t\t\t\t\t<\/div>\n\t\t\t\t<\/div>\n\t\t\t\t<\/div>\n\t\t\t\t<\/div>\n\t\t\t\t<\/div>","protected":false},"excerpt":{"rendered":"<p>The Cadex non-lethal air cannon is designed and manufactured to test body armor for law enforcement and military uses. The barrels are quickly interchangeable to test multiple projectile types. The unit is portable for laboratory or &#8220;on field&#8221; testing. DIMENSIONS (APPROX.): Length: 162.56 cm \/ 64 in Width:\u00a0 \u00a0106.68 cm \/ 42 in Height:\u00a0 116.84 [&hellip;]<\/p>","protected":false},"author":5,"featured_media":16679,"parent":3188,"menu_order":0,"comment_status":"closed","ping_status":"closed","template":"","meta":{"footnotes":""},"categories":[38],"class_list":["post-125","page","type-page","status-publish","has-post-thumbnail","hentry","category-cannons"],"_links":{"self":[{"href":"https:\/\/www.cadexinc.com\/fr\/wp-json\/wp\/v2\/pages\/125","targetHints":{"allow":["GET"]}}],"collection":[{"href":"https:\/\/www.cadexinc.com\/fr\/wp-json\/wp\/v2\/pages"}],"about":[{"href":"https:\/\/www.cadexinc.com\/fr\/wp-json\/wp\/v2\/types\/page"}],"author":[{"embeddable":true,"href":"https:\/\/www.cadexinc.com\/fr\/wp-json\/wp\/v2\/users\/5"}],"replies":[{"embeddable":true,"href":"https:\/\/www.cadexinc.com\/fr\/wp-json\/wp\/v2\/comments?post=125"}],"version-history":[{"count":288,"href":"https:\/\/www.cadexinc.com\/fr\/wp-json\/wp\/v2\/pages\/125\/revisions"}],"predecessor-version":[{"id":21083,"href":"https:\/\/www.cadexinc.com\/fr\/wp-json\/wp\/v2\/pages\/125\/revisions\/21083"}],"up":[{"embeddable":true,"href":"https:\/\/www.cadexinc.com\/fr\/wp-json\/wp\/v2\/pages\/3188"}],"wp:featuredmedia":[{"embeddable":true,"href":"https:\/\/www.cadexinc.com\/fr\/wp-json\/wp\/v2\/media\/16679"}],"wp:attachment":[{"href":"https:\/\/www.cadexinc.com\/fr\/wp-json\/wp\/v2\/media?parent=125"}],"wp:term":[{"taxonomy":"category","embeddable":true,"href":"https:\/\/www.cadexinc.com\/fr\/wp-json\/wp\/v2\/categories?post=125"}],"curies":[{"name":"wp","href":"https:\/\/api.w.org\/{rel}","templated":true}]}}