{"id":123,"date":"2022-05-17T13:16:14","date_gmt":"2022-05-17T17:16:14","guid":{"rendered":"http:\/\/www.cadexinc.com\/?page_id=123"},"modified":"2026-03-18T15:00:44","modified_gmt":"2026-03-18T19:00:44","slug":"double-canon-haute-vitesse-basse","status":"publish","type":"page","link":"https:\/\/www.cadexinc.com\/fr\/equipement\/machines\/canon\/double-canon-haute-vitesse-basse\/","title":{"rendered":"Canon \u00e0 double tube pour essais \u00e0 hautes et basses vitesses"},"content":{"rendered":"<div data-elementor-type=\"wp-page\" data-elementor-id=\"123\" class=\"elementor elementor-123\">\n\t\t\t\t<div class=\"elementor-element elementor-element-446ff91 e-flex e-con-boxed e-con e-parent\" data-id=\"446ff91\" data-element_type=\"container\">\n\t\t\t\t\t<div class=\"e-con-inner\">\n\t\t<div class=\"elementor-element elementor-element-8f6f45b e-con-full e-flex e-con e-child\" data-id=\"8f6f45b\" data-element_type=\"container\">\n\t\t\t\t<div class=\"elementor-element elementor-element-32f9e55 elementor-hidden-desktop elementor-hidden-tablet elementor-widget elementor-widget-image\" data-id=\"32f9e55\" data-element_type=\"widget\" data-widget_type=\"image.default\">\n\t\t\t\t<div class=\"elementor-widget-container\">\n\t\t\t\t\t\t\t\t\t\t\t\t\t\t\t<img fetchpriority=\"high\" decoding=\"async\" width=\"1548\" height=\"1662\" src=\"https:\/\/www.cadexinc.com\/wp-content\/uploads\/2025\/03\/DoubleBarreledCannonHighLowVelocities_main.webp\" class=\"attachment-2048x2048 size-2048x2048 wp-image-17596\" alt=\"\" srcset=\"https:\/\/www.cadexinc.com\/wp-content\/uploads\/2025\/03\/DoubleBarreledCannonHighLowVelocities_main.webp 1548w, https:\/\/www.cadexinc.com\/wp-content\/uploads\/2025\/03\/DoubleBarreledCannonHighLowVelocities_main-279x300.webp 279w, https:\/\/www.cadexinc.com\/wp-content\/uploads\/2025\/03\/DoubleBarreledCannonHighLowVelocities_main-954x1024.webp 954w, https:\/\/www.cadexinc.com\/wp-content\/uploads\/2025\/03\/DoubleBarreledCannonHighLowVelocities_main-768x825.webp 768w, https:\/\/www.cadexinc.com\/wp-content\/uploads\/2025\/03\/DoubleBarreledCannonHighLowVelocities_main-1431x1536.webp 1431w, https:\/\/www.cadexinc.com\/wp-content\/uploads\/2025\/03\/DoubleBarreledCannonHighLowVelocities_main-11x12.webp 11w, https:\/\/www.cadexinc.com\/wp-content\/uploads\/2025\/03\/DoubleBarreledCannonHighLowVelocities_main-416x447.webp 416w\" sizes=\"(max-width: 1548px) 100vw, 1548px\" \/>\t\t\t\t\t\t\t\t\t\t\t\t\t\t\t<\/div>\n\t\t\t\t<\/div>\n\t\t\t\t<\/div>\n\t\t\t\t\t<\/div>\n\t\t\t\t<\/div>\n\t\t<div class=\"elementor-element elementor-element-1af33f4 e-flex e-con-boxed e-con e-parent\" data-id=\"1af33f4\" data-element_type=\"container\">\n\t\t\t\t\t<div class=\"e-con-inner\">\n\t\t<div class=\"elementor-element elementor-element-4e06f88 e-con-full e-flex e-con e-child\" data-id=\"4e06f88\" data-element_type=\"container\">\n\t\t<div class=\"elementor-element elementor-element-c87b672 e-con-full e-flex e-con e-child\" data-id=\"c87b672\" data-element_type=\"container\">\n\t\t<div class=\"elementor-element elementor-element-9f75283 e-con-full equipment-main-right-block e-flex e-con e-child\" data-id=\"9f75283\" data-element_type=\"container\">\n\t\t<div class=\"elementor-element elementor-element-413cf62 e-con-full e-flex e-con e-child\" data-id=\"413cf62\" data-element_type=\"container\">\n\t\t\t\t<div class=\"elementor-element elementor-element-7751435 elementor-widget elementor-widget-text-editor\" data-id=\"7751435\" data-element_type=\"widget\" data-widget_type=\"text-editor.default\">\n\t\t\t\t<div class=\"elementor-widget-container\">\n\t\t\t\t\t\t\t\t\t<p class=\"cdx-title cdx-text-align-justify\">Le canon \u00e0 double tube pour essais \u00e0 hautes et basses vitesses de Cadex est con\u00e7u et fabriqu\u00e9 pour tester la protection oculaire, comme les lunettes de s\u00e9curit\u00e9, les lunettes de sport ou d\u2019autres dispositifs similaires. Ce syst\u00e8me est mobile, offrant ainsi une flexibilit\u00e9 accrue pour les tests.<\/p>\t\t\t\t\t\t\t\t<\/div>\n\t\t\t\t<\/div>\n\t\t\t\t<div class=\"elementor-element elementor-element-f040338 equipment-sub-titles elementor-widget elementor-widget-heading\" data-id=\"f040338\" data-element_type=\"widget\" data-widget_type=\"heading.default\">\n\t\t\t\t<div class=\"elementor-widget-container\">\n\t\t\t\t\t<h6 class=\"elementor-heading-title elementor-size-default\">DIMENSIONS (APPROX.) :<\/h6>\t\t\t\t<\/div>\n\t\t\t\t<\/div>\n\t\t\t\t<div class=\"elementor-element elementor-element-8626c00 elementor-widget elementor-widget-text-editor\" data-id=\"8626c00\" data-element_type=\"widget\" data-widget_type=\"text-editor.default\">\n\t\t\t\t<div class=\"elementor-widget-container\">\n\t\t\t\t\t\t\t\t\t<ul class=\"special-list\">\n<li>Longueur : 191,77 cm \/ 75,5 in<\/li>\n<li>Width:\u00a0 \u00a0139.40 cm \/ 54.88 in<\/li>\n<li>Height:\u00a0 200.66 cm \/ 79 in<\/li>\n<\/ul>\t\t\t\t\t\t\t\t<\/div>\n\t\t\t\t<\/div>\n\t\t\t\t<div class=\"elementor-element elementor-element-fbc8d91 equipment-sub-titles elementor-widget elementor-widget-heading\" data-id=\"fbc8d91\" data-element_type=\"widget\" data-widget_type=\"heading.default\">\n\t\t\t\t<div class=\"elementor-widget-container\">\n\t\t\t\t\t<h6 class=\"elementor-heading-title elementor-size-default\">EXIGENCES\u202f:<\/h6>\t\t\t\t<\/div>\n\t\t\t\t<\/div>\n\t\t\t\t<div class=\"elementor-element elementor-element-69f56a2 elementor-widget elementor-widget-text-editor\" data-id=\"69f56a2\" data-element_type=\"widget\" data-widget_type=\"text-editor.default\">\n\t\t\t\t<div class=\"elementor-widget-container\">\n\t\t\t\t\t\t\t\t\t<p>\u2022\u00a0 \u00a0 Alimentation: 110v\/220v \u2013 50\/60 Hz<br \/>\u2022\u00a0 \u00a0 Alimentation en air constante\u202f: 100\u202fpsi \u00e0 15\u202fcfm<\/p>\t\t\t\t\t\t\t\t<\/div>\n\t\t\t\t<\/div>\n\t\t\t\t<div class=\"elementor-element elementor-element-e9a406f equipment-sub-titles elementor-widget elementor-widget-heading\" data-id=\"e9a406f\" data-element_type=\"widget\" data-widget_type=\"heading.default\">\n\t\t\t\t<div class=\"elementor-widget-container\">\n\t\t\t\t\t<h6 class=\"elementor-heading-title elementor-size-default\">CARACT\u00c9RISTIQUES\u202f:<\/h6>\t\t\t\t<\/div>\n\t\t\t\t<\/div>\n\t\t\t\t<div class=\"elementor-element elementor-element-aa816e5 elementor-widget elementor-widget-text-editor\" data-id=\"aa816e5\" data-element_type=\"widget\" data-widget_type=\"text-editor.default\">\n\t\t\t\t<div class=\"elementor-widget-container\">\n\t\t\t\t\t\t\t\t\t<ul class=\"special-list\">\n<li>Deux contr\u00f4leurs \u00e0 \u00e9cran tactile qui d\u00e9clenchent le syst\u00e8me, contr\u00f4lent la pression du r\u00e9servoir et fournissent une lecture de la vitesse.<\/li>\n<li>Utilise de l'h\u00e9lium, de l'azote ou de l'air comprim\u00e9 (d'autres gaz peuvent \u00eatre utilis\u00e9s pour les vitesses \u00e9lev\u00e9es).<\/li>\n<li>V\u00e9locim\u00e8tre amovible (timegate) pour calibrage p\u00e9riodique<\/li>\n<li>Canons interchangeables<\/li>\n<li>Syst\u00e8me de surpression du gaz<\/li>\n<li>Bouton d'arr\u00eat d'urgence<\/li>\n<li>Deux kits laser en forme de croix<\/li>\n<li>Panneaux de bouclier projectif<\/li>\n<\/ul>\t\t\t\t\t\t\t\t<\/div>\n\t\t\t\t<\/div>\n\t\t\t\t<\/div>\n\t\t\t\t<\/div>\n\t\t\t\t<\/div>\n\t\t<div class=\"elementor-element elementor-element-e16db4e e-con-full e-flex e-con e-child\" data-id=\"e16db4e\" data-element_type=\"container\">\n\t\t\t\t<div class=\"elementor-element elementor-element-5dc4a5b elementor-hidden-mobile elementor-widget elementor-widget-image\" data-id=\"5dc4a5b\" data-element_type=\"widget\" data-widget_type=\"image.default\">\n\t\t\t\t<div class=\"elementor-widget-container\">\n\t\t\t\t\t\t\t\t\t\t\t\t\t\t\t<img decoding=\"async\" width=\"1548\" height=\"1662\" src=\"https:\/\/www.cadexinc.com\/wp-content\/uploads\/2025\/03\/DoubleBarreledCannonHighLowVelocities_main.webp\" class=\"attachment-full size-full wp-image-17596\" alt=\"\" srcset=\"https:\/\/www.cadexinc.com\/wp-content\/uploads\/2025\/03\/DoubleBarreledCannonHighLowVelocities_main.webp 1548w, https:\/\/www.cadexinc.com\/wp-content\/uploads\/2025\/03\/DoubleBarreledCannonHighLowVelocities_main-279x300.webp 279w, https:\/\/www.cadexinc.com\/wp-content\/uploads\/2025\/03\/DoubleBarreledCannonHighLowVelocities_main-954x1024.webp 954w, https:\/\/www.cadexinc.com\/wp-content\/uploads\/2025\/03\/DoubleBarreledCannonHighLowVelocities_main-768x825.webp 768w, https:\/\/www.cadexinc.com\/wp-content\/uploads\/2025\/03\/DoubleBarreledCannonHighLowVelocities_main-1431x1536.webp 1431w, https:\/\/www.cadexinc.com\/wp-content\/uploads\/2025\/03\/DoubleBarreledCannonHighLowVelocities_main-11x12.webp 11w, https:\/\/www.cadexinc.com\/wp-content\/uploads\/2025\/03\/DoubleBarreledCannonHighLowVelocities_main-416x447.webp 416w\" sizes=\"(max-width: 1548px) 100vw, 1548px\" \/>\t\t\t\t\t\t\t\t\t\t\t\t\t\t\t<\/div>\n\t\t\t\t<\/div>\n\t\t\t\t<\/div>\n\t\t\t\t<\/div>\n\t\t\t\t\t<\/div>\n\t\t\t\t<\/div>\n\t\t<div class=\"elementor-element elementor-element-ee8d1ed e-flex e-con-boxed e-con e-parent\" data-id=\"ee8d1ed\" data-element_type=\"container\">\n\t\t\t\t\t<div class=\"e-con-inner\">\n\t\t<div class=\"elementor-element elementor-element-9ce15b5 e-con-full e-grid equipment-page-multi-image-box e-con e-child\" data-id=\"9ce15b5\" data-element_type=\"container\">\n\t\t\t\t<div class=\"elementor-element elementor-element-521dc07 elementor-widget elementor-widget-image\" data-id=\"521dc07\" data-element_type=\"widget\" data-widget_type=\"image.default\">\n\t\t\t\t<div class=\"elementor-widget-container\">\n\t\t\t\t\t\t\t\t\t\t\t\t<figure class=\"wp-caption\">\n\t\t\t\t\t\t\t\t\t\t<img decoding=\"async\" width=\"740\" height=\"575\" src=\"https:\/\/www.cadexinc.com\/wp-content\/uploads\/2025\/03\/DoubleBarreledCannonHighLowVelocities_barrelHolder.webp\" class=\"attachment-full size-full wp-image-17601\" alt=\"\" srcset=\"https:\/\/www.cadexinc.com\/wp-content\/uploads\/2025\/03\/DoubleBarreledCannonHighLowVelocities_barrelHolder.webp 740w, https:\/\/www.cadexinc.com\/wp-content\/uploads\/2025\/03\/DoubleBarreledCannonHighLowVelocities_barrelHolder-300x233.webp 300w, https:\/\/www.cadexinc.com\/wp-content\/uploads\/2025\/03\/DoubleBarreledCannonHighLowVelocities_barrelHolder-15x12.webp 15w, https:\/\/www.cadexinc.com\/wp-content\/uploads\/2025\/03\/DoubleBarreledCannonHighLowVelocities_barrelHolder-416x323.webp 416w\" sizes=\"(max-width: 740px) 100vw, 740px\" \/>\t\t\t\t\t\t\t\t\t\t\t<figcaption class=\"widget-image-caption wp-caption-text\">Support de canon<\/figcaption>\n\t\t\t\t\t\t\t\t\t\t<\/figure>\n\t\t\t\t\t\t\t\t\t<\/div>\n\t\t\t\t<\/div>\n\t\t\t\t<div class=\"elementor-element elementor-element-a96a64c elementor-widget__width-inherit elementor-widget elementor-widget-image\" data-id=\"a96a64c\" data-element_type=\"widget\" data-widget_type=\"image.default\">\n\t\t\t\t<div class=\"elementor-widget-container\">\n\t\t\t\t\t\t\t\t\t\t\t\t<figure class=\"wp-caption\">\n\t\t\t\t\t\t\t\t\t\t<img loading=\"lazy\" decoding=\"async\" width=\"613\" height=\"613\" src=\"https:\/\/www.cadexinc.com\/wp-content\/uploads\/2025\/03\/DoubleBarreledCannonHighLowV_2ndTouchscreen.webp\" class=\"attachment-large size-large wp-image-17888\" alt=\"\" srcset=\"https:\/\/www.cadexinc.com\/wp-content\/uploads\/2025\/03\/DoubleBarreledCannonHighLowV_2ndTouchscreen.webp 613w, https:\/\/www.cadexinc.com\/wp-content\/uploads\/2025\/03\/DoubleBarreledCannonHighLowV_2ndTouchscreen-300x300.webp 300w, https:\/\/www.cadexinc.com\/wp-content\/uploads\/2025\/03\/DoubleBarreledCannonHighLowV_2ndTouchscreen-150x150.webp 150w, https:\/\/www.cadexinc.com\/wp-content\/uploads\/2025\/03\/DoubleBarreledCannonHighLowV_2ndTouchscreen-12x12.webp 12w, https:\/\/www.cadexinc.com\/wp-content\/uploads\/2025\/03\/DoubleBarreledCannonHighLowV_2ndTouchscreen-416x416.webp 416w, https:\/\/www.cadexinc.com\/wp-content\/uploads\/2025\/03\/DoubleBarreledCannonHighLowV_2ndTouchscreen-100x100.webp 100w, https:\/\/www.cadexinc.com\/wp-content\/uploads\/2025\/03\/DoubleBarreledCannonHighLowV_2ndTouchscreen-50x50.webp 50w\" sizes=\"(max-width: 613px) 100vw, 613px\" \/>\t\t\t\t\t\t\t\t\t\t\t<figcaption class=\"widget-image-caption wp-caption-text\">Le deuxi\u00e8me \u00e9cran tactile sert de d\u00e9clencheur \u00e0 distance pour des raisons de s\u00e9curit\u00e9<\/figcaption>\n\t\t\t\t\t\t\t\t\t\t<\/figure>\n\t\t\t\t\t\t\t\t\t<\/div>\n\t\t\t\t<\/div>\n\t\t\t\t<\/div>\n\t\t\t\t\t<\/div>\n\t\t\t\t<\/div>\n\t\t\t\t<\/div>","protected":false},"excerpt":{"rendered":"<p>The Cadex double barreled high &amp; low velocities is designed and manufactured to test eyewear protection such as goggles, glasses and others. This system is mobile which allows a wider testing flexibility. DIMENSIONS (APPROX.): Length: 191.77 cm \/ 75.5 in Width:\u00a0 \u00a0139.40 cm \/ 54.88 in Height:\u00a0 200.66 cm \/ 79 in REQUIREMENTS: \u2022\u00a0 \u00a0 [&hellip;]<\/p>","protected":false},"author":5,"featured_media":9349,"parent":3188,"menu_order":0,"comment_status":"closed","ping_status":"closed","template":"","meta":{"footnotes":""},"categories":[38],"class_list":["post-123","page","type-page","status-publish","has-post-thumbnail","hentry","category-cannons"],"_links":{"self":[{"href":"https:\/\/www.cadexinc.com\/fr\/wp-json\/wp\/v2\/pages\/123","targetHints":{"allow":["GET"]}}],"collection":[{"href":"https:\/\/www.cadexinc.com\/fr\/wp-json\/wp\/v2\/pages"}],"about":[{"href":"https:\/\/www.cadexinc.com\/fr\/wp-json\/wp\/v2\/types\/page"}],"author":[{"embeddable":true,"href":"https:\/\/www.cadexinc.com\/fr\/wp-json\/wp\/v2\/users\/5"}],"replies":[{"embeddable":true,"href":"https:\/\/www.cadexinc.com\/fr\/wp-json\/wp\/v2\/comments?post=123"}],"version-history":[{"count":113,"href":"https:\/\/www.cadexinc.com\/fr\/wp-json\/wp\/v2\/pages\/123\/revisions"}],"predecessor-version":[{"id":21077,"href":"https:\/\/www.cadexinc.com\/fr\/wp-json\/wp\/v2\/pages\/123\/revisions\/21077"}],"up":[{"embeddable":true,"href":"https:\/\/www.cadexinc.com\/fr\/wp-json\/wp\/v2\/pages\/3188"}],"wp:featuredmedia":[{"embeddable":true,"href":"https:\/\/www.cadexinc.com\/fr\/wp-json\/wp\/v2\/media\/9349"}],"wp:attachment":[{"href":"https:\/\/www.cadexinc.com\/fr\/wp-json\/wp\/v2\/media?parent=123"}],"wp:term":[{"taxonomy":"category","embeddable":true,"href":"https:\/\/www.cadexinc.com\/fr\/wp-json\/wp\/v2\/categories?post=123"}],"curies":[{"name":"wp","href":"https:\/\/api.w.org\/{rel}","templated":true}]}}