{"id":121,"date":"2022-05-17T13:15:31","date_gmt":"2022-05-17T17:15:31","guid":{"rendered":"http:\/\/www.cadexinc.com\/?page_id=121"},"modified":"2026-03-18T14:13:33","modified_gmt":"2026-03-18T18:13:33","slug":"canon-balistique-basse-vitesse","status":"publish","type":"page","link":"https:\/\/www.cadexinc.com\/fr\/equipement\/machines\/canon\/canon-balistique-basse-vitesse\/","title":{"rendered":"Canon balistique \u00e0 faible v\u00e9locit\u00e9"},"content":{"rendered":"<div data-elementor-type=\"wp-page\" data-elementor-id=\"121\" class=\"elementor elementor-121\">\n\t\t\t\t<div class=\"elementor-element elementor-element-583bae8 elementor-hidden-desktop elementor-hidden-tablet e-flex e-con-boxed e-con e-parent\" data-id=\"583bae8\" data-element_type=\"container\">\n\t\t\t\t\t<div class=\"e-con-inner\">\n\t\t\t\t<div class=\"elementor-element elementor-element-ac23c4e elementor-widget__width-inherit elementor-widget elementor-widget-html\" data-id=\"ac23c4e\" data-element_type=\"widget\" data-widget_type=\"html.default\">\n\t\t\t\t<div class=\"elementor-widget-container\">\n\t\t\t\t\t<!-- vision begin -->\n<div class=\"vision-map vision-map-19\"data-json-src=\"https:\/\/www.cadexinc.com\/wp-content\/uploads\/vision\/19\/config.json?ver=1742232007\" data-item-id=\"19\" tabindex=\"1\" style=\"display:none;\" >\n<div class=\"vision-store\">\n<div class=\"vision-layers-data\">\n<div class=\"vision-layer\" data-layer-id=\"b727be50\"><\/div>\n<div class=\"vision-layer\" data-layer-id=\"2299edb3\"><\/div>\n<div class=\"vision-layer\" data-layer-id=\"44d90fe8\"><\/div>\n<div class=\"vision-layer\" data-layer-id=\"98e1f6f8\"><\/div>\n<div class=\"vision-layer\" data-layer-id=\"8ffdee87\"><\/div>\n<div class=\"vision-layer\" data-layer-id=\"ef81cfa6\"><\/div>\n<\/div>\n<div class=\"vision-tooltips-data\">\n<div class=\"vision-data\" data-layer-id=\"b727be50\"><p>Contr\u00f4leur \u00e0 \u00e9cran tactile<\/p><\/div>\n<div class=\"vision-data\" data-layer-id=\"2299edb3\"><p>V\u00e9locim\u00e8tre amovible (timegate) pour calibrage p\u00e9riodique<\/p><\/div>\n<div class=\"vision-data\" data-layer-id=\"44d90fe8\"><p>Canons interchangeables<\/p><\/div>\n<div class=\"vision-data\" data-layer-id=\"98e1f6f8\"><p>Table r\u00e9glable selon les axes X, Y, Z et support de mannequin rotatif<\/p><\/div>\n<div class=\"vision-data\" data-layer-id=\"8ffdee87\"><p>Bouton d'arr\u00eat d'urgence<\/p><\/div>\n<div class=\"vision-data\" data-layer-id=\"ef81cfa6\"><p>Parois en polycarbonate<\/p><\/div>\n<\/div>\n<div class=\"vision-popovers-data\">\n<div class=\"vision-data\" data-layer-id=\"b727be50\"><\/div>\n<div class=\"vision-data\" data-layer-id=\"2299edb3\"><\/div>\n<div class=\"vision-data\" data-layer-id=\"44d90fe8\"><\/div>\n<div class=\"vision-data\" data-layer-id=\"98e1f6f8\"><\/div>\n<div class=\"vision-data\" data-layer-id=\"8ffdee87\"><\/div>\n<div class=\"vision-data\" data-layer-id=\"ef81cfa6\"><\/div>\n<\/div>\n<\/div>\n<\/div>\n<!-- vision end -->\n\t\t\t\t<\/div>\n\t\t\t\t<\/div>\n\t\t\t\t\t<\/div>\n\t\t\t\t<\/div>\n\t\t<div class=\"elementor-element elementor-element-6708b96 e-flex e-con-boxed e-con e-parent\" data-id=\"6708b96\" data-element_type=\"container\">\n\t\t\t\t\t<div class=\"e-con-inner\">\n\t\t<div class=\"elementor-element elementor-element-12146eb e-con-full e-flex e-con e-child\" data-id=\"12146eb\" data-element_type=\"container\">\n\t\t<div class=\"elementor-element elementor-element-caee0fe e-con-full e-flex e-con e-child\" data-id=\"caee0fe\" data-element_type=\"container\">\n\t\t<div class=\"elementor-element elementor-element-232985f e-con-full e-flex e-con e-child\" data-id=\"232985f\" data-element_type=\"container\">\n\t\t<div class=\"elementor-element elementor-element-6c00390 e-con-full e-flex e-con e-child\" data-id=\"6c00390\" data-element_type=\"container\">\n\t\t<div class=\"elementor-element elementor-element-9740cfb e-con-full equipment-main-right-block e-flex e-con e-child\" data-id=\"9740cfb\" data-element_type=\"container\">\n\t\t<div class=\"elementor-element elementor-element-dbcece4 e-con-full e-flex e-con e-child\" data-id=\"dbcece4\" data-element_type=\"container\">\n\t\t\t\t<div class=\"elementor-element elementor-element-b3330ff elementor-widget elementor-widget-text-editor\" data-id=\"b3330ff\" data-element_type=\"widget\" data-widget_type=\"text-editor.default\">\n\t\t\t\t<div class=\"elementor-widget-container\">\n\t\t\t\t\t\t\t\t\t<p class=\"cdx-title cdx-text-align-justify\">Le canon balistique \u00e0 basse v\u00e9locit\u00e9 Cadex est con\u00e7u et fabriqu\u00e9 pour tester les visi\u00e8res de protection, les protecteurs oculaires et autres \u00e9quipements similaires. Le syst\u00e8me est conforme aux normes SNELL, ANSI Z87, EN 168, AS\/NZS, ainsi qu\u2019\u00e0 d\u2019autres standards internationaux.<\/p>\t\t\t\t\t\t\t\t<\/div>\n\t\t\t\t<\/div>\n\t\t\t\t<div class=\"elementor-element elementor-element-6b7fc20 equipment-sub-titles elementor-widget elementor-widget-heading\" data-id=\"6b7fc20\" data-element_type=\"widget\" data-widget_type=\"heading.default\">\n\t\t\t\t<div class=\"elementor-widget-container\">\n\t\t\t\t\t<h6 class=\"elementor-heading-title elementor-size-default\">DIMENSIONS (APPROX.) :<\/h6>\t\t\t\t<\/div>\n\t\t\t\t<\/div>\n\t\t\t\t<div class=\"elementor-element elementor-element-4e61b72 elementor-widget elementor-widget-text-editor\" data-id=\"4e61b72\" data-element_type=\"widget\" data-widget_type=\"text-editor.default\">\n\t\t\t\t<div class=\"elementor-widget-container\">\n\t\t\t\t\t\t\t\t\t<ul class=\"special-list\">\n<li>Longueur : 203,83 cm \/ 80,25 in<\/li>\n<li>Width:\u00a0 \u00a094.95 cm \/ 37.88 in<\/li>\n<li>Hauteur : 115,57 cm \/ 45,5 in<\/li>\n<\/ul>\t\t\t\t\t\t\t\t<\/div>\n\t\t\t\t<\/div>\n\t\t\t\t<div class=\"elementor-element elementor-element-f3605da equipment-sub-titles elementor-widget elementor-widget-heading\" data-id=\"f3605da\" data-element_type=\"widget\" data-widget_type=\"heading.default\">\n\t\t\t\t<div class=\"elementor-widget-container\">\n\t\t\t\t\t<h6 class=\"elementor-heading-title elementor-size-default\">EXIGENCES\u202f:<\/h6>\t\t\t\t<\/div>\n\t\t\t\t<\/div>\n\t\t\t\t<div class=\"elementor-element elementor-element-94c71c5 elementor-widget elementor-widget-text-editor\" data-id=\"94c71c5\" data-element_type=\"widget\" data-widget_type=\"text-editor.default\">\n\t\t\t\t<div class=\"elementor-widget-container\">\n\t\t\t\t\t\t\t\t\t<ul class=\"special-list\">\n \t<li>Power: 110v\/220v \u2013 50\/60 Hz<\/li>\n \t<li>Alimentation en air constante : 100 psi \u00e0 15 cfm<\/li>\n<\/ul>\t\t\t\t\t\t\t\t<\/div>\n\t\t\t\t<\/div>\n\t\t\t\t<div class=\"elementor-element elementor-element-a34fc18 equipment-sub-titles elementor-widget elementor-widget-heading\" data-id=\"a34fc18\" data-element_type=\"widget\" data-widget_type=\"heading.default\">\n\t\t\t\t<div class=\"elementor-widget-container\">\n\t\t\t\t\t<h6 class=\"elementor-heading-title elementor-size-default\">CARACT\u00c9RISTIQUES\u202f:<\/h6>\t\t\t\t<\/div>\n\t\t\t\t<\/div>\n\t\t\t\t<div class=\"elementor-element elementor-element-1e78e85 elementor-widget elementor-widget-text-editor\" data-id=\"1e78e85\" data-element_type=\"widget\" data-widget_type=\"text-editor.default\">\n\t\t\t\t<div class=\"elementor-widget-container\">\n\t\t\t\t\t\t\t\t\t<ul class=\"special-list number-and-bullet-list\">\n \t<li>Contr\u00f4leur \u00e0 \u00e9cran tactile<\/li>\n \t<li>V\u00e9locim\u00e8tre amovible (timegate) pour calibrage p\u00e9riodique<\/li>\n \t<li>Canons interchangeables<\/li>\n \t<li>Table r\u00e9glable selon les axes X, Y, Z et support de mannequin rotatif<\/li>\n \t<li>Bouton d'arr\u00eat d'urgence<\/li>\n \t<li>Parois en polycarbonate<\/li>\n<\/ul>\n<p style=\"font-size: 12px !important; font-style: italic; color: red;\">*Passez la souris sur les num\u00e9ros de l\u2019image pour afficher une info-bulle avec la description.<\/p>\n<ul class=\"special-list\">\n \t<li>Laser en croix pour le positionnement de l'impact<\/li>\n<\/ul>\t\t\t\t\t\t\t\t<\/div>\n\t\t\t\t<\/div>\n\t\t\t\t<\/div>\n\t\t\t\t<\/div>\n\t\t\t\t<\/div>\n\t\t<div class=\"elementor-element elementor-element-ab05662 e-con-full e-flex e-con e-child\" data-id=\"ab05662\" data-element_type=\"container\">\n\t\t\t\t<div class=\"elementor-element elementor-element-1455787 elementor-hidden-mobile elementor-widget elementor-widget-html\" data-id=\"1455787\" data-element_type=\"widget\" data-widget_type=\"html.default\">\n\t\t\t\t<div class=\"elementor-widget-container\">\n\t\t\t\t\t<!-- vision begin -->\n<div class=\"vision-map vision-map-19\"data-json-src=\"https:\/\/www.cadexinc.com\/wp-content\/uploads\/vision\/19\/config.json?ver=1742232007\" data-item-id=\"19\" tabindex=\"1\" style=\"display:none;\" >\n<div class=\"vision-store\">\n<div class=\"vision-layers-data\">\n<div class=\"vision-layer\" data-layer-id=\"b727be50\"><\/div>\n<div class=\"vision-layer\" data-layer-id=\"2299edb3\"><\/div>\n<div class=\"vision-layer\" data-layer-id=\"44d90fe8\"><\/div>\n<div class=\"vision-layer\" data-layer-id=\"98e1f6f8\"><\/div>\n<div class=\"vision-layer\" data-layer-id=\"8ffdee87\"><\/div>\n<div class=\"vision-layer\" data-layer-id=\"ef81cfa6\"><\/div>\n<\/div>\n<div class=\"vision-tooltips-data\">\n<div class=\"vision-data\" data-layer-id=\"b727be50\"><p>Contr\u00f4leur \u00e0 \u00e9cran tactile<\/p><\/div>\n<div class=\"vision-data\" data-layer-id=\"2299edb3\"><p>V\u00e9locim\u00e8tre amovible (timegate) pour calibrage p\u00e9riodique<\/p><\/div>\n<div class=\"vision-data\" data-layer-id=\"44d90fe8\"><p>Canons interchangeables<\/p><\/div>\n<div class=\"vision-data\" data-layer-id=\"98e1f6f8\"><p>Table r\u00e9glable selon les axes X, Y, Z et support de mannequin rotatif<\/p><\/div>\n<div class=\"vision-data\" data-layer-id=\"8ffdee87\"><p>Bouton d'arr\u00eat d'urgence<\/p><\/div>\n<div class=\"vision-data\" data-layer-id=\"ef81cfa6\"><p>Parois en polycarbonate<\/p><\/div>\n<\/div>\n<div class=\"vision-popovers-data\">\n<div class=\"vision-data\" data-layer-id=\"b727be50\"><\/div>\n<div class=\"vision-data\" data-layer-id=\"2299edb3\"><\/div>\n<div class=\"vision-data\" data-layer-id=\"44d90fe8\"><\/div>\n<div class=\"vision-data\" data-layer-id=\"98e1f6f8\"><\/div>\n<div class=\"vision-data\" data-layer-id=\"8ffdee87\"><\/div>\n<div class=\"vision-data\" data-layer-id=\"ef81cfa6\"><\/div>\n<\/div>\n<\/div>\n<\/div>\n<!-- vision end -->\n\t\t\t\t<\/div>\n\t\t\t\t<\/div>\n\t\t\t\t<div class=\"elementor-element elementor-element-d9170e1 elementor-widget elementor-widget-text-editor\" data-id=\"d9170e1\" data-element_type=\"widget\" data-widget_type=\"text-editor.default\">\n\t\t\t\t<div class=\"elementor-widget-container\">\n\t\t\t\t\t\t\t\t\t<div class=\"m-auto\">\n<div class=\"divTable LowVelocityBlack\">\n<div class=\"divTableHeading\">\n<div class=\"divTableRow\">\n<div class=\"divTableHead\" style=\"text-align: center !important;\">CALIBRES DISPONIBLES<\/div>\n<\/div>\n<\/div>\n<div class=\"divTableBody\">\n<div class=\"divTableRow\">\n<div class=\"divTableCell\">0,15 cal<\/div>\n<\/div>\n<div class=\"divTableRow\">\n<div class=\"divTableCell\">0,22 cal<\/div>\n<\/div>\n<div class=\"divTableRow\">\n<div class=\"divTableCell\">6 mm<\/div>\n<\/div>\n<div class=\"divTableRow\">\n<div class=\"divTableCell\">0,25 cal<\/div>\n<\/div>\n<\/div>\n<\/div>\n<\/div>\t\t\t\t\t\t\t\t<\/div>\n\t\t\t\t<\/div>\n\t\t\t\t<\/div>\n\t\t<div class=\"elementor-element elementor-element-8d519da e-con-full e-flex e-con e-child\" data-id=\"8d519da\" data-element_type=\"container\">\n\t\t\t\t<\/div>\n\t\t\t\t<\/div>\n\t\t\t\t<\/div>\n\t\t<div class=\"elementor-element elementor-element-2824638 e-con-full e-grid equipment-page-multi-image-box e-con e-child\" data-id=\"2824638\" data-element_type=\"container\">\n\t\t\t\t<div class=\"elementor-element elementor-element-3e39ad5 elementor-widget elementor-widget-image\" data-id=\"3e39ad5\" data-element_type=\"widget\" data-widget_type=\"image.default\">\n\t\t\t\t<div class=\"elementor-widget-container\">\n\t\t\t\t\t\t\t\t\t\t\t\t<figure class=\"wp-caption\">\n\t\t\t\t\t\t\t\t\t\t<img fetchpriority=\"high\" decoding=\"async\" width=\"597\" height=\"477\" src=\"https:\/\/www.cadexinc.com\/wp-content\/uploads\/2025\/03\/LowVelocityBallisticCannon-Touchscreen-controller.webp\" class=\"attachment-full size-full wp-image-17512\" alt=\"\" srcset=\"https:\/\/www.cadexinc.com\/wp-content\/uploads\/2025\/03\/LowVelocityBallisticCannon-Touchscreen-controller.webp 597w, https:\/\/www.cadexinc.com\/wp-content\/uploads\/2025\/03\/LowVelocityBallisticCannon-Touchscreen-controller-300x240.webp 300w, https:\/\/www.cadexinc.com\/wp-content\/uploads\/2025\/03\/LowVelocityBallisticCannon-Touchscreen-controller-15x12.webp 15w, https:\/\/www.cadexinc.com\/wp-content\/uploads\/2025\/03\/LowVelocityBallisticCannon-Touchscreen-controller-416x332.webp 416w\" sizes=\"(max-width: 597px) 100vw, 597px\" \/>\t\t\t\t\t\t\t\t\t\t\t<figcaption class=\"widget-image-caption wp-caption-text\">Contr\u00f4leur \u00e0 \u00e9cran tactile<\/figcaption>\n\t\t\t\t\t\t\t\t\t\t<\/figure>\n\t\t\t\t\t\t\t\t\t<\/div>\n\t\t\t\t<\/div>\n\t\t\t\t<div class=\"elementor-element elementor-element-4c8b415 elementor-widget elementor-widget-image\" data-id=\"4c8b415\" data-element_type=\"widget\" data-widget_type=\"image.default\">\n\t\t\t\t<div class=\"elementor-widget-container\">\n\t\t\t\t\t\t\t\t\t\t\t\t<figure class=\"wp-caption\">\n\t\t\t\t\t\t\t\t\t\t<img decoding=\"async\" width=\"734\" height=\"563\" src=\"https:\/\/www.cadexinc.com\/wp-content\/uploads\/2025\/03\/LVBC-Adjustable-table.webp\" class=\"attachment-full size-full wp-image-16634\" alt=\"\" srcset=\"https:\/\/www.cadexinc.com\/wp-content\/uploads\/2025\/03\/LVBC-Adjustable-table.webp 734w, https:\/\/www.cadexinc.com\/wp-content\/uploads\/2025\/03\/LVBC-Adjustable-table-300x230.webp 300w, https:\/\/www.cadexinc.com\/wp-content\/uploads\/2025\/03\/LVBC-Adjustable-table-16x12.webp 16w, https:\/\/www.cadexinc.com\/wp-content\/uploads\/2025\/03\/LVBC-Adjustable-table-416x319.webp 416w\" sizes=\"(max-width: 734px) 100vw, 734px\" \/>\t\t\t\t\t\t\t\t\t\t\t<figcaption class=\"widget-image-caption wp-caption-text\">Table r\u00e9glable et support de mannequin rotatif<\/figcaption>\n\t\t\t\t\t\t\t\t\t\t<\/figure>\n\t\t\t\t\t\t\t\t\t<\/div>\n\t\t\t\t<\/div>\n\t\t\t\t<div class=\"elementor-element elementor-element-d88beb9 elementor-widget elementor-widget-image\" data-id=\"d88beb9\" data-element_type=\"widget\" data-widget_type=\"image.default\">\n\t\t\t\t<div class=\"elementor-widget-container\">\n\t\t\t\t\t\t\t\t\t\t\t\t<figure class=\"wp-caption\">\n\t\t\t\t\t\t\t\t\t\t<img decoding=\"async\" width=\"734\" height=\"563\" src=\"https:\/\/www.cadexinc.com\/wp-content\/uploads\/2025\/03\/LVBC-Velocimeter.webp\" class=\"attachment-full size-full wp-image-16636\" alt=\"\" srcset=\"https:\/\/www.cadexinc.com\/wp-content\/uploads\/2025\/03\/LVBC-Velocimeter.webp 734w, https:\/\/www.cadexinc.com\/wp-content\/uploads\/2025\/03\/LVBC-Velocimeter-300x230.webp 300w, https:\/\/www.cadexinc.com\/wp-content\/uploads\/2025\/03\/LVBC-Velocimeter-16x12.webp 16w, https:\/\/www.cadexinc.com\/wp-content\/uploads\/2025\/03\/LVBC-Velocimeter-416x319.webp 416w\" sizes=\"(max-width: 734px) 100vw, 734px\" \/>\t\t\t\t\t\t\t\t\t\t\t<figcaption class=\"widget-image-caption wp-caption-text\">V\u00e9locim\u00e8tre de haute pr\u00e9cision<\/figcaption>\n\t\t\t\t\t\t\t\t\t\t<\/figure>\n\t\t\t\t\t\t\t\t\t<\/div>\n\t\t\t\t<\/div>\n\t\t\t\t<\/div>\n\t\t\t\t<\/div>\n\t\t\t\t\t<\/div>\n\t\t\t\t<\/div>\n\t\t\t\t<\/div>","protected":false},"excerpt":{"rendered":"<p>The Cadex low velocity ballistic cannon is designed and manufactured to test face shields, eyewear protectors and others. The system complies with SNELL, ANSI Z87, EN 168, AS\/NZS and other standards. DIMENSIONS (APPROX.): Length: 203.83 cm \/ 80.25 in Width:\u00a0 \u00a094.95 cm \/ 37.88 in Height: 115.57 cm \/ 45.5 in REQUIREMENTS: Power: 110v\/220v \u2013 [&hellip;]<\/p>","protected":false},"author":5,"featured_media":16633,"parent":3188,"menu_order":0,"comment_status":"closed","ping_status":"closed","template":"","meta":{"footnotes":""},"categories":[38],"class_list":["post-121","page","type-page","status-publish","has-post-thumbnail","hentry","category-cannons"],"_links":{"self":[{"href":"https:\/\/www.cadexinc.com\/fr\/wp-json\/wp\/v2\/pages\/121","targetHints":{"allow":["GET"]}}],"collection":[{"href":"https:\/\/www.cadexinc.com\/fr\/wp-json\/wp\/v2\/pages"}],"about":[{"href":"https:\/\/www.cadexinc.com\/fr\/wp-json\/wp\/v2\/types\/page"}],"author":[{"embeddable":true,"href":"https:\/\/www.cadexinc.com\/fr\/wp-json\/wp\/v2\/users\/5"}],"replies":[{"embeddable":true,"href":"https:\/\/www.cadexinc.com\/fr\/wp-json\/wp\/v2\/comments?post=121"}],"version-history":[{"count":138,"href":"https:\/\/www.cadexinc.com\/fr\/wp-json\/wp\/v2\/pages\/121\/revisions"}],"predecessor-version":[{"id":21262,"href":"https:\/\/www.cadexinc.com\/fr\/wp-json\/wp\/v2\/pages\/121\/revisions\/21262"}],"up":[{"embeddable":true,"href":"https:\/\/www.cadexinc.com\/fr\/wp-json\/wp\/v2\/pages\/3188"}],"wp:featuredmedia":[{"embeddable":true,"href":"https:\/\/www.cadexinc.com\/fr\/wp-json\/wp\/v2\/media\/16633"}],"wp:attachment":[{"href":"https:\/\/www.cadexinc.com\/fr\/wp-json\/wp\/v2\/media?parent=121"}],"wp:term":[{"taxonomy":"category","embeddable":true,"href":"https:\/\/www.cadexinc.com\/fr\/wp-json\/wp\/v2\/categories?post=121"}],"curies":[{"name":"wp","href":"https:\/\/api.w.org\/{rel}","templated":true}]}}