{"id":119,"date":"2022-05-17T13:14:56","date_gmt":"2022-05-17T17:14:56","guid":{"rendered":"http:\/\/www.cadexinc.com\/?page_id=119"},"modified":"2026-03-18T14:21:56","modified_gmt":"2026-03-18T18:21:56","slug":"canon-balistique-haute-vitesse","status":"publish","type":"page","link":"https:\/\/www.cadexinc.com\/fr\/equipement\/machines\/canon\/canon-balistique-haute-vitesse\/","title":{"rendered":"Canon balistique \u00e0 haute v\u00e9locit\u00e9 (canon pneumatique \u00e0 gaz comprim\u00e9)"},"content":{"rendered":"<div data-elementor-type=\"wp-page\" data-elementor-id=\"119\" class=\"elementor elementor-119\">\n\t\t\t\t<div class=\"elementor-element elementor-element-7e6a9fd elementor-hidden-desktop elementor-hidden-tablet e-flex e-con-boxed e-con e-parent\" data-id=\"7e6a9fd\" data-element_type=\"container\">\n\t\t\t\t\t<div class=\"e-con-inner\">\n\t\t\t\t<div class=\"elementor-element elementor-element-d8837f2 elementor-widget__width-inherit elementor-widget elementor-widget-html\" data-id=\"d8837f2\" data-element_type=\"widget\" data-widget_type=\"html.default\">\n\t\t\t\t<div class=\"elementor-widget-container\">\n\t\t\t\t\t<!-- vision begin -->\n<div class=\"vision-map vision-map-13\"data-json-src=\"https:\/\/www.cadexinc.com\/wp-content\/uploads\/vision\/13\/config.json?ver=1742237875\" data-item-id=\"13\" tabindex=\"1\" style=\"display:none;\" >\n<div class=\"vision-store\">\n<div class=\"vision-layers-data\">\n<div class=\"vision-layer\" data-layer-id=\"b727be50\"><\/div>\n<div class=\"vision-layer\" data-layer-id=\"2299edb3\"><\/div>\n<div class=\"vision-layer\" data-layer-id=\"44d90fe8\"><\/div>\n<div class=\"vision-layer\" data-layer-id=\"98e1f6f8\"><\/div>\n<div class=\"vision-layer\" data-layer-id=\"47128375\"><\/div>\n<div class=\"vision-layer\" data-layer-id=\"f4f126a8\"><\/div>\n<\/div>\n<div class=\"vision-tooltips-data\">\n<div class=\"vision-data\" data-layer-id=\"b727be50\"><p>Contr\u00f4leur \u00e0 \u00e9cran tactile<\/p><\/div>\n<div class=\"vision-data\" data-layer-id=\"2299edb3\"><p>V\u00e9locim\u00e8tre amovible (timegate) pour calibrage p\u00e9riodique<\/p><\/div>\n<div class=\"vision-data\" data-layer-id=\"44d90fe8\"><p>Canons interchangeables<\/p><\/div>\n<div class=\"vision-data\" data-layer-id=\"98e1f6f8\"><p>Table r\u00e9glable selon les axes X, Y, Z et support de mannequin rotatif<\/p><\/div>\n<div class=\"vision-data\" data-layer-id=\"47128375\"><p>Bouton d'arr\u00eat d'urgence<\/p><\/div>\n<div class=\"vision-data\" data-layer-id=\"f4f126a8\"><p>Parois en polycarbonate<\/p><\/div>\n<\/div>\n<div class=\"vision-popovers-data\">\n<div class=\"vision-data\" data-layer-id=\"b727be50\"><\/div>\n<div class=\"vision-data\" data-layer-id=\"2299edb3\"><\/div>\n<div class=\"vision-data\" data-layer-id=\"44d90fe8\"><\/div>\n<div class=\"vision-data\" data-layer-id=\"98e1f6f8\"><\/div>\n<div class=\"vision-data\" data-layer-id=\"47128375\"><\/div>\n<div class=\"vision-data\" data-layer-id=\"f4f126a8\"><\/div>\n<\/div>\n<\/div>\n<\/div>\n<!-- vision end -->\n\t\t\t\t<\/div>\n\t\t\t\t<\/div>\n\t\t\t\t\t<\/div>\n\t\t\t\t<\/div>\n\t\t<div class=\"elementor-element elementor-element-6511bdd e-flex e-con-boxed e-con e-parent\" data-id=\"6511bdd\" data-element_type=\"container\">\n\t\t\t\t\t<div class=\"e-con-inner\">\n\t\t<div class=\"elementor-element elementor-element-42449a8 e-con-full e-flex e-con e-child\" data-id=\"42449a8\" data-element_type=\"container\">\n\t\t<div class=\"elementor-element elementor-element-488b58d e-con-full e-flex e-con e-child\" data-id=\"488b58d\" data-element_type=\"container\">\n\t\t<div class=\"elementor-element elementor-element-9a12112 e-con-full e-flex e-con e-child\" data-id=\"9a12112\" data-element_type=\"container\">\n\t\t<div class=\"elementor-element elementor-element-5eeb4d1 e-con-full equipment-main-right-block e-flex e-con e-child\" data-id=\"5eeb4d1\" data-element_type=\"container\">\n\t\t<div class=\"elementor-element elementor-element-b187b8e e-con-full e-flex e-con e-child\" data-id=\"b187b8e\" data-element_type=\"container\">\n\t\t\t\t<div class=\"elementor-element elementor-element-cb86044 elementor-widget elementor-widget-text-editor\" data-id=\"cb86044\" data-element_type=\"widget\" data-widget_type=\"text-editor.default\">\n\t\t\t\t<div class=\"elementor-widget-container\">\n\t\t\t\t\t\t\t\t\t<p class=\"cdx-title cdx-text-align-justify\">Le canon balistique \u00e0 haute v\u00e9locit\u00e9 de Cadex (canon pneumatique \u00e0 gaz comprim\u00e9) est con\u00e7u et fabriqu\u00e9 pour tester la protection oculaire \u2014 lunettes, masques, et autres \u00e9quipements \u2014 \u00e0 haute v\u00e9locit\u00e9.<\/p>\t\t\t\t\t\t\t\t<\/div>\n\t\t\t\t<\/div>\n\t\t\t\t<div class=\"elementor-element elementor-element-9b84a5c equipment-sub-titles elementor-widget elementor-widget-heading\" data-id=\"9b84a5c\" data-element_type=\"widget\" data-widget_type=\"heading.default\">\n\t\t\t\t<div class=\"elementor-widget-container\">\n\t\t\t\t\t<h6 class=\"elementor-heading-title elementor-size-default\">DIMENSIONS (APPROX.) :<\/h6>\t\t\t\t<\/div>\n\t\t\t\t<\/div>\n\t\t\t\t<div class=\"elementor-element elementor-element-4c2f943 elementor-widget elementor-widget-text-editor\" data-id=\"4c2f943\" data-element_type=\"widget\" data-widget_type=\"text-editor.default\">\n\t\t\t\t<div class=\"elementor-widget-container\">\n\t\t\t\t\t\t\t\t\t<ul class=\"special-list\">\n<li>Longueur : 220 cm<\/li>\n<li>Width:\u00a0 \u00a095 cm \/ 37.4 in<\/li>\n<li>Hauteur : 185 cm<\/li>\n<\/ul>\t\t\t\t\t\t\t\t<\/div>\n\t\t\t\t<\/div>\n\t\t\t\t<div class=\"elementor-element elementor-element-d7955e0 equipment-sub-titles elementor-widget elementor-widget-heading\" data-id=\"d7955e0\" data-element_type=\"widget\" data-widget_type=\"heading.default\">\n\t\t\t\t<div class=\"elementor-widget-container\">\n\t\t\t\t\t<h6 class=\"elementor-heading-title elementor-size-default\">EXIGENCES\u202f:<\/h6>\t\t\t\t<\/div>\n\t\t\t\t<\/div>\n\t\t\t\t<div class=\"elementor-element elementor-element-57b9819 elementor-widget elementor-widget-text-editor\" data-id=\"57b9819\" data-element_type=\"widget\" data-widget_type=\"text-editor.default\">\n\t\t\t\t<div class=\"elementor-widget-container\">\n\t\t\t\t\t\t\t\t\t<ul class=\"special-list\">\n \t<li>Power: 110v\/220v \u2013 50\/60 Hz<\/li>\n \t<li>Alimentation en air constante : 100 psi \u00e0 15 cfm<\/li>\n \t<li>Doit \u00eatre utilis\u00e9 avec diff\u00e9rents gaz tels que l'h\u00e9lium, l'azote ou l'air (non inclus)<\/li>\n<\/ul>\t\t\t\t\t\t\t\t<\/div>\n\t\t\t\t<\/div>\n\t\t\t\t<div class=\"elementor-element elementor-element-15b20b2 equipment-sub-titles elementor-widget elementor-widget-heading\" data-id=\"15b20b2\" data-element_type=\"widget\" data-widget_type=\"heading.default\">\n\t\t\t\t<div class=\"elementor-widget-container\">\n\t\t\t\t\t<h6 class=\"elementor-heading-title elementor-size-default\">CARACT\u00c9RISTIQUES\u202f:<\/h6>\t\t\t\t<\/div>\n\t\t\t\t<\/div>\n\t\t\t\t<div class=\"elementor-element elementor-element-250694c elementor-widget elementor-widget-text-editor\" data-id=\"250694c\" data-element_type=\"widget\" data-widget_type=\"text-editor.default\">\n\t\t\t\t<div class=\"elementor-widget-container\">\n\t\t\t\t\t\t\t\t\t<ul class=\"special-list number-and-bullet-list\">\n \t<li>Contr\u00f4leur \u00e0 \u00e9cran tactile<\/li>\n \t<li>V\u00e9locim\u00e8tre amovible (timegate) pour calibrage p\u00e9riodique<\/li>\n \t<li>Canons interchangeables<\/li>\n \t<li>Table r\u00e9glable selon les axes X, Y, Z et support de mannequin rotatif<\/li>\n \t<li>Bouton d'arr\u00eat d'urgence<\/li>\n \t<li>Parois en polycarbonate<\/li>\n<\/ul>\n<p style=\"font-size: 12px !important; font-style: italic; color: red;\">*Passez la souris sur les num\u00e9ros de l\u2019image pour afficher une info-bulle avec la description.<\/p>\n<ul class=\"special-list\">\n<li>Laser en croix pour le positionnement de l'impact<\/li>\n<li>Booster de gaz<\/li>\n<\/ul>\t\t\t\t\t\t\t\t<\/div>\n\t\t\t\t<\/div>\n\t\t\t\t<\/div>\n\t\t\t\t<\/div>\n\t\t\t\t<\/div>\n\t\t<div class=\"elementor-element elementor-element-6fd5d60 e-con-full e-flex e-con e-child\" data-id=\"6fd5d60\" data-element_type=\"container\">\n\t\t\t\t<div class=\"elementor-element elementor-element-dd43b50 elementor-widget__width-inherit elementor-hidden-mobile elementor-widget elementor-widget-html\" data-id=\"dd43b50\" data-element_type=\"widget\" data-widget_type=\"html.default\">\n\t\t\t\t<div class=\"elementor-widget-container\">\n\t\t\t\t\t<!-- vision begin -->\n<div class=\"vision-map vision-map-13\"data-json-src=\"https:\/\/www.cadexinc.com\/wp-content\/uploads\/vision\/13\/config.json?ver=1742237875\" data-item-id=\"13\" tabindex=\"1\" style=\"display:none;\" >\n<div class=\"vision-store\">\n<div class=\"vision-layers-data\">\n<div class=\"vision-layer\" data-layer-id=\"b727be50\"><\/div>\n<div class=\"vision-layer\" data-layer-id=\"2299edb3\"><\/div>\n<div class=\"vision-layer\" data-layer-id=\"44d90fe8\"><\/div>\n<div class=\"vision-layer\" data-layer-id=\"98e1f6f8\"><\/div>\n<div class=\"vision-layer\" data-layer-id=\"47128375\"><\/div>\n<div class=\"vision-layer\" data-layer-id=\"f4f126a8\"><\/div>\n<\/div>\n<div class=\"vision-tooltips-data\">\n<div class=\"vision-data\" data-layer-id=\"b727be50\"><p>Contr\u00f4leur \u00e0 \u00e9cran tactile<\/p><\/div>\n<div class=\"vision-data\" data-layer-id=\"2299edb3\"><p>V\u00e9locim\u00e8tre amovible (timegate) pour calibrage p\u00e9riodique<\/p><\/div>\n<div class=\"vision-data\" data-layer-id=\"44d90fe8\"><p>Canons interchangeables<\/p><\/div>\n<div class=\"vision-data\" data-layer-id=\"98e1f6f8\"><p>Table r\u00e9glable selon les axes X, Y, Z et support de mannequin rotatif<\/p><\/div>\n<div class=\"vision-data\" data-layer-id=\"47128375\"><p>Bouton d'arr\u00eat d'urgence<\/p><\/div>\n<div class=\"vision-data\" data-layer-id=\"f4f126a8\"><p>Parois en polycarbonate<\/p><\/div>\n<\/div>\n<div class=\"vision-popovers-data\">\n<div class=\"vision-data\" data-layer-id=\"b727be50\"><\/div>\n<div class=\"vision-data\" data-layer-id=\"2299edb3\"><\/div>\n<div class=\"vision-data\" data-layer-id=\"44d90fe8\"><\/div>\n<div class=\"vision-data\" data-layer-id=\"98e1f6f8\"><\/div>\n<div class=\"vision-data\" data-layer-id=\"47128375\"><\/div>\n<div class=\"vision-data\" data-layer-id=\"f4f126a8\"><\/div>\n<\/div>\n<\/div>\n<\/div>\n<!-- vision end -->\n\t\t\t\t\t<\/div>\n\t\t\t\t<\/div>\n\t\t\t\t<div class=\"elementor-element elementor-element-32c5e29 elementor-widget elementor-widget-text-editor\" data-id=\"32c5e29\" data-element_type=\"widget\" data-widget_type=\"text-editor.default\">\n\t\t\t\t<div class=\"elementor-widget-container\">\n\t\t\t\t\t\t\t\t\t<div class=\"m-auto\">\n<div class=\"divTable LowVelocityBlack\">\n<div class=\"divTableHeading\">\n<div class=\"divTableRow\">\n<div class=\"divTableHead\" style=\"text-align: center !important;\">CALIBRES DISPONIBLES<\/div>\n<\/div>\n<\/div>\n<div class=\"divTableBody\">\n<div class=\"divTableRow\">\n<div class=\"divTableCell\">0,15 cal<\/div>\n<\/div>\n<div class=\"divTableRow\">\n<div class=\"divTableCell\">0,22 cal<\/div>\n<\/div>\n<div class=\"divTableRow\">\n<div class=\"divTableCell\">6 mm<\/div>\n<\/div>\n<div class=\"divTableRow\">\n<div class=\"divTableCell\">0,25 cal<\/div>\n<\/div>\n<\/div>\n<\/div>\n<\/div>\t\t\t\t\t\t\t\t<\/div>\n\t\t\t\t<\/div>\n\t\t\t\t<\/div>\n\t\t\t\t<\/div>\n\t\t\t\t<\/div>\n\t\t<div class=\"elementor-element elementor-element-855dd36 e-con-full e-grid equipment-page-multi-image-box e-con e-child\" data-id=\"855dd36\" data-element_type=\"container\">\n\t\t\t\t<div class=\"elementor-element elementor-element-b0d52c2 elementor-widget elementor-widget-image\" data-id=\"b0d52c2\" data-element_type=\"widget\" data-widget_type=\"image.default\">\n\t\t\t\t<div class=\"elementor-widget-container\">\n\t\t\t\t\t\t\t\t\t\t\t\t<figure class=\"wp-caption\">\n\t\t\t\t\t\t\t\t\t\t<img fetchpriority=\"high\" decoding=\"async\" width=\"597\" height=\"477\" src=\"https:\/\/www.cadexinc.com\/wp-content\/uploads\/2025\/03\/LowVelocityBallisticCannon-Touchscreen-controller.webp\" class=\"attachment-full size-full wp-image-17512\" alt=\"\" srcset=\"https:\/\/www.cadexinc.com\/wp-content\/uploads\/2025\/03\/LowVelocityBallisticCannon-Touchscreen-controller.webp 597w, https:\/\/www.cadexinc.com\/wp-content\/uploads\/2025\/03\/LowVelocityBallisticCannon-Touchscreen-controller-300x240.webp 300w, https:\/\/www.cadexinc.com\/wp-content\/uploads\/2025\/03\/LowVelocityBallisticCannon-Touchscreen-controller-15x12.webp 15w, https:\/\/www.cadexinc.com\/wp-content\/uploads\/2025\/03\/LowVelocityBallisticCannon-Touchscreen-controller-416x332.webp 416w\" sizes=\"(max-width: 597px) 100vw, 597px\" \/>\t\t\t\t\t\t\t\t\t\t\t<figcaption class=\"widget-image-caption wp-caption-text\">Contr\u00f4leur \u00e0 \u00e9cran tactile<\/figcaption>\n\t\t\t\t\t\t\t\t\t\t<\/figure>\n\t\t\t\t\t\t\t\t\t<\/div>\n\t\t\t\t<\/div>\n\t\t\t\t<div class=\"elementor-element elementor-element-cf8b2fc elementor-widget elementor-widget-image\" data-id=\"cf8b2fc\" data-element_type=\"widget\" data-widget_type=\"image.default\">\n\t\t\t\t<div class=\"elementor-widget-container\">\n\t\t\t\t\t\t\t\t\t\t\t\t<figure class=\"wp-caption\">\n\t\t\t\t\t\t\t\t\t\t<img decoding=\"async\" width=\"734\" height=\"563\" src=\"https:\/\/www.cadexinc.com\/wp-content\/uploads\/2025\/03\/LVBC-Velocimeter.webp\" class=\"attachment-full size-full wp-image-16636\" alt=\"\" srcset=\"https:\/\/www.cadexinc.com\/wp-content\/uploads\/2025\/03\/LVBC-Velocimeter.webp 734w, https:\/\/www.cadexinc.com\/wp-content\/uploads\/2025\/03\/LVBC-Velocimeter-300x230.webp 300w, https:\/\/www.cadexinc.com\/wp-content\/uploads\/2025\/03\/LVBC-Velocimeter-16x12.webp 16w, https:\/\/www.cadexinc.com\/wp-content\/uploads\/2025\/03\/LVBC-Velocimeter-416x319.webp 416w\" sizes=\"(max-width: 734px) 100vw, 734px\" \/>\t\t\t\t\t\t\t\t\t\t\t<figcaption class=\"widget-image-caption wp-caption-text\">V\u00e9locim\u00e8tre de haute pr\u00e9cision<\/figcaption>\n\t\t\t\t\t\t\t\t\t\t<\/figure>\n\t\t\t\t\t\t\t\t\t<\/div>\n\t\t\t\t<\/div>\n\t\t\t\t<div class=\"elementor-element elementor-element-0db6815 elementor-widget elementor-widget-image\" data-id=\"0db6815\" data-element_type=\"widget\" data-widget_type=\"image.default\">\n\t\t\t\t<div class=\"elementor-widget-container\">\n\t\t\t\t\t\t\t\t\t\t\t\t<figure class=\"wp-caption\">\n\t\t\t\t\t\t\t\t\t\t<img decoding=\"async\" width=\"734\" height=\"563\" src=\"https:\/\/www.cadexinc.com\/wp-content\/uploads\/2025\/03\/LVBC-Adjustable-table.webp\" class=\"attachment-full size-full wp-image-16634\" alt=\"\" srcset=\"https:\/\/www.cadexinc.com\/wp-content\/uploads\/2025\/03\/LVBC-Adjustable-table.webp 734w, https:\/\/www.cadexinc.com\/wp-content\/uploads\/2025\/03\/LVBC-Adjustable-table-300x230.webp 300w, https:\/\/www.cadexinc.com\/wp-content\/uploads\/2025\/03\/LVBC-Adjustable-table-16x12.webp 16w, https:\/\/www.cadexinc.com\/wp-content\/uploads\/2025\/03\/LVBC-Adjustable-table-416x319.webp 416w\" sizes=\"(max-width: 734px) 100vw, 734px\" \/>\t\t\t\t\t\t\t\t\t\t\t<figcaption class=\"widget-image-caption wp-caption-text\">Table r\u00e9glable et support de mannequin rotatif<\/figcaption>\n\t\t\t\t\t\t\t\t\t\t<\/figure>\n\t\t\t\t\t\t\t\t\t<\/div>\n\t\t\t\t<\/div>\n\t\t\t\t<\/div>\n\t\t\t\t\t<\/div>\n\t\t\t\t<\/div>\n\t\t\t\t<\/div>","protected":false},"excerpt":{"rendered":"<p>The Cadex high velocity ballistic cannon (compress gas gun) is designed and manufactured to test eyewear protection such as goggles, glasses and others, at high velocity. DIMENSIONS (APPROX.): Length: 220 cm \/ 86.6 in Width:\u00a0 \u00a095 cm \/ 37.4 in Height: 185 cm \/ 72.8 in REQUIREMENTS: Power: 110v\/220v \u2013 50\/60 Hz Constant air supply: [&hellip;]<\/p>","protected":false},"author":5,"featured_media":17560,"parent":3188,"menu_order":0,"comment_status":"closed","ping_status":"closed","template":"","meta":{"footnotes":""},"categories":[38],"class_list":["post-119","page","type-page","status-publish","has-post-thumbnail","hentry","category-cannons"],"_links":{"self":[{"href":"https:\/\/www.cadexinc.com\/fr\/wp-json\/wp\/v2\/pages\/119","targetHints":{"allow":["GET"]}}],"collection":[{"href":"https:\/\/www.cadexinc.com\/fr\/wp-json\/wp\/v2\/pages"}],"about":[{"href":"https:\/\/www.cadexinc.com\/fr\/wp-json\/wp\/v2\/types\/page"}],"author":[{"embeddable":true,"href":"https:\/\/www.cadexinc.com\/fr\/wp-json\/wp\/v2\/users\/5"}],"replies":[{"embeddable":true,"href":"https:\/\/www.cadexinc.com\/fr\/wp-json\/wp\/v2\/comments?post=119"}],"version-history":[{"count":157,"href":"https:\/\/www.cadexinc.com\/fr\/wp-json\/wp\/v2\/pages\/119\/revisions"}],"predecessor-version":[{"id":21071,"href":"https:\/\/www.cadexinc.com\/fr\/wp-json\/wp\/v2\/pages\/119\/revisions\/21071"}],"up":[{"embeddable":true,"href":"https:\/\/www.cadexinc.com\/fr\/wp-json\/wp\/v2\/pages\/3188"}],"wp:featuredmedia":[{"embeddable":true,"href":"https:\/\/www.cadexinc.com\/fr\/wp-json\/wp\/v2\/media\/17560"}],"wp:attachment":[{"href":"https:\/\/www.cadexinc.com\/fr\/wp-json\/wp\/v2\/media?parent=119"}],"wp:term":[{"taxonomy":"category","embeddable":true,"href":"https:\/\/www.cadexinc.com\/fr\/wp-json\/wp\/v2\/categories?post=119"}],"curies":[{"name":"wp","href":"https:\/\/api.w.org\/{rel}","templated":true}]}}