{"id":117,"date":"2022-05-17T13:14:32","date_gmt":"2022-05-17T17:14:32","guid":{"rendered":"http:\/\/www.cadexinc.com\/?page_id=117"},"modified":"2026-03-18T14:47:03","modified_gmt":"2026-03-18T18:47:03","slug":"tireur-de-projectiles","status":"publish","type":"page","link":"https:\/\/www.cadexinc.com\/fr\/equipement\/machines\/canon\/tireur-de-projectiles\/","title":{"rendered":"Tireur de projectiles sportifs"},"content":{"rendered":"<div data-elementor-type=\"wp-page\" data-elementor-id=\"117\" class=\"elementor elementor-117\">\n\t\t\t\t<div class=\"elementor-element elementor-element-3317c6bd elementor-hidden-desktop elementor-hidden-tablet e-flex e-con-boxed e-con e-parent\" data-id=\"3317c6bd\" data-element_type=\"container\">\n\t\t\t\t\t<div class=\"e-con-inner\">\n\t\t\t\t<div class=\"elementor-element elementor-element-e44371e elementor-widget__width-inherit elementor-hidden-desktop elementor-hidden-tablet elementor-widget elementor-widget-html\" data-id=\"e44371e\" data-element_type=\"widget\" data-widget_type=\"html.default\">\n\t\t\t\t<div class=\"elementor-widget-container\">\n\t\t\t\t\t<!-- vision begin -->\n<div class=\"vision-map vision-map-14\"data-json-src=\"https:\/\/www.cadexinc.com\/wp-content\/uploads\/vision\/14\/config.json?ver=1741720524\" data-item-id=\"14\" tabindex=\"1\" style=\"display:none;\" >\n<div class=\"vision-store\">\n<div class=\"vision-layers-data\">\n<div class=\"vision-layer\" data-layer-id=\"31a6a87e\"><\/div>\n<div class=\"vision-layer\" data-layer-id=\"66ea8038\"><\/div>\n<div class=\"vision-layer\" data-layer-id=\"f0227509\"><\/div>\n<div class=\"vision-layer\" data-layer-id=\"3b0f7fd2\"><\/div>\n<div class=\"vision-layer\" data-layer-id=\"ecc84e21\"><\/div>\n<div class=\"vision-layer\" data-layer-id=\"be4abb1d\"><\/div>\n<\/div>\n<div class=\"vision-tooltips-data\">\n<div class=\"vision-data\" data-layer-id=\"31a6a87e\"><p>\u00c9cran tactile de commande permettant de r\u00e9gler la pression de la machine, d\u2019actionner le syst\u00e8me et d\u2019obtenir la lecture de la v\u00e9locit\u00e9.<\/p><\/div>\n<div class=\"vision-data\" data-layer-id=\"66ea8038\"><p>Canon de tir interchangeable<\/p><\/div>\n<div class=\"vision-data\" data-layer-id=\"f0227509\"><p>R\u00e9servoir d'air<\/p><\/div>\n<div class=\"vision-data\" data-layer-id=\"3b0f7fd2\"><p>Bouton d'arr\u00eat d'urgence<\/p><\/div>\n<div class=\"vision-data\" data-layer-id=\"ecc84e21\"><p>Table de maintien motoris\u00e9e<\/p><\/div>\n<div class=\"vision-data\" data-layer-id=\"be4abb1d\"><p>Portes \u00e0 ouverture totale de chaque c\u00f4t\u00e9<\/p><\/div>\n<\/div>\n<div class=\"vision-popovers-data\">\n<div class=\"vision-data\" data-layer-id=\"31a6a87e\"><\/div>\n<div class=\"vision-data\" data-layer-id=\"66ea8038\"><\/div>\n<div class=\"vision-data\" data-layer-id=\"f0227509\"><\/div>\n<div class=\"vision-data\" data-layer-id=\"3b0f7fd2\"><\/div>\n<div class=\"vision-data\" data-layer-id=\"ecc84e21\"><\/div>\n<div class=\"vision-data\" data-layer-id=\"be4abb1d\"><\/div>\n<\/div>\n<\/div>\n<\/div>\n<!-- vision end -->\n\n<p style=\"font-size: 12px !important; font-style: italic; color: red; text-align: right;\">*Le mod\u00e8le peut diff\u00e9rer de la photo<\/p>\t\t\t\t<\/div>\n\t\t\t\t<\/div>\n\t\t\t\t\t<\/div>\n\t\t\t\t<\/div>\n\t\t<div class=\"elementor-element elementor-element-5fb9a1b e-flex e-con-boxed e-con e-parent\" data-id=\"5fb9a1b\" data-element_type=\"container\">\n\t\t\t\t\t<div class=\"e-con-inner\">\n\t\t<div class=\"elementor-element elementor-element-e4bde73 e-con-full e-flex e-con e-child\" data-id=\"e4bde73\" data-element_type=\"container\">\n\t\t<div class=\"elementor-element elementor-element-9735a7c e-con-full e-flex e-con e-child\" data-id=\"9735a7c\" data-element_type=\"container\">\n\t\t<div class=\"elementor-element elementor-element-4ed4e47 e-con-full equipment-main-right-block e-flex e-con e-child\" data-id=\"4ed4e47\" data-element_type=\"container\">\n\t\t<div class=\"elementor-element elementor-element-b195d0d e-con-full e-flex e-con e-child\" data-id=\"b195d0d\" data-element_type=\"container\">\n\t\t\t\t<div class=\"elementor-element elementor-element-c1ab1a7 elementor-widget elementor-widget-text-editor\" data-id=\"c1ab1a7\" data-element_type=\"widget\" data-widget_type=\"text-editor.default\">\n\t\t\t\t<div class=\"elementor-widget-container\">\n\t\t\t\t\t\t\t\t\t<p class=\"cdx-title cdx-text-align-justify\">Le lanceur de projectiles sportifs Cadex est con\u00e7u et fabriqu\u00e9 pour tirer diff\u00e9rents types de projectiles, tels que des palets de hockey, des balles de baseball\/softball, et d\u2019autres. Il est conforme aux normes CSA, NOCSAE, ainsi qu\u2019\u00e0 d\u2019autres standards de test.<\/p>\t\t\t\t\t\t\t\t<\/div>\n\t\t\t\t<\/div>\n\t\t\t\t<div class=\"elementor-element elementor-element-b91b1f9 equipment-sub-titles elementor-widget elementor-widget-heading\" data-id=\"b91b1f9\" data-element_type=\"widget\" data-widget_type=\"heading.default\">\n\t\t\t\t<div class=\"elementor-widget-container\">\n\t\t\t\t\t<h6 class=\"elementor-heading-title elementor-size-default\">DIMENSIONS (APPROX.) :<\/h6>\t\t\t\t<\/div>\n\t\t\t\t<\/div>\n\t\t\t\t<div class=\"elementor-element elementor-element-5048805 elementor-widget elementor-widget-text-editor\" data-id=\"5048805\" data-element_type=\"widget\" data-widget_type=\"text-editor.default\">\n\t\t\t\t<div class=\"elementor-widget-container\">\n\t\t\t\t\t\t\t\t\t<ul class=\"special-list\">\n<li>Longueur : 208,28 cm \/ 82 in<\/li>\n<li>Width:\u00a0 \u00a085.09 cm \/ 33.5 in<\/li>\n<li>Hauteur : 197,18 cm \/ 77,63 in<\/li>\n<\/ul>\t\t\t\t\t\t\t\t<\/div>\n\t\t\t\t<\/div>\n\t\t\t\t<div class=\"elementor-element elementor-element-f4ec303 equipment-sub-titles elementor-widget elementor-widget-heading\" data-id=\"f4ec303\" data-element_type=\"widget\" data-widget_type=\"heading.default\">\n\t\t\t\t<div class=\"elementor-widget-container\">\n\t\t\t\t\t<h6 class=\"elementor-heading-title elementor-size-default\">EXIGENCES\u202f:<\/h6>\t\t\t\t<\/div>\n\t\t\t\t<\/div>\n\t\t\t\t<div class=\"elementor-element elementor-element-5be347f elementor-widget elementor-widget-text-editor\" data-id=\"5be347f\" data-element_type=\"widget\" data-widget_type=\"text-editor.default\">\n\t\t\t\t<div class=\"elementor-widget-container\">\n\t\t\t\t\t\t\t\t\t<ul class=\"special-list\">\n<li>Power: 110v\/220v \u2013 50\/60 Hz<\/li>\n<li>Alimentation en air constante : 100 psi \u00e0 15 cfm<\/li>\n<\/ul>\t\t\t\t\t\t\t\t<\/div>\n\t\t\t\t<\/div>\n\t\t\t\t<div class=\"elementor-element elementor-element-369fa33 equipment-sub-titles elementor-widget elementor-widget-heading\" data-id=\"369fa33\" data-element_type=\"widget\" data-widget_type=\"heading.default\">\n\t\t\t\t<div class=\"elementor-widget-container\">\n\t\t\t\t\t<h6 class=\"elementor-heading-title elementor-size-default\">CARACT\u00c9RISTIQUES\u202f:<\/h6>\t\t\t\t<\/div>\n\t\t\t\t<\/div>\n\t\t\t\t<div class=\"elementor-element elementor-element-e3149f1 elementor-widget elementor-widget-text-editor\" data-id=\"e3149f1\" data-element_type=\"widget\" data-widget_type=\"text-editor.default\">\n\t\t\t\t<div class=\"elementor-widget-container\">\n\t\t\t\t\t\t\t\t\t<ul class=\"special-list number-and-bullet-list\">\n<li>Contr\u00f4leur \u00e0 \u00e9cran tactile permettant d'actionner la pression de la machine, de d\u00e9clencher le syst\u00e8me et d'obtenir la lecture de la vitesse.<\/li>\n<li>Canon de tir interchangeable<\/li>\n<li>R\u00e9servoir d'air<\/li>\n<li>Bouton d'arr\u00eat d'urgence<\/li>\n<li>Table de maintien motoris\u00e9e<\/li>\n<li>Portes \u00e0 ouverture totale de chaque c\u00f4t\u00e9<\/li>\n<\/ul>\n<p style=\"font-size: 12px !important; font-style: italic; color: red;\">*Passez la souris sur les num\u00e9ros de l\u2019image pour afficher une info-bulle avec la description.<\/p>\n<ul class=\"special-list\">\n<li>Barils disponibles : hockey, baseball, softball, crosse, cricket, tennis, squash, racquetball et autres.<\/li>\n<li>Support de coiffe pour les tests NOCSAE (vendu s\u00e9par\u00e9ment)<\/li>\n<\/ul>\t\t\t\t\t\t\t\t<\/div>\n\t\t\t\t<\/div>\n\t\t\t\t<\/div>\n\t\t\t\t<\/div>\n\t\t\t\t<\/div>\n\t\t<div class=\"elementor-element elementor-element-1c777f9 e-con-full e-flex e-con e-child\" data-id=\"1c777f9\" data-element_type=\"container\">\n\t\t\t\t<div class=\"elementor-element elementor-element-b41bda9 elementor-widget__width-inherit elementor-hidden-mobile elementor-widget elementor-widget-html\" data-id=\"b41bda9\" data-element_type=\"widget\" data-widget_type=\"html.default\">\n\t\t\t\t<div class=\"elementor-widget-container\">\n\t\t\t\t\t<!-- vision begin -->\n<div class=\"vision-map vision-map-14\"data-json-src=\"https:\/\/www.cadexinc.com\/wp-content\/uploads\/vision\/14\/config.json?ver=1741720524\" data-item-id=\"14\" tabindex=\"1\" style=\"display:none;\" >\n<div class=\"vision-store\">\n<div class=\"vision-layers-data\">\n<div class=\"vision-layer\" data-layer-id=\"31a6a87e\"><\/div>\n<div class=\"vision-layer\" data-layer-id=\"66ea8038\"><\/div>\n<div class=\"vision-layer\" data-layer-id=\"f0227509\"><\/div>\n<div class=\"vision-layer\" data-layer-id=\"3b0f7fd2\"><\/div>\n<div class=\"vision-layer\" data-layer-id=\"ecc84e21\"><\/div>\n<div class=\"vision-layer\" data-layer-id=\"be4abb1d\"><\/div>\n<\/div>\n<div class=\"vision-tooltips-data\">\n<div class=\"vision-data\" data-layer-id=\"31a6a87e\"><p>\u00c9cran tactile de commande permettant de r\u00e9gler la pression de la machine, d\u2019actionner le syst\u00e8me et d\u2019obtenir la lecture de la v\u00e9locit\u00e9.<\/p><\/div>\n<div class=\"vision-data\" data-layer-id=\"66ea8038\"><p>Canon de tir interchangeable<\/p><\/div>\n<div class=\"vision-data\" data-layer-id=\"f0227509\"><p>R\u00e9servoir d'air<\/p><\/div>\n<div class=\"vision-data\" data-layer-id=\"3b0f7fd2\"><p>Bouton d'arr\u00eat d'urgence<\/p><\/div>\n<div class=\"vision-data\" data-layer-id=\"ecc84e21\"><p>Table de maintien motoris\u00e9e<\/p><\/div>\n<div class=\"vision-data\" data-layer-id=\"be4abb1d\"><p>Portes \u00e0 ouverture totale de chaque c\u00f4t\u00e9<\/p><\/div>\n<\/div>\n<div class=\"vision-popovers-data\">\n<div class=\"vision-data\" data-layer-id=\"31a6a87e\"><\/div>\n<div class=\"vision-data\" data-layer-id=\"66ea8038\"><\/div>\n<div class=\"vision-data\" data-layer-id=\"f0227509\"><\/div>\n<div class=\"vision-data\" data-layer-id=\"3b0f7fd2\"><\/div>\n<div class=\"vision-data\" data-layer-id=\"ecc84e21\"><\/div>\n<div class=\"vision-data\" data-layer-id=\"be4abb1d\"><\/div>\n<\/div>\n<\/div>\n<\/div>\n<!-- vision end -->\n\n<p style=\"font-size: 12px !important; font-style: italic; color: red; text-align: right;\">*Le mod\u00e8le peut diff\u00e9rer de la photo<\/p>\t\t\t\t<\/div>\n\t\t\t\t<\/div>\n\t\t\t\t<\/div>\n\t\t\t\t<\/div>\n\t\t\t\t\t<\/div>\n\t\t\t\t<\/div>\n\t\t<div class=\"elementor-element elementor-element-b8d3faf e-grid e-con-boxed e-con e-parent\" data-id=\"b8d3faf\" data-element_type=\"container\">\n\t\t\t\t\t<div class=\"e-con-inner\">\n\t\t<div class=\"elementor-element elementor-element-2b34638 e-con-full e-grid equipment-page-multi-image-box e-con e-child\" data-id=\"2b34638\" data-element_type=\"container\">\n\t\t\t\t<div class=\"elementor-element elementor-element-043e505 elementor-widget elementor-widget-image\" data-id=\"043e505\" data-element_type=\"widget\" data-widget_type=\"image.default\">\n\t\t\t\t<div class=\"elementor-widget-container\">\n\t\t\t\t\t\t\t\t\t\t\t\t<figure class=\"wp-caption\">\n\t\t\t\t\t\t\t\t\t\t<img fetchpriority=\"high\" decoding=\"async\" width=\"540\" height=\"431\" src=\"https:\/\/www.cadexinc.com\/wp-content\/uploads\/2025\/03\/sport-projectile-shooter-touchscreen.webp\" class=\"attachment-full size-full wp-image-17297\" alt=\"\" srcset=\"https:\/\/www.cadexinc.com\/wp-content\/uploads\/2025\/03\/sport-projectile-shooter-touchscreen.webp 540w, https:\/\/www.cadexinc.com\/wp-content\/uploads\/2025\/03\/sport-projectile-shooter-touchscreen-300x239.webp 300w, https:\/\/www.cadexinc.com\/wp-content\/uploads\/2025\/03\/sport-projectile-shooter-touchscreen-15x12.webp 15w, https:\/\/www.cadexinc.com\/wp-content\/uploads\/2025\/03\/sport-projectile-shooter-touchscreen-416x332.webp 416w\" sizes=\"(max-width: 540px) 100vw, 540px\" \/>\t\t\t\t\t\t\t\t\t\t\t<figcaption class=\"widget-image-caption wp-caption-text\">Contr\u00f4leur \u00e0 \u00e9cran tactile<\/figcaption>\n\t\t\t\t\t\t\t\t\t\t<\/figure>\n\t\t\t\t\t\t\t\t\t<\/div>\n\t\t\t\t<\/div>\n\t\t\t\t<\/div>\n\t\t<div class=\"elementor-element elementor-element-4be1f50 e-con-full e-grid equipment-page-multi-image-box e-con e-child\" data-id=\"4be1f50\" data-element_type=\"container\">\n\t\t\t\t<div class=\"elementor-element elementor-element-9e3422b elementor-widget elementor-widget-image\" data-id=\"9e3422b\" data-element_type=\"widget\" data-widget_type=\"image.default\">\n\t\t\t\t<div class=\"elementor-widget-container\">\n\t\t\t\t\t\t\t\t\t\t\t\t<figure class=\"wp-caption\">\n\t\t\t\t\t\t\t\t\t\t<img decoding=\"async\" width=\"980\" height=\"432\" src=\"https:\/\/www.cadexinc.com\/wp-content\/uploads\/2025\/03\/sport-projectile-shooter-MotorizedTable-1024x451.webp\" class=\"attachment-large size-large wp-image-17299\" alt=\"\" srcset=\"https:\/\/www.cadexinc.com\/wp-content\/uploads\/2025\/03\/sport-projectile-shooter-MotorizedTable-1024x451.webp 1024w, https:\/\/www.cadexinc.com\/wp-content\/uploads\/2025\/03\/sport-projectile-shooter-MotorizedTable-300x132.webp 300w, https:\/\/www.cadexinc.com\/wp-content\/uploads\/2025\/03\/sport-projectile-shooter-MotorizedTable-768x339.webp 768w, https:\/\/www.cadexinc.com\/wp-content\/uploads\/2025\/03\/sport-projectile-shooter-MotorizedTable-18x8.webp 18w, https:\/\/www.cadexinc.com\/wp-content\/uploads\/2025\/03\/sport-projectile-shooter-MotorizedTable-416x183.webp 416w, https:\/\/www.cadexinc.com\/wp-content\/uploads\/2025\/03\/sport-projectile-shooter-MotorizedTable.webp 1193w\" sizes=\"(max-width: 980px) 100vw, 980px\" \/>\t\t\t\t\t\t\t\t\t\t\t<figcaption class=\"widget-image-caption wp-caption-text\">Table de maintien motoris\u00e9e montr\u00e9e avec support de mannequin (non inclus)<\/figcaption>\n\t\t\t\t\t\t\t\t\t\t<\/figure>\n\t\t\t\t\t\t\t\t\t<\/div>\n\t\t\t\t<\/div>\n\t\t\t\t<\/div>\n\t\t\t\t\t<\/div>\n\t\t\t\t<\/div>\n\t\t\t\t<\/div>","protected":false},"excerpt":{"rendered":"<p>*Model may differ from the picture The Cadex sport projectile shooter is designed and manufactured to shoot different projectiles such as hockey pucks, baseball\/softball balls and others. Complies with CSA, NOCSAE and other testing standards. DIMENSIONS (APPROX.): Length: 208.28 cm \/ 82 in Width:\u00a0 \u00a085.09 cm \/ 33.5 in Height: 197.18 cm \/ 77.63 in [&hellip;]<\/p>","protected":false},"author":5,"featured_media":17291,"parent":3188,"menu_order":0,"comment_status":"closed","ping_status":"closed","template":"","meta":{"footnotes":""},"categories":[38],"class_list":["post-117","page","type-page","status-publish","has-post-thumbnail","hentry","category-cannons"],"_links":{"self":[{"href":"https:\/\/www.cadexinc.com\/fr\/wp-json\/wp\/v2\/pages\/117","targetHints":{"allow":["GET"]}}],"collection":[{"href":"https:\/\/www.cadexinc.com\/fr\/wp-json\/wp\/v2\/pages"}],"about":[{"href":"https:\/\/www.cadexinc.com\/fr\/wp-json\/wp\/v2\/types\/page"}],"author":[{"embeddable":true,"href":"https:\/\/www.cadexinc.com\/fr\/wp-json\/wp\/v2\/users\/5"}],"replies":[{"embeddable":true,"href":"https:\/\/www.cadexinc.com\/fr\/wp-json\/wp\/v2\/comments?post=117"}],"version-history":[{"count":198,"href":"https:\/\/www.cadexinc.com\/fr\/wp-json\/wp\/v2\/pages\/117\/revisions"}],"predecessor-version":[{"id":21074,"href":"https:\/\/www.cadexinc.com\/fr\/wp-json\/wp\/v2\/pages\/117\/revisions\/21074"}],"up":[{"embeddable":true,"href":"https:\/\/www.cadexinc.com\/fr\/wp-json\/wp\/v2\/pages\/3188"}],"wp:featuredmedia":[{"embeddable":true,"href":"https:\/\/www.cadexinc.com\/fr\/wp-json\/wp\/v2\/media\/17291"}],"wp:attachment":[{"href":"https:\/\/www.cadexinc.com\/fr\/wp-json\/wp\/v2\/media?parent=117"}],"wp:term":[{"taxonomy":"category","embeddable":true,"href":"https:\/\/www.cadexinc.com\/fr\/wp-json\/wp\/v2\/categories?post=117"}],"curies":[{"name":"wp","href":"https:\/\/api.w.org\/{rel}","templated":true}]}}