{"id":11503,"date":"2023-06-27T15:28:47","date_gmt":"2023-06-27T19:28:47","guid":{"rendered":"http:\/\/www.cadexinc.com\/?page_id=11503"},"modified":"2023-07-18T16:39:12","modified_gmt":"2023-07-18T20:39:12","slug":"machine-dessai-dimpact-a-pendule","status":"publish","type":"page","link":"https:\/\/www.cadexinc.com\/fr\/equipement\/machines\/machines-a-chocs\/machine-dessai-dimpact-a-pendule\/","title":{"rendered":"Machine d'essai d'impact \u00e0 pendule"},"content":{"rendered":"<div class=\"container\">\r\n<div class=\"align-items-start row\">\r\n<div class=\"col-sm-6\">\r\n\r\n<h3 class=\"fw-light mt-4 mb-3 model_title text-uppercase\">Caract\u00e9ristiques :<\/h3>\r\n<ol class=\"list-group list-group-numbered cdx-control\" style=\"margin-left:0 !important;\">\r\n<li class=\"list-group-item\">Contr\u00f4leur \u00e0 \u00e9cran tactile<\/li> \r\n<li class=\"list-group-item\"> V\u00e9locim\u00e8tre (timegate) pour lecture de la vitesse<\/li> \r\n<\/ol>\r\n\r\n<h3 class=\"fw-light mt-5 mb-3 model_title text-uppercase\">Dimensions (approx.) :<\/h3>\r\n<ul class=\"list-group\">\r\n<li>Longueur : 136,53 cm \/ 53,75 in<\/li>\r\n<li>Largeur : 232,41 cm \/ 91,5 in<\/li>\r\n<li>Hauteur : 335,28 cm \/ 132 in<\/li>\r\n<\/ul>\r\n<div class=\"align-items-start row mt-5\">\r\n<div class=\"col-sm-10\">\r\n<center><figure class=\"figure pt-2 cdx-border bg-white\"><img decoding=\"async\" src=\"http:\/\/www.cadexinc.com\/wp-content\/uploads\/2023\/06\/pendulum-touchscreen.webp\" alt=\"Contr\u00f4leur \u00e0 \u00e9cran tactile\" class=\"img-fluid cdx-img-80\" \/><figcaption class=\"figure-caption text-center text-dark fs-7 mt-1\"><p class=\"d-flex flex-column p-2 m-0 fs-7 fst-italic mx-auto justify-content-center bg-light\">Contr\u00f4leur \u00e0 \u00e9cran tactile<\/p><\/figcaption><\/figure><\/center>\r\n<\/div>\r\n<\/div>\r\n<\/div>\r\n<div class=\"col-sm-6\">\r\n<center><figure class=\"figure\"><img decoding=\"async\" src=\"http:\/\/www.cadexinc.com\/wp-content\/uploads\/2023\/06\/pendulum-main.webp\" title=\"\" alt=\"\" class=\"img-fluid cdx-img-70\" \/><\/figure><\/center>\r\n<\/div>\r\n<\/div>\r\n<\/div>","protected":false},"excerpt":{"rendered":"<p>Caract\u00e9ristiques : Contr\u00f4leur \u00e0 \u00e9cran tactile V\u00e9locim\u00e8tre (timegate) pour la lecture rapide Dimensions (Approx.) : Longueur : 136,53 cm \/ 53,75 in Largeur : 232,41 cm \/ 91,5 in Hauteur : 335,28 cm \/ 132 in<\/p>","protected":false},"author":5,"featured_media":0,"parent":3180,"menu_order":0,"comment_status":"closed","ping_status":"closed","template":"","meta":{"footnotes":""},"categories":[],"class_list":["post-11503","page","type-page","status-publish","hentry"],"_links":{"self":[{"href":"https:\/\/www.cadexinc.com\/fr\/wp-json\/wp\/v2\/pages\/11503","targetHints":{"allow":["GET"]}}],"collection":[{"href":"https:\/\/www.cadexinc.com\/fr\/wp-json\/wp\/v2\/pages"}],"about":[{"href":"https:\/\/www.cadexinc.com\/fr\/wp-json\/wp\/v2\/types\/page"}],"author":[{"embeddable":true,"href":"https:\/\/www.cadexinc.com\/fr\/wp-json\/wp\/v2\/users\/5"}],"replies":[{"embeddable":true,"href":"https:\/\/www.cadexinc.com\/fr\/wp-json\/wp\/v2\/comments?post=11503"}],"version-history":[{"count":24,"href":"https:\/\/www.cadexinc.com\/fr\/wp-json\/wp\/v2\/pages\/11503\/revisions"}],"predecessor-version":[{"id":14530,"href":"https:\/\/www.cadexinc.com\/fr\/wp-json\/wp\/v2\/pages\/11503\/revisions\/14530"}],"up":[{"embeddable":true,"href":"https:\/\/www.cadexinc.com\/fr\/wp-json\/wp\/v2\/pages\/3180"}],"wp:attachment":[{"href":"https:\/\/www.cadexinc.com\/fr\/wp-json\/wp\/v2\/media?parent=11503"}],"wp:term":[{"taxonomy":"category","embeddable":true,"href":"https:\/\/www.cadexinc.com\/fr\/wp-json\/wp\/v2\/categories?post=11503"}],"curies":[{"name":"wp","href":"https:\/\/api.w.org\/{rel}","templated":true}]}}