{"id":115,"date":"2022-05-17T13:14:04","date_gmt":"2022-05-17T17:14:04","guid":{"rendered":"http:\/\/www.cadexinc.com\/?page_id=115"},"modified":"2026-03-18T13:55:55","modified_gmt":"2026-03-18T17:55:55","slug":"frottement-de-la-surface-de-projection-b","status":"publish","type":"page","link":"https:\/\/www.cadexinc.com\/fr\/equipement\/machines\/le-frottement-de-la-surface-de-projection\/frottement-de-la-surface-de-projection-b\/","title":{"rendered":"Projection et frottement de surface (m\u00e9thode B)"},"content":{"rendered":"<div data-elementor-type=\"wp-page\" data-elementor-id=\"115\" class=\"elementor elementor-115\">\n\t\t\t\t<div class=\"elementor-element elementor-element-1eb899b0 elementor-hidden-desktop elementor-hidden-tablet e-flex e-con-boxed e-con e-parent\" data-id=\"1eb899b0\" data-element_type=\"container\">\n\t\t\t\t\t<div class=\"e-con-inner\">\n\t\t\t\t<div class=\"elementor-element elementor-element-404b939 elementor-widget elementor-widget-image\" data-id=\"404b939\" data-element_type=\"widget\" data-widget_type=\"image.default\">\n\t\t\t\t<div class=\"elementor-widget-container\">\n\t\t\t\t\t\t\t\t\t\t\t\t\t\t\t<img fetchpriority=\"high\" decoding=\"async\" width=\"980\" height=\"902\" src=\"https:\/\/www.cadexinc.com\/wp-content\/uploads\/2025\/03\/Projection-and-surface-friction_main-1024x942.webp\" class=\"attachment-large size-large wp-image-16623\" alt=\"\" srcset=\"https:\/\/www.cadexinc.com\/wp-content\/uploads\/2025\/03\/Projection-and-surface-friction_main-1024x942.webp 1024w, https:\/\/www.cadexinc.com\/wp-content\/uploads\/2025\/03\/Projection-and-surface-friction_main-300x276.webp 300w, https:\/\/www.cadexinc.com\/wp-content\/uploads\/2025\/03\/Projection-and-surface-friction_main-768x706.webp 768w, https:\/\/www.cadexinc.com\/wp-content\/uploads\/2025\/03\/Projection-and-surface-friction_main-1536x1413.webp 1536w, https:\/\/www.cadexinc.com\/wp-content\/uploads\/2025\/03\/Projection-and-surface-friction_main-13x12.webp 13w, https:\/\/www.cadexinc.com\/wp-content\/uploads\/2025\/03\/Projection-and-surface-friction_main-416x383.webp 416w, https:\/\/www.cadexinc.com\/wp-content\/uploads\/2025\/03\/Projection-and-surface-friction_main.webp 1630w\" sizes=\"(max-width: 980px) 100vw, 980px\" \/>\t\t\t\t\t\t\t\t\t\t\t\t\t\t\t<\/div>\n\t\t\t\t<\/div>\n\t\t\t\t\t<\/div>\n\t\t\t\t<\/div>\n\t\t<div class=\"elementor-element elementor-element-e6417bf e-flex e-con-boxed e-con e-parent\" data-id=\"e6417bf\" data-element_type=\"container\">\n\t\t\t\t\t<div class=\"e-con-inner\">\n\t\t<div class=\"elementor-element elementor-element-0623da2 e-con-full e-flex e-con e-child\" data-id=\"0623da2\" data-element_type=\"container\">\n\t\t<div class=\"elementor-element elementor-element-0b13135 e-con-full e-flex e-con e-child\" data-id=\"0b13135\" data-element_type=\"container\">\n\t\t<div class=\"elementor-element elementor-element-979fab3 e-con-full equipment-main-right-block e-flex e-con e-child\" data-id=\"979fab3\" data-element_type=\"container\">\n\t\t<div class=\"elementor-element elementor-element-e10278f e-con-full e-flex e-con e-child\" data-id=\"e10278f\" data-element_type=\"container\">\n\t\t\t\t<div class=\"elementor-element elementor-element-816f53a elementor-widget elementor-widget-text-editor\" data-id=\"816f53a\" data-element_type=\"widget\" data-widget_type=\"text-editor.default\">\n\t\t\t\t<div class=\"elementor-widget-container\">\n\t\t\t\t\t\t\t\t\t<p class=\"cdx-title cdx-text-align-justify\">Le syst\u00e8me Cadex pour projection et frottement de surface (m\u00e9thode B) est con\u00e7u et fabriqu\u00e9 conform\u00e9ment \u00e0 la norme ECE 22. Cette machine permet de r\u00e9aliser \u00e0 la fois des essais de friction et de cisaillement.<\/p>\t\t\t\t\t\t\t\t<\/div>\n\t\t\t\t<\/div>\n\t\t\t\t<div class=\"elementor-element elementor-element-e15ada0 equipment-sub-titles elementor-widget elementor-widget-heading\" data-id=\"e15ada0\" data-element_type=\"widget\" data-widget_type=\"heading.default\">\n\t\t\t\t<div class=\"elementor-widget-container\">\n\t\t\t\t\t<h6 class=\"elementor-heading-title elementor-size-default\">DIMENSIONS (APPROX.) :<\/h6>\t\t\t\t<\/div>\n\t\t\t\t<\/div>\n\t\t\t\t<div class=\"elementor-element elementor-element-d1c2e96 elementor-widget elementor-widget-text-editor\" data-id=\"d1c2e96\" data-element_type=\"widget\" data-widget_type=\"text-editor.default\">\n\t\t\t\t<div class=\"elementor-widget-container\">\n\t\t\t\t\t\t\t\t\t<ul class=\"special-list\">\n<li>Longueur : 248,92 cm (longueur maximale)<\/li>\n<li>Width:\u00a0 \u00a077.47 cm \/ 30.5 in<\/li>\n<li>Hauteur : 160.99 cm \/ 63.38 in<\/li>\n<\/ul>\t\t\t\t\t\t\t\t<\/div>\n\t\t\t\t<\/div>\n\t\t\t\t<div class=\"elementor-element elementor-element-ad11db3 equipment-sub-titles elementor-widget elementor-widget-heading\" data-id=\"ad11db3\" data-element_type=\"widget\" data-widget_type=\"heading.default\">\n\t\t\t\t<div class=\"elementor-widget-container\">\n\t\t\t\t\t<h6 class=\"elementor-heading-title elementor-size-default\">CARACT\u00c9RISTIQUES\u202f:<\/h6>\t\t\t\t<\/div>\n\t\t\t\t<\/div>\n\t\t\t\t<div class=\"elementor-element elementor-element-e28b513 elementor-widget elementor-widget-text-editor\" data-id=\"e28b513\" data-element_type=\"widget\" data-widget_type=\"text-editor.default\">\n\t\t\t\t<div class=\"elementor-widget-container\">\n\t\t\t\t\t\t\t\t\t<ul class=\"special-list\">\n<li>Contr\u00f4leur \u00e0 \u00e9cran tactile<\/li>\n<li>Syst\u00e8me pneumatique pour appliquer la force<\/li>\n<li>Masse tombante guid\u00e9e<\/li>\n<li>Pare-chocs d'arr\u00eat dynamique<\/li>\n<li>Manom\u00e8tre<\/li>\n<li>Table coulissante r\u00e9glable<\/li>\n<li>Surface abrasive interchangeable<\/li>\n<li>Cellule de charge int\u00e9gr\u00e9e<\/li>\n<li>Point horaire int\u00e9gr\u00e9 pour l'acquisition de la vitesse<\/li>\n<\/ul>\n<p class=\"fst-italic mt-4 fs-7 text-danger cdx-notation\">*Forme de t\u00eate non incluse et vendue s\u00e9par\u00e9ment<\/p>\t\t\t\t\t\t\t\t<\/div>\n\t\t\t\t<\/div>\n\t\t\t\t<div class=\"elementor-element elementor-element-6c05d64 equipment-sub-titles elementor-widget elementor-widget-heading\" data-id=\"6c05d64\" data-element_type=\"widget\" data-widget_type=\"heading.default\">\n\t\t\t\t<div class=\"elementor-widget-container\">\n\t\t\t\t\t<h6 class=\"elementor-heading-title elementor-size-default\">EXIGENCES\u202f:<\/h6>\t\t\t\t<\/div>\n\t\t\t\t<\/div>\n\t\t\t\t<div class=\"elementor-element elementor-element-4d1cd58 elementor-widget elementor-widget-text-editor\" data-id=\"4d1cd58\" data-element_type=\"widget\" data-widget_type=\"text-editor.default\">\n\t\t\t\t<div class=\"elementor-widget-container\">\n\t\t\t\t\t\t\t\t\t<ul class=\"special-list\">\n<li>Power: 110v\/220v \u2013 50\/60 Hz<\/li>\n<li>Alimentation en air constante : 80 psi \u00e0 1 cfm<\/li>\n<\/ul>\t\t\t\t\t\t\t\t<\/div>\n\t\t\t\t<\/div>\n\t\t\t\t<\/div>\n\t\t\t\t<\/div>\n\t\t\t\t<\/div>\n\t\t<div class=\"elementor-element elementor-element-eaf71ac e-con-full e-flex e-con e-child\" data-id=\"eaf71ac\" data-element_type=\"container\">\n\t\t\t\t<div class=\"elementor-element elementor-element-3bbe342 elementor-hidden-mobile elementor-widget elementor-widget-image\" data-id=\"3bbe342\" data-element_type=\"widget\" data-widget_type=\"image.default\">\n\t\t\t\t<div class=\"elementor-widget-container\">\n\t\t\t\t\t\t\t\t\t\t\t\t\t\t\t<img fetchpriority=\"high\" decoding=\"async\" width=\"980\" height=\"902\" src=\"https:\/\/www.cadexinc.com\/wp-content\/uploads\/2025\/03\/Projection-and-surface-friction_main-1024x942.webp\" class=\"attachment-large size-large wp-image-16623\" alt=\"\" srcset=\"https:\/\/www.cadexinc.com\/wp-content\/uploads\/2025\/03\/Projection-and-surface-friction_main-1024x942.webp 1024w, https:\/\/www.cadexinc.com\/wp-content\/uploads\/2025\/03\/Projection-and-surface-friction_main-300x276.webp 300w, https:\/\/www.cadexinc.com\/wp-content\/uploads\/2025\/03\/Projection-and-surface-friction_main-768x706.webp 768w, https:\/\/www.cadexinc.com\/wp-content\/uploads\/2025\/03\/Projection-and-surface-friction_main-1536x1413.webp 1536w, https:\/\/www.cadexinc.com\/wp-content\/uploads\/2025\/03\/Projection-and-surface-friction_main-13x12.webp 13w, https:\/\/www.cadexinc.com\/wp-content\/uploads\/2025\/03\/Projection-and-surface-friction_main-416x383.webp 416w, https:\/\/www.cadexinc.com\/wp-content\/uploads\/2025\/03\/Projection-and-surface-friction_main.webp 1630w\" sizes=\"(max-width: 980px) 100vw, 980px\" \/>\t\t\t\t\t\t\t\t\t\t\t\t\t\t\t<\/div>\n\t\t\t\t<\/div>\n\t\t\t\t<\/div>\n\t\t\t\t<\/div>\n\t\t\t\t\t<\/div>\n\t\t\t\t<\/div>\n\t\t<div class=\"elementor-element elementor-element-b41441d e-flex e-con-boxed e-con e-parent\" data-id=\"b41441d\" data-element_type=\"container\">\n\t\t\t\t\t<div class=\"e-con-inner\">\n\t\t<div class=\"elementor-element elementor-element-903d0a5 e-con-full e-grid equipment-page-multi-image-box e-con e-child\" data-id=\"903d0a5\" data-element_type=\"container\">\n\t\t<div class=\"elementor-element elementor-element-4300e6d e-grid e-con-full equipment-images-left-block e-con e-child\" data-id=\"4300e6d\" data-element_type=\"container\">\n\t\t\t\t<div class=\"elementor-element elementor-element-dead9a1 elementor-widget elementor-widget-image\" data-id=\"dead9a1\" data-element_type=\"widget\" data-widget_type=\"image.default\">\n\t\t\t\t<div class=\"elementor-widget-container\">\n\t\t\t\t\t\t\t\t\t\t\t\t<figure class=\"wp-caption\">\n\t\t\t\t\t\t\t\t\t\t<img decoding=\"async\" width=\"980\" height=\"518\" src=\"https:\/\/www.cadexinc.com\/wp-content\/uploads\/2022\/12\/SB053-3-1.jpg\" class=\"attachment-large size-large wp-image-7988\" alt=\"\" srcset=\"https:\/\/www.cadexinc.com\/wp-content\/uploads\/2022\/12\/SB053-3-1.jpg 995w, https:\/\/www.cadexinc.com\/wp-content\/uploads\/2022\/12\/SB053-3-1-300x159.jpg 300w, https:\/\/www.cadexinc.com\/wp-content\/uploads\/2022\/12\/SB053-3-1-768x406.jpg 768w, https:\/\/www.cadexinc.com\/wp-content\/uploads\/2022\/12\/SB053-3-1-416x220.jpg 416w\" sizes=\"(max-width: 980px) 100vw, 980px\" \/>\t\t\t\t\t\t\t\t\t\t\t<figcaption class=\"widget-image-caption wp-caption-text\">Hauteur et distance du casque r\u00e9glables<\/figcaption>\n\t\t\t\t\t\t\t\t\t\t<\/figure>\n\t\t\t\t\t\t\t\t\t<\/div>\n\t\t\t\t<\/div>\n\t\t\t\t<\/div>\n\t\t\t\t<div class=\"elementor-element elementor-element-47302bb elementor-widget elementor-widget-image\" data-id=\"47302bb\" data-element_type=\"widget\" data-widget_type=\"image.default\">\n\t\t\t\t<div class=\"elementor-widget-container\">\n\t\t\t\t\t\t\t\t\t\t\t\t<figure class=\"wp-caption\">\n\t\t\t\t\t\t\t\t\t\t<img decoding=\"async\" width=\"469\" height=\"255\" src=\"https:\/\/www.cadexinc.com\/wp-content\/uploads\/2023\/07\/Projection-and-Surface-Friction-Touchscreen-controller.webp\" class=\"attachment-large size-large wp-image-12418\" alt=\"\" srcset=\"https:\/\/www.cadexinc.com\/wp-content\/uploads\/2023\/07\/Projection-and-Surface-Friction-Touchscreen-controller.webp 469w, https:\/\/www.cadexinc.com\/wp-content\/uploads\/2023\/07\/Projection-and-Surface-Friction-Touchscreen-controller-300x163.webp 300w, https:\/\/www.cadexinc.com\/wp-content\/uploads\/2023\/07\/Projection-and-Surface-Friction-Touchscreen-controller-416x226.webp 416w\" sizes=\"(max-width: 469px) 100vw, 469px\" \/>\t\t\t\t\t\t\t\t\t\t\t<figcaption class=\"widget-image-caption wp-caption-text\">\u00c9cran tactile de contr\u00f4le et manom\u00e8tre<\/figcaption>\n\t\t\t\t\t\t\t\t\t\t<\/figure>\n\t\t\t\t\t\t\t\t\t<\/div>\n\t\t\t\t<\/div>\n\t\t\t\t<\/div>\n\t\t\t\t\t<\/div>\n\t\t\t\t<\/div>\n\t\t\t\t<\/div>","protected":false},"excerpt":{"rendered":"<p>The Cadex projection and surface friction (method B) is designed and manufactured in accordance with ECE 22 standard. This machine performs both friction and shear tests. DIMENSIONS (APPROX.): Length: 248.92 cm \/ 98 in (maximum length) Width:\u00a0 \u00a077.47 cm \/ 30.5 in Height: 160.99 cm \/ 63.38 in FEATURES: Touchscreen controller Pneumatic system to apply [&hellip;]<\/p>","protected":false},"author":5,"featured_media":16623,"parent":3183,"menu_order":0,"comment_status":"closed","ping_status":"closed","template":"","meta":{"footnotes":""},"categories":[37],"class_list":["post-115","page","type-page","status-publish","has-post-thumbnail","hentry","category-projection-surface-friction"],"_links":{"self":[{"href":"https:\/\/www.cadexinc.com\/fr\/wp-json\/wp\/v2\/pages\/115","targetHints":{"allow":["GET"]}}],"collection":[{"href":"https:\/\/www.cadexinc.com\/fr\/wp-json\/wp\/v2\/pages"}],"about":[{"href":"https:\/\/www.cadexinc.com\/fr\/wp-json\/wp\/v2\/types\/page"}],"author":[{"embeddable":true,"href":"https:\/\/www.cadexinc.com\/fr\/wp-json\/wp\/v2\/users\/5"}],"replies":[{"embeddable":true,"href":"https:\/\/www.cadexinc.com\/fr\/wp-json\/wp\/v2\/comments?post=115"}],"version-history":[{"count":65,"href":"https:\/\/www.cadexinc.com\/fr\/wp-json\/wp\/v2\/pages\/115\/revisions"}],"predecessor-version":[{"id":21064,"href":"https:\/\/www.cadexinc.com\/fr\/wp-json\/wp\/v2\/pages\/115\/revisions\/21064"}],"up":[{"embeddable":true,"href":"https:\/\/www.cadexinc.com\/fr\/wp-json\/wp\/v2\/pages\/3183"}],"wp:featuredmedia":[{"embeddable":true,"href":"https:\/\/www.cadexinc.com\/fr\/wp-json\/wp\/v2\/media\/16623"}],"wp:attachment":[{"href":"https:\/\/www.cadexinc.com\/fr\/wp-json\/wp\/v2\/media?parent=115"}],"wp:term":[{"taxonomy":"category","embeddable":true,"href":"https:\/\/www.cadexinc.com\/fr\/wp-json\/wp\/v2\/categories?post=115"}],"curies":[{"name":"wp","href":"https:\/\/api.w.org\/{rel}","templated":true}]}}