{"id":113,"date":"2022-05-17T13:13:47","date_gmt":"2022-05-17T17:13:47","guid":{"rendered":"http:\/\/www.cadexinc.com\/?page_id=113"},"modified":"2022-12-02T09:15:02","modified_gmt":"2022-12-02T14:15:02","slug":"friction-de-la-surface-de-projection-a","status":"publish","type":"page","link":"https:\/\/www.cadexinc.com\/fr\/equipement\/machines\/le-frottement-de-la-surface-de-projection\/friction-de-la-surface-de-projection-a\/","title":{"rendered":"Projection et frottement de surface (m\u00e9thode A)"},"content":{"rendered":"<div class=\"container\">\r\n<div class=\"align-items-start pt-5 row\">\r\n<div class=\"col-sm-6\">\r\n<h3 class=\"fw-light mt-4 mb-3 model_title text-uppercase\">Caract\u00e9ristiques :<\/h3>\r\n<ul class=\"list-group mb-4\">\r\n<li>Cadre en fil de fer jumel\u00e9 avec tuyaux de support<\/li>\r\n<li>Porte horaire pour la lecture rapide<\/li>\r\n<li>Enclume \u00e0 barre et enclume abrasive incluses<\/li>\r\n<li>Parois grillag\u00e9es de protection incluses<\/li>\r\n<li>Syst\u00e8me motoris\u00e9<\/li>\r\n<li>Cellule de charge pour la lecture de la force tangentielle incluse<\/li>\r\n<\/ul>\r\n\r\n<h3 class=\"fw-light mt-4 mb-3 model_title text-uppercase\">Dimensions (approx.) :<\/h3>\r\n<ul class=\"list-group mb-5\">\r\n<li>Hauteur : 675,49 cm (265,94 in)<\/li>\r\n<li>Largeur : 146,16 cm (57.54.37 in)<\/li>\r\n<li>Profondeur : 119,28 cm (46,96 in)<\/li>\r\n<li>Poids : 489,28 kg<\/li>\r\n<li>Mat\u00e9riau : Acier et aluminium.<\/li>\r\n<\/ul>\r\n\r\n<div class=\"row align-items-end pt-8\">\r\n<div class=\"col-sm-8\">\r\n<center><figure class=\"figure pt-2 cdx-border bg-white\"><img decoding=\"async\" src=\"http:\/\/www.cadexinc.com\/wp-content\/uploads\/2022\/12\/SB023-2.jpg\" alt=\"Enclume instrument\u00e9e avec cellules de charge pour la lecture de la force tangentielle\" class=\"img-fluid cdx-img-70\" \/><figcaption class=\"figure-caption text-center text-dark fs-7 mt-1\"><p class=\"d-flex flex-column p-2 m-0 fs-7 fst-italic mx-auto justify-content-center bg-light\">Enclume instrument\u00e9e avec cellules de charge pour la lecture de la force tangentielle<\/p><\/figcaption><\/figure><\/center>\r\n<\/div>\r\n<\/div>\r\n\r\n<\/div>\r\n<div class=\"col-sm-6 cdx-alt\">\r\n<center><figure class=\"figure pt-2 cdx-border bg-white\"><img decoding=\"async\" src=\"http:\/\/www.cadexinc.com\/wp-content\/uploads\/2022\/12\/SB023-top.jpg\" alt=\"Vue du dessus\" class=\"img-fluid cdx-img-90\" \/><figcaption class=\"figure-caption text-center text-dark fs-7 mt-1\"><p class=\"d-flex flex-column p-2 m-0 fs-7 fst-italic mx-auto justify-content-center bg-light\">Vue du dessus<\/p><\/figcaption><\/figure><\/center>\r\n<center><figure class=\"figure pt-2 cdx-border bg-white\"><img decoding=\"async\" src=\"http:\/\/www.cadexinc.com\/wp-content\/uploads\/2022\/12\/SB023-bottom.jpg\" alt=\"Vue par le dessous\" class=\"img-fluid cdx-img-90\" \/><figcaption class=\"figure-caption text-center text-dark fs-7 mt-1\"><p class=\"d-flex flex-column p-2 m-0 fs-7 fst-italic mx-auto justify-content-center bg-light\">Vue par le dessous<\/p><\/figcaption><\/figure><\/center>\r\n<\/div>\r\n\r\n<\/div>\r\n<\/div>","protected":false},"excerpt":{"rendered":"<p>Caract\u00e9ristiques : Cadre en fil de fer double avec tuyaux de support Porte horaire pour une lecture rapide Enclume \u00e0 barre et enclume abrasive incluses Parois en treillis de protection incluses Syst\u00e8me motoris\u00e9 Cellule de charge pour la lecture de la force tangentielle incluse Dimensions (Approx.) : Hauteur : 675.49 cm (265.94 in) Largeur : 146.16 cm (57.54.37 in) Profondeur : 119.28 cm (46.96 in) Poids : 489.28 kg Mat\u00e9riau : Acier et aluminium.<\/p>","protected":false},"author":5,"featured_media":0,"parent":3183,"menu_order":0,"comment_status":"closed","ping_status":"closed","template":"","meta":{"footnotes":""},"categories":[37],"class_list":["post-113","page","type-page","status-publish","hentry","category-projection-surface-friction"],"_links":{"self":[{"href":"https:\/\/www.cadexinc.com\/fr\/wp-json\/wp\/v2\/pages\/113","targetHints":{"allow":["GET"]}}],"collection":[{"href":"https:\/\/www.cadexinc.com\/fr\/wp-json\/wp\/v2\/pages"}],"about":[{"href":"https:\/\/www.cadexinc.com\/fr\/wp-json\/wp\/v2\/types\/page"}],"author":[{"embeddable":true,"href":"https:\/\/www.cadexinc.com\/fr\/wp-json\/wp\/v2\/users\/5"}],"replies":[{"embeddable":true,"href":"https:\/\/www.cadexinc.com\/fr\/wp-json\/wp\/v2\/comments?post=113"}],"version-history":[{"count":24,"href":"https:\/\/www.cadexinc.com\/fr\/wp-json\/wp\/v2\/pages\/113\/revisions"}],"predecessor-version":[{"id":7989,"href":"https:\/\/www.cadexinc.com\/fr\/wp-json\/wp\/v2\/pages\/113\/revisions\/7989"}],"up":[{"embeddable":true,"href":"https:\/\/www.cadexinc.com\/fr\/wp-json\/wp\/v2\/pages\/3183"}],"wp:attachment":[{"href":"https:\/\/www.cadexinc.com\/fr\/wp-json\/wp\/v2\/media?parent=113"}],"wp:term":[{"taxonomy":"category","embeddable":true,"href":"https:\/\/www.cadexinc.com\/fr\/wp-json\/wp\/v2\/categories?post=113"}],"curies":[{"name":"wp","href":"https:\/\/api.w.org\/{rel}","templated":true}]}}