{"id":11139,"date":"2023-06-26T10:58:12","date_gmt":"2023-06-26T14:58:12","guid":{"rendered":"http:\/\/www.cadexinc.com\/?page_id=11139"},"modified":"2026-03-24T10:12:30","modified_gmt":"2026-03-24T14:12:30","slug":"resistance-a-la-penetration-tube-dargile","status":"publish","type":"page","link":"https:\/\/www.cadexinc.com\/fr\/equipement\/tetes-de-betail\/resistance-a-la-penetration-tube-dargile\/","title":{"rendered":"Tube d\u2019argile pour r\u00e9sistance \u00e0 la p\u00e9n\u00e9tration"},"content":{"rendered":"<div data-elementor-type=\"wp-page\" data-elementor-id=\"11139\" class=\"elementor elementor-11139\">\n\t\t\t\t<div class=\"elementor-element elementor-element-2f4b52 e-flex e-con-boxed e-con e-parent\" data-id=\"2f4b52\" data-element_type=\"container\">\n\t\t\t\t\t<div class=\"e-con-inner\">\n\t\t\t\t\t<\/div>\n\t\t\t\t<\/div>\n\t\t<div class=\"elementor-element elementor-element-796a3fc e-flex e-con-boxed e-con e-parent\" data-id=\"796a3fc\" data-element_type=\"container\">\n\t\t\t\t\t<div class=\"e-con-inner\">\n\t\t<div class=\"elementor-element elementor-element-b937ccb e-con-full e-grid e-con e-child\" data-id=\"b937ccb\" data-element_type=\"container\">\n\t\t<div class=\"elementor-element elementor-element-1f12ddf e-con-full e-flex e-con e-child\" data-id=\"1f12ddf\" data-element_type=\"container\">\n\t\t\t\t<div class=\"elementor-element elementor-element-eeb29dc elementor-widget elementor-widget-text-editor\" data-id=\"eeb29dc\" data-element_type=\"widget\" data-widget_type=\"text-editor.default\">\n\t\t\t\t<div class=\"elementor-widget-container\">\n\t\t\t\t\t\t\t\t\t<p class=\"cdx-title cdx-text-align-justify\">Ce tube d\u2019argile est con\u00e7u pour r\u00e9aliser le test de r\u00e9sistance \u00e0 la p\u00e9n\u00e9tration de la coque conform\u00e9ment au T8131 japonais \u2013 Annexe 2 (pour la protection lors de chutes et de roulades). Il est fourni avec un connecteur rapide (f\u00e9minin) pour r\u00e9duire le temps de montage.<\/p>\t\t\t\t\t\t\t\t<\/div>\n\t\t\t\t<\/div>\n\t\t\t\t<div class=\"elementor-element elementor-element-08390c4 equipment-sub-titles elementor-widget elementor-widget-heading\" data-id=\"08390c4\" data-element_type=\"widget\" data-widget_type=\"heading.default\">\n\t\t\t\t<div class=\"elementor-widget-container\">\n\t\t\t\t\t<h6 class=\"elementor-heading-title elementor-size-default\">CARACT\u00c9RISTIQUES\u202f:<\/h6>\t\t\t\t<\/div>\n\t\t\t\t<\/div>\n\t\t\t\t<div class=\"elementor-element elementor-element-e0f8668 elementor-widget elementor-widget-text-editor\" data-id=\"e0f8668\" data-element_type=\"widget\" data-widget_type=\"text-editor.default\">\n\t\t\t\t<div class=\"elementor-widget-container\">\n\t\t\t\t\t\t\t\t\t<ul class=\"special-list\">\n<li>Mat\u00e9riau : aluminium<\/li>\n<li>Fiche technique incluse<\/li>\n<li>Livr\u00e9 avec un connecteur femelle \u00e0 d\u00e9gagement rapide<\/li>\n<\/ul>\t\t\t\t\t\t\t\t<\/div>\n\t\t\t\t<\/div>\n\t\t\t\t<\/div>\n\t\t\t\t<div class=\"elementor-element elementor-element-2f782a4 elementor-widget elementor-widget-image\" data-id=\"2f782a4\" data-element_type=\"widget\" data-widget_type=\"image.default\">\n\t\t\t\t<div class=\"elementor-widget-container\">\n\t\t\t\t\t\t\t\t\t\t\t\t\t\t\t<img fetchpriority=\"high\" decoding=\"async\" width=\"414\" height=\"1024\" src=\"https:\/\/www.cadexinc.com\/wp-content\/uploads\/2023\/07\/Penetration-resistance-clay-tube_main-1-414x1024.webp\" class=\"attachment-large size-large wp-image-14244\" alt=\"\" srcset=\"https:\/\/www.cadexinc.com\/wp-content\/uploads\/2023\/07\/Penetration-resistance-clay-tube_main-1-414x1024.webp 414w, https:\/\/www.cadexinc.com\/wp-content\/uploads\/2023\/07\/Penetration-resistance-clay-tube_main-1-121x300.webp 121w, https:\/\/www.cadexinc.com\/wp-content\/uploads\/2023\/07\/Penetration-resistance-clay-tube_main-1-416x1028.webp 416w, https:\/\/www.cadexinc.com\/wp-content\/uploads\/2023\/07\/Penetration-resistance-clay-tube_main-1.webp 597w\" sizes=\"(max-width: 414px) 100vw, 414px\" \/>\t\t\t\t\t\t\t\t\t\t\t\t\t\t\t<\/div>\n\t\t\t\t<\/div>\n\t\t\t\t<div class=\"elementor-element elementor-element-0a41469 elementor-widget elementor-widget-image\" data-id=\"0a41469\" data-element_type=\"widget\" data-widget_type=\"image.default\">\n\t\t\t\t<div class=\"elementor-widget-container\">\n\t\t\t\t\t\t\t\t\t\t\t\t\t\t\t<img decoding=\"async\" width=\"553\" height=\"864\" src=\"https:\/\/www.cadexinc.com\/wp-content\/uploads\/2023\/07\/Penetration-resistance-clay-tube_pict.webp\" class=\"attachment-large size-large wp-image-14153\" alt=\"\" srcset=\"https:\/\/www.cadexinc.com\/wp-content\/uploads\/2023\/07\/Penetration-resistance-clay-tube_pict.webp 553w, https:\/\/www.cadexinc.com\/wp-content\/uploads\/2023\/07\/Penetration-resistance-clay-tube_pict-192x300.webp 192w, https:\/\/www.cadexinc.com\/wp-content\/uploads\/2023\/07\/Penetration-resistance-clay-tube_pict-416x650.webp 416w\" sizes=\"(max-width: 553px) 100vw, 553px\" \/>\t\t\t\t\t\t\t\t\t\t\t\t\t\t\t<\/div>\n\t\t\t\t<\/div>\n\t\t\t\t<\/div>\n\t\t\t\t\t<\/div>\n\t\t\t\t<\/div>\n\t\t\t\t<\/div>","protected":false},"excerpt":{"rendered":"<p>This clay tube is designed to achieve the shell penetration resistance test as per the Japanese T8131 \u2013 Annex 2 (for protection at the time of tumbling and falling down). Comes with quick release (female) connector to reduce set up time. FEATURES: Material: aluminum Technical data sheet included Comes with quick release (female) connector<\/p>","protected":false},"author":5,"featured_media":0,"parent":3156,"menu_order":0,"comment_status":"closed","ping_status":"closed","template":"","meta":{"footnotes":""},"categories":[],"class_list":["post-11139","page","type-page","status-publish","hentry"],"_links":{"self":[{"href":"https:\/\/www.cadexinc.com\/fr\/wp-json\/wp\/v2\/pages\/11139","targetHints":{"allow":["GET"]}}],"collection":[{"href":"https:\/\/www.cadexinc.com\/fr\/wp-json\/wp\/v2\/pages"}],"about":[{"href":"https:\/\/www.cadexinc.com\/fr\/wp-json\/wp\/v2\/types\/page"}],"author":[{"embeddable":true,"href":"https:\/\/www.cadexinc.com\/fr\/wp-json\/wp\/v2\/users\/5"}],"replies":[{"embeddable":true,"href":"https:\/\/www.cadexinc.com\/fr\/wp-json\/wp\/v2\/comments?post=11139"}],"version-history":[{"count":37,"href":"https:\/\/www.cadexinc.com\/fr\/wp-json\/wp\/v2\/pages\/11139\/revisions"}],"predecessor-version":[{"id":21301,"href":"https:\/\/www.cadexinc.com\/fr\/wp-json\/wp\/v2\/pages\/11139\/revisions\/21301"}],"up":[{"embeddable":true,"href":"https:\/\/www.cadexinc.com\/fr\/wp-json\/wp\/v2\/pages\/3156"}],"wp:attachment":[{"href":"https:\/\/www.cadexinc.com\/fr\/wp-json\/wp\/v2\/media?parent=11139"}],"wp:term":[{"taxonomy":"category","embeddable":true,"href":"https:\/\/www.cadexinc.com\/fr\/wp-json\/wp\/v2\/categories?post=11139"}],"curies":[{"name":"wp","href":"https:\/\/api.w.org\/{rel}","templated":true}]}}