{"id":111,"date":"2022-05-17T13:12:58","date_gmt":"2022-05-17T17:12:58","guid":{"rendered":"http:\/\/www.cadexinc.com\/?page_id=111"},"modified":"2025-09-11T16:50:44","modified_gmt":"2025-09-11T20:50:44","slug":"machine-dessai-de-chaussures-a-double-securite","status":"publish","type":"page","link":"https:\/\/www.cadexinc.com\/fr\/equipement\/machines\/machines-a-chocs\/machine-dessai-de-chaussures-a-double-securite\/","title":{"rendered":"Machine de test pour chaussures de s\u00e9curit\u00e9 double (2 en 1)"},"content":{"rendered":"<div data-elementor-type=\"wp-page\" data-elementor-id=\"111\" class=\"elementor elementor-111\">\n\t\t\t\t<div class=\"elementor-element elementor-element-31e77798 elementor-hidden-desktop elementor-hidden-tablet e-flex e-con-boxed e-con e-parent\" data-id=\"31e77798\" data-element_type=\"container\">\n\t\t\t\t\t<div class=\"e-con-inner\">\n\t\t\t\t<div class=\"elementor-element elementor-element-d609576 elementor-widget elementor-widget-html\" data-id=\"d609576\" data-element_type=\"widget\" data-widget_type=\"html.default\">\n\t\t\t\t<div class=\"elementor-widget-container\">\n\t\t\t\t\t<!-- vision begin -->\n<div class=\"vision-map vision-map-1\"data-json-src=\"https:\/\/www.cadexinc.com\/wp-content\/uploads\/vision\/1\/config.json?ver=1705341761\" data-item-id=\"1\" tabindex=\"1\" style=\"display:none;\" >\n<div class=\"vision-store\">\n<div class=\"vision-layers-data\">\n<div class=\"vision-layer\" data-layer-id=\"38d8d0e3\"><\/div>\n<div class=\"vision-layer\" data-layer-id=\"e9457e45\"><\/div>\n<div class=\"vision-layer\" data-layer-id=\"8d8808f9\"><\/div>\n<div class=\"vision-layer\" data-layer-id=\"e12f2708\"><\/div>\n<div class=\"vision-layer\" data-layer-id=\"517afa17\"><\/div>\n<div class=\"vision-layer\" data-layer-id=\"1c723d36\"><\/div>\n<div class=\"vision-layer\" data-layer-id=\"1dfd5052\"><\/div>\n<div class=\"vision-layer\" data-layer-id=\"da7413f8\"><\/div>\n<\/div>\n<div class=\"vision-tooltips-data\">\n<div class=\"vision-data\" data-layer-id=\"38d8d0e3\"><p>Contr\u00f4leur \u00e0 \u00e9cran tactile<\/p><\/div>\n<div class=\"vision-data\" data-layer-id=\"e9457e45\"><p>Deux boutons de lib\u00e9ration par chute<\/p><\/div>\n<div class=\"vision-data\" data-layer-id=\"8d8808f9\"><p>Bouchon de s\u00e9curit\u00e9<\/p><\/div>\n<div class=\"vision-data\" data-layer-id=\"e12f2708\"><p>\u00c9l\u00e9vateur manuel<\/p><\/div>\n<div class=\"vision-data\" data-layer-id=\"517afa17\"><p>V\u00e9locim\u00e8tre (timegate) pour lecture de la vitesse<\/p><\/div>\n<div class=\"vision-data\" data-layer-id=\"1c723d36\"><p>Profil de l'impacteur<\/p><\/div>\n<div class=\"vision-data\" data-layer-id=\"1dfd5052\"><p>Encodeur de hauteur \u00e9lectronique<\/p><\/div>\n<div class=\"vision-data\" data-layer-id=\"da7413f8\"><p>Capteur d\u2019amortissement<\/p><\/div>\n<\/div>\n<div class=\"vision-popovers-data\">\n<div class=\"vision-data\" data-layer-id=\"38d8d0e3\"><\/div>\n<div class=\"vision-data\" data-layer-id=\"e9457e45\"><\/div>\n<div class=\"vision-data\" data-layer-id=\"8d8808f9\"><\/div>\n<div class=\"vision-data\" data-layer-id=\"e12f2708\"><\/div>\n<div class=\"vision-data\" data-layer-id=\"517afa17\"><\/div>\n<div class=\"vision-data\" data-layer-id=\"1c723d36\"><\/div>\n<div class=\"vision-data\" data-layer-id=\"1dfd5052\"><\/div>\n<div class=\"vision-data\" data-layer-id=\"da7413f8\"><\/div>\n<\/div>\n<\/div>\n<\/div>\n<!-- vision end -->\n\t\t\t\t<\/div>\n\t\t\t\t<\/div>\n\t\t\t\t\t<\/div>\n\t\t\t\t<\/div>\n\t\t<div class=\"elementor-element elementor-element-f06ba5f e-flex e-con-boxed e-con e-parent\" data-id=\"f06ba5f\" data-element_type=\"container\">\n\t\t\t\t\t<div class=\"e-con-inner\">\n\t\t<div class=\"elementor-element elementor-element-7db0e2f e-con-full e-flex e-con e-child\" data-id=\"7db0e2f\" data-element_type=\"container\">\n\t\t<div class=\"elementor-element elementor-element-5d6aa9a e-con-full e-flex e-con e-child\" data-id=\"5d6aa9a\" data-element_type=\"container\">\n\t\t<div class=\"elementor-element elementor-element-6ac38c9 e-con-full equipment-main-right-block e-flex e-con e-child\" data-id=\"6ac38c9\" data-element_type=\"container\">\n\t\t<div class=\"elementor-element elementor-element-4f6570f e-con-full e-flex e-con e-child\" data-id=\"4f6570f\" data-element_type=\"container\">\n\t\t\t\t<div class=\"elementor-element elementor-element-0602f04 elementor-widget elementor-widget-text-editor\" data-id=\"0602f04\" data-element_type=\"widget\" data-widget_type=\"text-editor.default\">\n\t\t\t\t<div class=\"elementor-widget-container\">\n\t\t\t\t\t\t\t\t\t<p>La machine d\u2019essai de chaussures de s\u00e9curit\u00e9 double est con\u00e7ue pour r\u00e9pondre aux exigences des normes CSA\u202fZ195:2009 et EN\u202fISO\u202f20345\/20344. Elle est utilis\u00e9e pour tester les renforts de protection (embout et protection m\u00e9tatarsienne) des chaussures, telles que les chaussures ou bottes de s\u00e9curit\u00e9.<\/p>\t\t\t\t\t\t\t\t<\/div>\n\t\t\t\t<\/div>\n\t\t\t\t<div class=\"elementor-element elementor-element-aa8cebc equipment-sub-titles elementor-widget elementor-widget-heading\" data-id=\"aa8cebc\" data-element_type=\"widget\" data-widget_type=\"heading.default\">\n\t\t\t\t<div class=\"elementor-widget-container\">\n\t\t\t\t\t<h6 class=\"elementor-heading-title elementor-size-default\">DIMENSIONS (APPROX.) :<\/h6>\t\t\t\t<\/div>\n\t\t\t\t<\/div>\n\t\t\t\t<div class=\"elementor-element elementor-element-d59fbaf elementor-widget elementor-widget-text-editor\" data-id=\"d59fbaf\" data-element_type=\"widget\" data-widget_type=\"text-editor.default\">\n\t\t\t\t<div class=\"elementor-widget-container\">\n\t\t\t\t\t\t\t\t\t<p>\u2022\u00a0 \u00a0 Longueur de la base : 100,66 cm \/ 39,63 in<br \/>\u2022\u00a0 \u00a0 Largeur de la base : 73,66 cm \/ 29 in<br \/>\u2022\u00a0 \u00a0 Hauteur : 228,3 cm \/ 89,88 in<br \/>\u2022\u00a0 \u00a0 Mat\u00e9riau : acier et aluminium<\/p>\t\t\t\t\t\t\t\t<\/div>\n\t\t\t\t<\/div>\n\t\t\t\t<div class=\"elementor-element elementor-element-de2ec34 equipment-sub-titles elementor-widget elementor-widget-heading\" data-id=\"de2ec34\" data-element_type=\"widget\" data-widget_type=\"heading.default\">\n\t\t\t\t<div class=\"elementor-widget-container\">\n\t\t\t\t\t<h6 class=\"elementor-heading-title elementor-size-default\">CARACT\u00c9RISTIQUES\u202f:<\/h6>\t\t\t\t<\/div>\n\t\t\t\t<\/div>\n\t\t\t\t<div class=\"elementor-element elementor-element-97b6293 elementor-widget elementor-widget-text-editor\" data-id=\"97b6293\" data-element_type=\"widget\" data-widget_type=\"text-editor.default\">\n\t\t\t\t<div class=\"elementor-widget-container\">\n\t\t\t\t\t\t\t\t\t<p>1\u00a0 \u00a0 Contr\u00f4leur \u00e0 \u00e9cran tactile<br \/>2\u00a0 \u00a0 Deux boutons de lib\u00e9ration par chute<br \/>3\u00a0 \u00a0 But\u00e9e de s\u00e9curit\u00e9<br \/>4\u00a0 \u00a0 \u00c9l\u00e9vateur manuel<br \/>5\u00a0 \u00a0 V\u00e9locim\u00e8tre (timegate) pour lecture de la vitesse<br \/>6\u00a0 \u00a0 Profil de l\u2019impacteur<br \/>7\u00a0 \u00a0 Encodeur de hauteur \u00e9lectronique<br \/>8\u00a0 \u00a0 Capteur d\u2019amortissement<\/p><p class=\"cdx-tooltip pt-3 text-danger text-start fst-italic fs-7\">*Passez la souris sur les num\u00e9ros de l\u2019image pour afficher une info-bulle avec la description.<\/p>\t\t\t\t\t\t\t\t<\/div>\n\t\t\t\t<\/div>\n\t\t\t\t<div class=\"elementor-element elementor-element-f963615 elementor-widget elementor-widget-image\" data-id=\"f963615\" data-element_type=\"widget\" data-widget_type=\"image.default\">\n\t\t\t\t<div class=\"elementor-widget-container\">\n\t\t\t\t\t\t\t\t\t\t\t\t\t\t\t<img decoding=\"async\" width=\"200\" height=\"200\" src=\"https:\/\/www.cadexinc.com\/wp-content\/uploads\/2022\/10\/dual-safety-shoes-testing-machine-sign.png\" class=\"attachment-large size-large wp-image-5489\" alt=\"\" srcset=\"https:\/\/www.cadexinc.com\/wp-content\/uploads\/2022\/10\/dual-safety-shoes-testing-machine-sign.png 200w, https:\/\/www.cadexinc.com\/wp-content\/uploads\/2022\/10\/dual-safety-shoes-testing-machine-sign-100x100.png 100w, https:\/\/www.cadexinc.com\/wp-content\/uploads\/2022\/10\/dual-safety-shoes-testing-machine-sign-150x150.png 150w, https:\/\/www.cadexinc.com\/wp-content\/uploads\/2022\/10\/dual-safety-shoes-testing-machine-sign-50x50.png 50w\" sizes=\"(max-width: 200px) 100vw, 200px\" \/>\t\t\t\t\t\t\t\t\t\t\t\t\t\t\t<\/div>\n\t\t\t\t<\/div>\n\t\t\t\t<\/div>\n\t\t<div class=\"elementor-element elementor-element-cfda113 e-con-full e-grid equipment-page-multi-image-box e-con e-child\" data-id=\"cfda113\" data-element_type=\"container\">\n\t\t<div class=\"elementor-element elementor-element-88c0435 e-grid e-con-full equipment-images-left-block e-con e-child\" data-id=\"88c0435\" data-element_type=\"container\">\n\t\t\t\t<div class=\"elementor-element elementor-element-ee8c655 elementor-widget elementor-widget-image\" data-id=\"ee8c655\" data-element_type=\"widget\" data-widget_type=\"image.default\">\n\t\t\t\t<div class=\"elementor-widget-container\">\n\t\t\t\t\t\t\t\t\t\t\t\t<figure class=\"wp-caption\">\n\t\t\t\t\t\t\t\t\t\t<img fetchpriority=\"high\" decoding=\"async\" width=\"477\" height=\"668\" src=\"https:\/\/www.cadexinc.com\/wp-content\/uploads\/2023\/06\/Toe-caps-test.webp\" class=\"attachment-large size-large wp-image-11542\" alt=\"\" srcset=\"https:\/\/www.cadexinc.com\/wp-content\/uploads\/2023\/06\/Toe-caps-test.webp 477w, https:\/\/www.cadexinc.com\/wp-content\/uploads\/2023\/06\/Toe-caps-test-214x300.webp 214w, https:\/\/www.cadexinc.com\/wp-content\/uploads\/2023\/06\/Toe-caps-test-416x583.webp 416w\" sizes=\"(max-width: 477px) 100vw, 477px\" \/>\t\t\t\t\t\t\t\t\t\t\t<figcaption class=\"widget-image-caption wp-caption-text\">Test des embouts de protection (toe caps)<\/figcaption>\n\t\t\t\t\t\t\t\t\t\t<\/figure>\n\t\t\t\t\t\t\t\t\t<\/div>\n\t\t\t\t<\/div>\n\t\t\t\t<div class=\"elementor-element elementor-element-f9c10f3 elementor-widget elementor-widget-image\" data-id=\"f9c10f3\" data-element_type=\"widget\" data-widget_type=\"image.default\">\n\t\t\t\t<div class=\"elementor-widget-container\">\n\t\t\t\t\t\t\t\t\t\t\t\t<figure class=\"wp-caption\">\n\t\t\t\t\t\t\t\t\t\t<img decoding=\"async\" width=\"477\" height=\"668\" src=\"https:\/\/www.cadexinc.com\/wp-content\/uploads\/2023\/07\/Metatarsal-test.webp\" class=\"attachment-large size-large wp-image-14338\" alt=\"\" srcset=\"https:\/\/www.cadexinc.com\/wp-content\/uploads\/2023\/07\/Metatarsal-test.webp 477w, https:\/\/www.cadexinc.com\/wp-content\/uploads\/2023\/07\/Metatarsal-test-214x300.webp 214w, https:\/\/www.cadexinc.com\/wp-content\/uploads\/2023\/07\/Metatarsal-test-416x583.webp 416w\" sizes=\"(max-width: 477px) 100vw, 477px\" \/>\t\t\t\t\t\t\t\t\t\t\t<figcaption class=\"widget-image-caption wp-caption-text\">Test m\u00e9tatarsien<\/figcaption>\n\t\t\t\t\t\t\t\t\t\t<\/figure>\n\t\t\t\t\t\t\t\t\t<\/div>\n\t\t\t\t<\/div>\n\t\t\t\t<\/div>\n\t\t\t\t<\/div>\n\t\t\t\t<\/div>\n\t\t\t\t<\/div>\n\t\t<div class=\"elementor-element elementor-element-ddc9739 e-con-full elementor-hidden-mobile e-flex e-con e-child\" data-id=\"ddc9739\" data-element_type=\"container\">\n\t\t\t\t<div class=\"elementor-element elementor-element-c7c5407 elementor-widget__width-initial elementor-widget elementor-widget-html\" data-id=\"c7c5407\" data-element_type=\"widget\" data-widget_type=\"html.default\">\n\t\t\t\t<div class=\"elementor-widget-container\">\n\t\t\t\t\t<!-- vision begin -->\n<div class=\"vision-map vision-map-1\"data-json-src=\"https:\/\/www.cadexinc.com\/wp-content\/uploads\/vision\/1\/config.json?ver=1705341761\" data-item-id=\"1\" tabindex=\"1\" style=\"display:none;\" >\n<div class=\"vision-store\">\n<div class=\"vision-layers-data\">\n<div class=\"vision-layer\" data-layer-id=\"38d8d0e3\"><\/div>\n<div class=\"vision-layer\" data-layer-id=\"e9457e45\"><\/div>\n<div class=\"vision-layer\" data-layer-id=\"8d8808f9\"><\/div>\n<div class=\"vision-layer\" data-layer-id=\"e12f2708\"><\/div>\n<div class=\"vision-layer\" data-layer-id=\"517afa17\"><\/div>\n<div class=\"vision-layer\" data-layer-id=\"1c723d36\"><\/div>\n<div class=\"vision-layer\" data-layer-id=\"1dfd5052\"><\/div>\n<div class=\"vision-layer\" data-layer-id=\"da7413f8\"><\/div>\n<\/div>\n<div class=\"vision-tooltips-data\">\n<div class=\"vision-data\" data-layer-id=\"38d8d0e3\"><p>Contr\u00f4leur \u00e0 \u00e9cran tactile<\/p><\/div>\n<div class=\"vision-data\" data-layer-id=\"e9457e45\"><p>Deux boutons de lib\u00e9ration par chute<\/p><\/div>\n<div class=\"vision-data\" data-layer-id=\"8d8808f9\"><p>Bouchon de s\u00e9curit\u00e9<\/p><\/div>\n<div class=\"vision-data\" data-layer-id=\"e12f2708\"><p>\u00c9l\u00e9vateur manuel<\/p><\/div>\n<div class=\"vision-data\" data-layer-id=\"517afa17\"><p>V\u00e9locim\u00e8tre (timegate) pour lecture de la vitesse<\/p><\/div>\n<div class=\"vision-data\" data-layer-id=\"1c723d36\"><p>Profil de l'impacteur<\/p><\/div>\n<div class=\"vision-data\" data-layer-id=\"1dfd5052\"><p>Encodeur de hauteur \u00e9lectronique<\/p><\/div>\n<div class=\"vision-data\" data-layer-id=\"da7413f8\"><p>Capteur d\u2019amortissement<\/p><\/div>\n<\/div>\n<div class=\"vision-popovers-data\">\n<div class=\"vision-data\" data-layer-id=\"38d8d0e3\"><\/div>\n<div class=\"vision-data\" data-layer-id=\"e9457e45\"><\/div>\n<div class=\"vision-data\" data-layer-id=\"8d8808f9\"><\/div>\n<div class=\"vision-data\" data-layer-id=\"e12f2708\"><\/div>\n<div class=\"vision-data\" data-layer-id=\"517afa17\"><\/div>\n<div class=\"vision-data\" data-layer-id=\"1c723d36\"><\/div>\n<div class=\"vision-data\" data-layer-id=\"1dfd5052\"><\/div>\n<div class=\"vision-data\" data-layer-id=\"da7413f8\"><\/div>\n<\/div>\n<\/div>\n<\/div>\n<!-- vision end -->\n\t\t\t\t<\/div>\n\t\t\t\t<\/div>\n\t\t\t\t<\/div>\n\t\t\t\t<\/div>\n\t\t\t\t\t<\/div>\n\t\t\t\t<\/div>\n\t\t<div class=\"elementor-element elementor-element-207039f e-flex e-con-boxed e-con e-parent\" data-id=\"207039f\" data-element_type=\"container\">\n\t\t\t\t\t<div class=\"e-con-inner\">\n\t\t\t\t\t<\/div>\n\t\t\t\t<\/div>\n\t\t\t\t<\/div>","protected":false},"excerpt":{"rendered":"<p>La machine d'essai de chaussures de s\u00e9curit\u00e9 double est con\u00e7ue pour r\u00e9pondre aux exigences des normes CSA Z195:2009 et EN ISO 20345\/20344. Cette machine est utilis\u00e9e pour tester les renforts de protection (embout et protection m\u00e9tatarsienne) des chaussures telles que les chaussures ou les bottes de s\u00e9curit\u00e9. DIMENSIONS (APPROX.) : - Longueur de la base : 100.66 cm \/ 39.63 in- Largeur de la base : 100.66 cm \/ 39.63 in- Largeur de la base : 100.66 cm \/ 39.63 in- Largeur de [...]<\/p>","protected":false},"author":5,"featured_media":11542,"parent":3180,"menu_order":0,"comment_status":"closed","ping_status":"closed","template":"","meta":{"footnotes":""},"categories":[36],"class_list":["post-111","page","type-page","status-publish","has-post-thumbnail","hentry","category-impact-machines"],"_links":{"self":[{"href":"https:\/\/www.cadexinc.com\/fr\/wp-json\/wp\/v2\/pages\/111","targetHints":{"allow":["GET"]}}],"collection":[{"href":"https:\/\/www.cadexinc.com\/fr\/wp-json\/wp\/v2\/pages"}],"about":[{"href":"https:\/\/www.cadexinc.com\/fr\/wp-json\/wp\/v2\/types\/page"}],"author":[{"embeddable":true,"href":"https:\/\/www.cadexinc.com\/fr\/wp-json\/wp\/v2\/users\/5"}],"replies":[{"embeddable":true,"href":"https:\/\/www.cadexinc.com\/fr\/wp-json\/wp\/v2\/comments?post=111"}],"version-history":[{"count":96,"href":"https:\/\/www.cadexinc.com\/fr\/wp-json\/wp\/v2\/pages\/111\/revisions"}],"predecessor-version":[{"id":20392,"href":"https:\/\/www.cadexinc.com\/fr\/wp-json\/wp\/v2\/pages\/111\/revisions\/20392"}],"up":[{"embeddable":true,"href":"https:\/\/www.cadexinc.com\/fr\/wp-json\/wp\/v2\/pages\/3180"}],"wp:featuredmedia":[{"embeddable":true,"href":"https:\/\/www.cadexinc.com\/fr\/wp-json\/wp\/v2\/media\/11542"}],"wp:attachment":[{"href":"https:\/\/www.cadexinc.com\/fr\/wp-json\/wp\/v2\/media?parent=111"}],"wp:term":[{"taxonomy":"category","embeddable":true,"href":"https:\/\/www.cadexinc.com\/fr\/wp-json\/wp\/v2\/categories?post=111"}],"curies":[{"name":"wp","href":"https:\/\/api.w.org\/{rel}","templated":true}]}}