{"id":109,"date":"2022-05-17T13:12:40","date_gmt":"2022-05-17T17:12:40","guid":{"rendered":"http:\/\/www.cadexinc.com\/?page_id=109"},"modified":"2026-03-17T12:34:31","modified_gmt":"2026-03-17T16:34:31","slug":"machine-a-chaussures-de-securite","status":"publish","type":"page","link":"https:\/\/www.cadexinc.com\/fr\/equipement\/machines\/machines-a-chocs\/machine-a-chaussures-de-securite\/","title":{"rendered":"Machine d\u2019essai de chaussures de s\u00e9curit\u00e9"},"content":{"rendered":"<div data-elementor-type=\"wp-page\" data-elementor-id=\"109\" class=\"elementor elementor-109\">\n\t\t\t\t<div class=\"elementor-element elementor-element-5f7c09ad elementor-hidden-desktop elementor-hidden-tablet e-flex e-con-boxed e-con e-parent\" data-id=\"5f7c09ad\" data-element_type=\"container\">\n\t\t\t\t\t<div class=\"e-con-inner\">\n\t\t\t\t<div class=\"elementor-element elementor-element-a2ea127 elementor-widget__width-initial elementor-widget elementor-widget-html\" data-id=\"a2ea127\" data-element_type=\"widget\" data-widget_type=\"html.default\">\n\t\t\t\t<div class=\"elementor-widget-container\">\n\t\t\t\t\t<!-- vision begin -->\n<div class=\"vision-map vision-map-23\"data-json-src=\"https:\/\/www.cadexinc.com\/wp-content\/uploads\/vision\/23\/config.json\" data-item-id=\"23\" tabindex=\"1\" style=\"display:none;\" >\n<div class=\"vision-store\">\n<div class=\"vision-layers-data\">\n<div class=\"vision-layer\" data-layer-id=\"338c9e67\"><\/div>\n<div class=\"vision-layer\" data-layer-id=\"96166eb1\"><\/div>\n<div class=\"vision-layer\" data-layer-id=\"e8614dc2\"><\/div>\n<div class=\"vision-layer\" data-layer-id=\"cd481094\"><\/div>\n<div class=\"vision-layer\" data-layer-id=\"8555e3ca\"><\/div>\n<div class=\"vision-layer\" data-layer-id=\"511e763d\"><\/div>\n<div class=\"vision-layer\" data-layer-id=\"d501234d\"><\/div>\n<div class=\"vision-layer\" data-layer-id=\"d5b6787b\"><\/div>\n<div class=\"vision-layer\" data-layer-id=\"455ea352\"><\/div>\n<\/div>\n<div class=\"vision-tooltips-data\">\n<div class=\"vision-data\" data-layer-id=\"338c9e67\"><p>Contr\u00f4leur \u00e0 \u00e9cran tactile<\/p><\/div>\n<div class=\"vision-data\" data-layer-id=\"96166eb1\"><p>Interrupteur de lib\u00e9ration de chute<\/p><\/div>\n<div class=\"vision-data\" data-layer-id=\"e8614dc2\"><p>M\u00e9canisme de verrouillage<\/p><\/div>\n<div class=\"vision-data\" data-layer-id=\"cd481094\"><p>Bouchon de s\u00e9curit\u00e9<\/p><\/div>\n<div class=\"vision-data\" data-layer-id=\"8555e3ca\"><p>\u00c9l\u00e9vateur manuel<\/p><\/div>\n<div class=\"vision-data\" data-layer-id=\"511e763d\"><p>Poids de l'impact<\/p><\/div>\n<div class=\"vision-data\" data-layer-id=\"d501234d\"><p>V\u00e9locim\u00e8tre (timegate) pour lecture de la vitesse<\/p><\/div>\n<div class=\"vision-data\" data-layer-id=\"d5b6787b\"><p>Plate-forme d'impact<\/p><\/div>\n<div class=\"vision-data\" data-layer-id=\"455ea352\"><p>Interrupteur de lib\u00e9ration de chute<\/p><\/div>\n<\/div>\n<div class=\"vision-popovers-data\">\n<div class=\"vision-data\" data-layer-id=\"338c9e67\"><\/div>\n<div class=\"vision-data\" data-layer-id=\"96166eb1\"><\/div>\n<div class=\"vision-data\" data-layer-id=\"e8614dc2\"><\/div>\n<div class=\"vision-data\" data-layer-id=\"cd481094\"><\/div>\n<div class=\"vision-data\" data-layer-id=\"8555e3ca\"><\/div>\n<div class=\"vision-data\" data-layer-id=\"511e763d\"><\/div>\n<div class=\"vision-data\" data-layer-id=\"d501234d\"><\/div>\n<div class=\"vision-data\" data-layer-id=\"d5b6787b\"><\/div>\n<div class=\"vision-data\" data-layer-id=\"455ea352\"><\/div>\n<\/div>\n<\/div>\n<\/div>\n<!-- vision end -->\n\t\t\t\t<\/div>\n\t\t\t\t<\/div>\n\t\t\t\t\t<\/div>\n\t\t\t\t<\/div>\n\t\t<div class=\"elementor-element elementor-element-4b7ff41 e-flex e-con-boxed e-con e-parent\" data-id=\"4b7ff41\" data-element_type=\"container\">\n\t\t\t\t\t<div class=\"e-con-inner\">\n\t\t<div class=\"elementor-element elementor-element-6ab5040 e-con-full e-flex e-con e-child\" data-id=\"6ab5040\" data-element_type=\"container\">\n\t\t<div class=\"elementor-element elementor-element-2d5986b e-con-full e-flex e-con e-child\" data-id=\"2d5986b\" data-element_type=\"container\">\n\t\t<div class=\"elementor-element elementor-element-ef45375 e-con-full equipment-main-right-block e-flex e-con e-child\" data-id=\"ef45375\" data-element_type=\"container\">\n\t\t<div class=\"elementor-element elementor-element-a35800c e-con-full e-flex e-con e-child\" data-id=\"a35800c\" data-element_type=\"container\">\n\t\t\t\t<div class=\"elementor-element elementor-element-2d8efac elementor-widget elementor-widget-text-editor\" data-id=\"2d8efac\" data-element_type=\"widget\" data-widget_type=\"text-editor.default\">\n\t\t\t\t<div class=\"elementor-widget-container\">\n\t\t\t\t\t\t\t\t\t<p class=\"cdx-title\">La machine d\u2019essai pour chaussures de s\u00e9curit\u00e9 est con\u00e7ue et fabriqu\u00e9e conform\u00e9ment aux exigences de la norme CSA ainsi qu\u2019aux autres standards applicables.\nCet \u00e9quipement est destin\u00e9 \u00e0 \u00e9valuer la r\u00e9sistance du renfort de protection (embout de s\u00e9curit\u00e9) des \u00e9quipements de protection individuelle tels que les chaussures ou bottes de s\u00e9curit\u00e9.\nUne version permettant d\u2019effectuer l\u2019essai m\u00e9tatarsien est disponible sur demande.<\/p>\t\t\t\t\t\t\t\t<\/div>\n\t\t\t\t<\/div>\n\t\t\t\t<div class=\"elementor-element elementor-element-10f2813 equipment-sub-titles elementor-widget elementor-widget-heading\" data-id=\"10f2813\" data-element_type=\"widget\" data-widget_type=\"heading.default\">\n\t\t\t\t<div class=\"elementor-widget-container\">\n\t\t\t\t\t<h6 class=\"elementor-heading-title elementor-size-default\">DIMENSIONS (APPROX.) :<\/h6>\t\t\t\t<\/div>\n\t\t\t\t<\/div>\n\t\t\t\t<div class=\"elementor-element elementor-element-b581f31 elementor-widget elementor-widget-text-editor\" data-id=\"b581f31\" data-element_type=\"widget\" data-widget_type=\"text-editor.default\">\n\t\t\t\t<div class=\"elementor-widget-container\">\n\t\t\t\t\t\t\t\t\t<ul class=\"special-list\">\n<li>Longueur de la base : 100,66 cm \/ 39,63 in<\/li>\n<li>Largeur de la base : 73,66 cm \/ 29 in<\/li>\n<li>Hauteur : 228,3 cm \/ 89,88 in<\/li>\n<li>Poids de la base : 1000 kg<\/li>\n<\/ul>\t\t\t\t\t\t\t\t<\/div>\n\t\t\t\t<\/div>\n\t\t\t\t<div class=\"elementor-element elementor-element-fd66f42 equipment-sub-titles elementor-widget elementor-widget-heading\" data-id=\"fd66f42\" data-element_type=\"widget\" data-widget_type=\"heading.default\">\n\t\t\t\t<div class=\"elementor-widget-container\">\n\t\t\t\t\t<h6 class=\"elementor-heading-title elementor-size-default\">EXIGENCES\u202f:<\/h6>\t\t\t\t<\/div>\n\t\t\t\t<\/div>\n\t\t\t\t<div class=\"elementor-element elementor-element-e429994 elementor-widget elementor-widget-text-editor\" data-id=\"e429994\" data-element_type=\"widget\" data-widget_type=\"text-editor.default\">\n\t\t\t\t<div class=\"elementor-widget-container\">\n\t\t\t\t\t\t\t\t\t<ul class=\"special-list\">\n<li>Alimentation : 110v\/220v - 50\/60 Hz<\/li>\n<li>Alimentation en air constante : 80 psi \u00e0 1 cfm<\/li>\n<\/ul>\t\t\t\t\t\t\t\t<\/div>\n\t\t\t\t<\/div>\n\t\t\t\t<div class=\"elementor-element elementor-element-e4035a8 equipment-sub-titles elementor-widget elementor-widget-heading\" data-id=\"e4035a8\" data-element_type=\"widget\" data-widget_type=\"heading.default\">\n\t\t\t\t<div class=\"elementor-widget-container\">\n\t\t\t\t\t<h6 class=\"elementor-heading-title elementor-size-default\">CARACT\u00c9RISTIQUES\u202f:<\/h6>\t\t\t\t<\/div>\n\t\t\t\t<\/div>\n\t\t\t\t<div class=\"elementor-element elementor-element-51b8efd elementor-widget elementor-widget-text-editor\" data-id=\"51b8efd\" data-element_type=\"widget\" data-widget_type=\"text-editor.default\">\n\t\t\t\t<div class=\"elementor-widget-container\">\n\t\t\t\t\t\t\t\t\t<ul class=\"special-list number-and-bullet-list\">\n<li>Contr\u00f4leur \u00e0 \u00e9cran tactile<\/li>\n<li>Interrupteur de lib\u00e9ration de chute<\/li>\n<li>M\u00e9canisme de verrouillage<\/li>\n<li>Bouchon de s\u00e9curit\u00e9<\/li>\n<li>\u00c9l\u00e9vateur manuel<\/li>\n<li>Poids de l'impact<\/li>\n<li>V\u00e9locim\u00e8tre (timegate) pour lecture de la vitesse<\/li>\n<li>Plate-forme d'impact<\/li>\n<\/ul>\n<p class=\"cdx-tooltip pt-3 text-danger text-start fst-italic fs-7\">*Passez la souris sur les num\u00e9ros de l\u2019image pour afficher une info-bulle avec la description.<\/p>\t\t\t\t\t\t\t\t<\/div>\n\t\t\t\t<\/div>\n\t\t\t\t<\/div>\n\t\t\t\t<\/div>\n\t\t<div class=\"elementor-element elementor-element-e7e8f5d e-con-full e-grid equipment-page-multi-image-box e-con e-child\" data-id=\"e7e8f5d\" data-element_type=\"container\">\n\t\t<div class=\"elementor-element elementor-element-edc176b e-grid e-con-full equipment-images-left-block e-con e-child\" data-id=\"edc176b\" data-element_type=\"container\">\n\t\t\t\t<div class=\"elementor-element elementor-element-5911bca elementor-widget elementor-widget-image\" data-id=\"5911bca\" data-element_type=\"widget\" data-widget_type=\"image.default\">\n\t\t\t\t<div class=\"elementor-widget-container\">\n\t\t\t\t\t\t\t\t\t\t\t\t\t\t\t<img decoding=\"async\" src=\"https:\/\/www.cadexinc.com\/wp-content\/uploads\/elementor\/thumbs\/safety-shoes-testing-machine-icon-qp9jrr4ddcfskxcgk49uqetcsyfcwxieiznqq0hx3a.png\" title=\"machine \u00e0 tester les chaussures de s\u00e9curit\u00e9-ic\u00f4ne\" alt=\"machine \u00e0 tester les chaussures de s\u00e9curit\u00e9-ic\u00f4ne\" loading=\"lazy\" \/>\t\t\t\t\t\t\t\t\t\t\t\t\t\t\t<\/div>\n\t\t\t\t<\/div>\n\t\t\t\t<\/div>\n\t\t\t\t<\/div>\n\t\t\t\t<\/div>\n\t\t<div class=\"elementor-element elementor-element-0688316 e-con-full e-flex e-con e-child\" data-id=\"0688316\" data-element_type=\"container\">\n\t\t\t\t<div class=\"elementor-element elementor-element-49383c2 elementor-widget__width-initial elementor-hidden-mobile elementor-widget elementor-widget-html\" data-id=\"49383c2\" data-element_type=\"widget\" data-widget_type=\"html.default\">\n\t\t\t\t<div class=\"elementor-widget-container\">\n\t\t\t\t\t<!-- vision begin -->\n<div class=\"vision-map vision-map-23\"data-json-src=\"https:\/\/www.cadexinc.com\/wp-content\/uploads\/vision\/23\/config.json\" data-item-id=\"23\" tabindex=\"1\" style=\"display:none;\" >\n<div class=\"vision-store\">\n<div class=\"vision-layers-data\">\n<div class=\"vision-layer\" data-layer-id=\"338c9e67\"><\/div>\n<div class=\"vision-layer\" data-layer-id=\"96166eb1\"><\/div>\n<div class=\"vision-layer\" data-layer-id=\"e8614dc2\"><\/div>\n<div class=\"vision-layer\" data-layer-id=\"cd481094\"><\/div>\n<div class=\"vision-layer\" data-layer-id=\"8555e3ca\"><\/div>\n<div class=\"vision-layer\" data-layer-id=\"511e763d\"><\/div>\n<div class=\"vision-layer\" data-layer-id=\"d501234d\"><\/div>\n<div class=\"vision-layer\" data-layer-id=\"d5b6787b\"><\/div>\n<div class=\"vision-layer\" data-layer-id=\"455ea352\"><\/div>\n<\/div>\n<div class=\"vision-tooltips-data\">\n<div class=\"vision-data\" data-layer-id=\"338c9e67\"><p>Contr\u00f4leur \u00e0 \u00e9cran tactile<\/p><\/div>\n<div class=\"vision-data\" data-layer-id=\"96166eb1\"><p>Interrupteur de lib\u00e9ration de chute<\/p><\/div>\n<div class=\"vision-data\" data-layer-id=\"e8614dc2\"><p>M\u00e9canisme de verrouillage<\/p><\/div>\n<div class=\"vision-data\" data-layer-id=\"cd481094\"><p>Bouchon de s\u00e9curit\u00e9<\/p><\/div>\n<div class=\"vision-data\" data-layer-id=\"8555e3ca\"><p>\u00c9l\u00e9vateur manuel<\/p><\/div>\n<div class=\"vision-data\" data-layer-id=\"511e763d\"><p>Poids de l'impact<\/p><\/div>\n<div class=\"vision-data\" data-layer-id=\"d501234d\"><p>V\u00e9locim\u00e8tre (timegate) pour lecture de la vitesse<\/p><\/div>\n<div class=\"vision-data\" data-layer-id=\"d5b6787b\"><p>Plate-forme d'impact<\/p><\/div>\n<div class=\"vision-data\" data-layer-id=\"455ea352\"><p>Interrupteur de lib\u00e9ration de chute<\/p><\/div>\n<\/div>\n<div class=\"vision-popovers-data\">\n<div class=\"vision-data\" data-layer-id=\"338c9e67\"><\/div>\n<div class=\"vision-data\" data-layer-id=\"96166eb1\"><\/div>\n<div class=\"vision-data\" data-layer-id=\"e8614dc2\"><\/div>\n<div class=\"vision-data\" data-layer-id=\"cd481094\"><\/div>\n<div class=\"vision-data\" data-layer-id=\"8555e3ca\"><\/div>\n<div class=\"vision-data\" data-layer-id=\"511e763d\"><\/div>\n<div class=\"vision-data\" data-layer-id=\"d501234d\"><\/div>\n<div class=\"vision-data\" data-layer-id=\"d5b6787b\"><\/div>\n<div class=\"vision-data\" data-layer-id=\"455ea352\"><\/div>\n<\/div>\n<\/div>\n<\/div>\n<!-- vision end -->\n\t\t\t\t<\/div>\n\t\t\t\t<\/div>\n\t\t\t\t<\/div>\n\t\t\t\t<\/div>\n\t\t\t\t\t<\/div>\n\t\t\t\t<\/div>\n\t\t\t\t<\/div>","protected":false},"excerpt":{"rendered":"<p>The safety shoes testing machine is designed and manufactured in accordance with the CSA requirements and others. This machine is used to test the protective reinforcement (toe cap) of footwear protection such as safety shoes or boots. Version to perform the metatarsal test available upon request. DIMENSIONS (APPROX.): Length of the base: 100.66 cm \/ [&hellip;]<\/p>","protected":false},"author":5,"featured_media":0,"parent":3180,"menu_order":0,"comment_status":"closed","ping_status":"closed","template":"","meta":{"footnotes":""},"categories":[36],"class_list":["post-109","page","type-page","status-publish","hentry","category-impact-machines"],"_links":{"self":[{"href":"https:\/\/www.cadexinc.com\/fr\/wp-json\/wp\/v2\/pages\/109","targetHints":{"allow":["GET"]}}],"collection":[{"href":"https:\/\/www.cadexinc.com\/fr\/wp-json\/wp\/v2\/pages"}],"about":[{"href":"https:\/\/www.cadexinc.com\/fr\/wp-json\/wp\/v2\/types\/page"}],"author":[{"embeddable":true,"href":"https:\/\/www.cadexinc.com\/fr\/wp-json\/wp\/v2\/users\/5"}],"replies":[{"embeddable":true,"href":"https:\/\/www.cadexinc.com\/fr\/wp-json\/wp\/v2\/comments?post=109"}],"version-history":[{"count":70,"href":"https:\/\/www.cadexinc.com\/fr\/wp-json\/wp\/v2\/pages\/109\/revisions"}],"predecessor-version":[{"id":21007,"href":"https:\/\/www.cadexinc.com\/fr\/wp-json\/wp\/v2\/pages\/109\/revisions\/21007"}],"up":[{"embeddable":true,"href":"https:\/\/www.cadexinc.com\/fr\/wp-json\/wp\/v2\/pages\/3180"}],"wp:attachment":[{"href":"https:\/\/www.cadexinc.com\/fr\/wp-json\/wp\/v2\/media?parent=109"}],"wp:term":[{"taxonomy":"category","embeddable":true,"href":"https:\/\/www.cadexinc.com\/fr\/wp-json\/wp\/v2\/categories?post=109"}],"curies":[{"name":"wp","href":"https:\/\/api.w.org\/{rel}","templated":true}]}}