{"id":107,"date":"2022-05-17T13:12:22","date_gmt":"2022-05-17T17:12:22","guid":{"rendered":"http:\/\/www.cadexinc.com\/?page_id=107"},"modified":"2026-03-17T12:25:06","modified_gmt":"2026-03-17T16:25:06","slug":"machine-dessai-des-surfaces-sportives","status":"publish","type":"page","link":"https:\/\/www.cadexinc.com\/fr\/equipement\/machines\/machines-a-chocs\/machine-dessai-des-surfaces-sportives\/","title":{"rendered":"Machine d\u2019essai pour surfaces sportives"},"content":{"rendered":"<div data-elementor-type=\"wp-page\" data-elementor-id=\"107\" class=\"elementor elementor-107\">\n\t\t\t\t<div class=\"elementor-element elementor-element-50e4d4f7 elementor-hidden-desktop elementor-hidden-tablet e-flex e-con-boxed e-con e-parent\" data-id=\"50e4d4f7\" data-element_type=\"container\">\n\t\t\t\t\t<div class=\"e-con-inner\">\n\t\t\t\t<div class=\"elementor-element elementor-element-b2b8075 elementor-widget__width-initial elementor-widget elementor-widget-html\" data-id=\"b2b8075\" data-element_type=\"widget\" data-widget_type=\"html.default\">\n\t\t\t\t<div class=\"elementor-widget-container\">\n\t\t\t\t\t<!-- vision begin -->\n<div class=\"vision-map vision-map-5\"data-json-src=\"https:\/\/www.cadexinc.com\/wp-content\/uploads\/vision\/5\/config.json?ver=1741019097\" data-item-id=\"5\" tabindex=\"1\" style=\"display:none;\" >\n<div class=\"vision-store\">\n<div class=\"vision-layers-data\">\n<div class=\"vision-layer\" data-layer-id=\"949d44c2\"><\/div>\n<div class=\"vision-layer\" data-layer-id=\"ef5928a7\"><\/div>\n<div class=\"vision-layer\" data-layer-id=\"b9a18ae1\"><\/div>\n<div class=\"vision-layer\" data-layer-id=\"9e9972c8\"><\/div>\n<\/div>\n<div class=\"vision-tooltips-data\">\n<div class=\"vision-data\" data-layer-id=\"949d44c2\"><p>Poign\u00e9e de lib\u00e9ration<\/p><\/div>\n<div class=\"vision-data\" data-layer-id=\"ef5928a7\"><p>R\u00e9glage de la hauteur de chute<\/p><\/div>\n<div class=\"vision-data\" data-layer-id=\"b9a18ae1\"><p>V\u00e9locim\u00e8tre pour lecture de la vitesse<\/p><\/div>\n<div class=\"vision-data\" data-layer-id=\"9e9972c8\"><p>Niveau int\u00e9gr\u00e9<\/p><\/div>\n<\/div>\n<div class=\"vision-popovers-data\">\n<div class=\"vision-data\" data-layer-id=\"949d44c2\"><\/div>\n<div class=\"vision-data\" data-layer-id=\"ef5928a7\"><\/div>\n<div class=\"vision-data\" data-layer-id=\"b9a18ae1\"><\/div>\n<div class=\"vision-data\" data-layer-id=\"9e9972c8\"><\/div>\n<\/div>\n<\/div>\n<\/div>\n<!-- vision end -->\n\t\t\t\t<\/div>\n\t\t\t\t<\/div>\n\t\t\t\t\t<\/div>\n\t\t\t\t<\/div>\n\t\t<div class=\"elementor-element elementor-element-de07a0e e-flex e-con-boxed e-con e-parent\" data-id=\"de07a0e\" data-element_type=\"container\">\n\t\t\t\t\t<div class=\"e-con-inner\">\n\t\t<div class=\"elementor-element elementor-element-399fb55 e-con-full e-flex e-con e-child\" data-id=\"399fb55\" data-element_type=\"container\">\n\t\t<div class=\"elementor-element elementor-element-0f7d989 e-con-full e-flex e-con e-child\" data-id=\"0f7d989\" data-element_type=\"container\">\n\t\t<div class=\"elementor-element elementor-element-3d704c1 e-con-full equipment-main-right-block e-flex e-con e-child\" data-id=\"3d704c1\" data-element_type=\"container\">\n\t\t<div class=\"elementor-element elementor-element-c0ce7fe e-con-full e-flex e-con e-child\" data-id=\"c0ce7fe\" data-element_type=\"container\">\n\t\t\t\t<div class=\"elementor-element elementor-element-59e8cd4 elementor-widget elementor-widget-text-editor\" data-id=\"59e8cd4\" data-element_type=\"widget\" data-widget_type=\"text-editor.default\">\n\t\t\t\t<div class=\"elementor-widget-container\">\n\t\t\t\t\t\t\t\t\t<p class=\"cdx-title cdx-text-align-justify\" >La machine d\u2019essai pour surfaces sportives est con\u00e7ue et fabriqu\u00e9e pour d\u00e9terminer l\u2019att\u00e9nuation des impacts des pistes d\u2019athl\u00e9tisme, tapis de lutte, trampolines et autres surfaces sportives.<\/p>\t\t\t\t\t\t\t\t<\/div>\n\t\t\t\t<\/div>\n\t\t\t\t<div class=\"elementor-element elementor-element-428e1fb equipment-sub-titles elementor-widget elementor-widget-heading\" data-id=\"428e1fb\" data-element_type=\"widget\" data-widget_type=\"heading.default\">\n\t\t\t\t<div class=\"elementor-widget-container\">\n\t\t\t\t\t<h6 class=\"elementor-heading-title elementor-size-default\">DIMENSIONS (APPROX.) :<\/h6>\t\t\t\t<\/div>\n\t\t\t\t<\/div>\n\t\t\t\t<div class=\"elementor-element elementor-element-2d246a6 elementor-widget elementor-widget-text-editor\" data-id=\"2d246a6\" data-element_type=\"widget\" data-widget_type=\"text-editor.default\">\n\t\t\t\t<div class=\"elementor-widget-container\">\n\t\t\t\t\t\t\t\t\t<ul class=\"special-list\">\n<li>Longueur : 65,1 cm \/ 25,63 in<\/li>\n<li>Width:\u00a0 \u00a056.52 cm \/ 22.25 in<\/li>\n<li>Hauteur : 125,1 cm \/ 49,25 in<\/li>\n<\/ul>\t\t\t\t\t\t\t\t<\/div>\n\t\t\t\t<\/div>\n\t\t\t\t<div class=\"elementor-element elementor-element-2bcfda8 equipment-sub-titles elementor-widget elementor-widget-heading\" data-id=\"2bcfda8\" data-element_type=\"widget\" data-widget_type=\"heading.default\">\n\t\t\t\t<div class=\"elementor-widget-container\">\n\t\t\t\t\t<h6 class=\"elementor-heading-title elementor-size-default\">CARACT\u00c9RISTIQUES\u202f:<\/h6>\t\t\t\t<\/div>\n\t\t\t\t<\/div>\n\t\t\t\t<div class=\"elementor-element elementor-element-a6ebdb6 elementor-widget elementor-widget-text-editor\" data-id=\"a6ebdb6\" data-element_type=\"widget\" data-widget_type=\"text-editor.default\">\n\t\t\t\t<div class=\"elementor-widget-container\">\n\t\t\t\t\t\t\t\t\t<ul class=\"special-list number-and-bullet-list\">\n<li>R\u00e9glage de la hauteur de chute<\/li>\n<li>Poign\u00e9e de lib\u00e9ration<\/li>\n<li>V\u00e9locim\u00e8tre pour lecture de la vitesse<\/li>\n<li>Niveau int\u00e9gr\u00e9<\/li>\n<\/ul>\n<p class=\"cdx-tooltip pt-3 text-danger text-start fst-italic fs-7\">*Passez la souris sur les num\u00e9ros de l\u2019image pour afficher une info-bulle avec la description.<\/p>\n<ul class=\"special-list\">\n<li>Mallette de transport robuste incluse<\/li><\/ul>\t\t\t\t\t\t\t\t<\/div>\n\t\t\t\t<\/div>\n\t\t\t\t<\/div>\n\t\t\t\t<\/div>\n\t\t<div class=\"elementor-element elementor-element-c3f526c e-con-full e-grid equipment-page-multi-image-box e-con e-child\" data-id=\"c3f526c\" data-element_type=\"container\">\n\t\t<div class=\"elementor-element elementor-element-9191d14 e-grid e-con-full equipment-images-left-block e-con e-child\" data-id=\"9191d14\" data-element_type=\"container\">\n\t\t\t\t<div class=\"elementor-element elementor-element-3d5046d elementor-widget elementor-widget-image\" data-id=\"3d5046d\" data-element_type=\"widget\" data-widget_type=\"image.default\">\n\t\t\t\t<div class=\"elementor-widget-container\">\n\t\t\t\t\t\t\t\t\t\t\t\t<figure class=\"wp-caption\">\n\t\t\t\t\t\t\t\t\t\t<img fetchpriority=\"high\" decoding=\"async\" width=\"471\" height=\"426\" src=\"https:\/\/www.cadexinc.com\/wp-content\/uploads\/2023\/06\/Rugged-transportation-case_new.webp\" class=\"attachment-large size-large wp-image-11597\" alt=\"\" srcset=\"https:\/\/www.cadexinc.com\/wp-content\/uploads\/2023\/06\/Rugged-transportation-case_new.webp 471w, https:\/\/www.cadexinc.com\/wp-content\/uploads\/2023\/06\/Rugged-transportation-case_new-300x271.webp 300w, https:\/\/www.cadexinc.com\/wp-content\/uploads\/2023\/06\/Rugged-transportation-case_new-416x376.webp 416w\" sizes=\"(max-width: 471px) 100vw, 471px\" \/>\t\t\t\t\t\t\t\t\t\t\t<figcaption class=\"widget-image-caption wp-caption-text\">Mallette de transport robuste<\/figcaption>\n\t\t\t\t\t\t\t\t\t\t<\/figure>\n\t\t\t\t\t\t\t\t\t<\/div>\n\t\t\t\t<\/div>\n\t\t\t\t<\/div>\n\t\t\t\t<\/div>\n\t\t\t\t<\/div>\n\t\t<div class=\"elementor-element elementor-element-40ef116 e-con-full e-flex e-con e-child\" data-id=\"40ef116\" data-element_type=\"container\">\n\t\t\t\t<div class=\"elementor-element elementor-element-937c8e5 elementor-widget__width-initial elementor-hidden-mobile elementor-widget elementor-widget-html\" data-id=\"937c8e5\" data-element_type=\"widget\" data-widget_type=\"html.default\">\n\t\t\t\t<div class=\"elementor-widget-container\">\n\t\t\t\t\t<!-- vision begin -->\n<div class=\"vision-map vision-map-5\"data-json-src=\"https:\/\/www.cadexinc.com\/wp-content\/uploads\/vision\/5\/config.json?ver=1741019097\" data-item-id=\"5\" tabindex=\"1\" style=\"display:none;\" >\n<div class=\"vision-store\">\n<div class=\"vision-layers-data\">\n<div class=\"vision-layer\" data-layer-id=\"949d44c2\"><\/div>\n<div class=\"vision-layer\" data-layer-id=\"ef5928a7\"><\/div>\n<div class=\"vision-layer\" data-layer-id=\"b9a18ae1\"><\/div>\n<div class=\"vision-layer\" data-layer-id=\"9e9972c8\"><\/div>\n<\/div>\n<div class=\"vision-tooltips-data\">\n<div class=\"vision-data\" data-layer-id=\"949d44c2\"><p>Poign\u00e9e de lib\u00e9ration<\/p><\/div>\n<div class=\"vision-data\" data-layer-id=\"ef5928a7\"><p>R\u00e9glage de la hauteur de chute<\/p><\/div>\n<div class=\"vision-data\" data-layer-id=\"b9a18ae1\"><p>V\u00e9locim\u00e8tre pour lecture de la vitesse<\/p><\/div>\n<div class=\"vision-data\" data-layer-id=\"9e9972c8\"><p>Niveau int\u00e9gr\u00e9<\/p><\/div>\n<\/div>\n<div class=\"vision-popovers-data\">\n<div class=\"vision-data\" data-layer-id=\"949d44c2\"><\/div>\n<div class=\"vision-data\" data-layer-id=\"ef5928a7\"><\/div>\n<div class=\"vision-data\" data-layer-id=\"b9a18ae1\"><\/div>\n<div class=\"vision-data\" data-layer-id=\"9e9972c8\"><\/div>\n<\/div>\n<\/div>\n<\/div>\n<!-- vision end -->\n\t\t\t\t<\/div>\n\t\t\t\t<\/div>\n\t\t\t\t<\/div>\n\t\t\t\t<\/div>\n\t\t\t\t\t<\/div>\n\t\t\t\t<\/div>\n\t\t\t\t<\/div>","protected":false},"excerpt":{"rendered":"<p>The sports surface testing machine is designed and manufactured to determine the impact attenuation of track field, wrestling mats, trampolines and other sports surfaces. DIMENSIONS (APPROX.): Length: 65.1 cm \/ 25.63 in Width:\u00a0 \u00a056.52 cm \/ 22.25 in Height: 125.1 cm \/ 49.25 in FEATURES: Drop height adjustment Release handle Velocimeter for speed reading Integrated [&hellip;]<\/p>","protected":false},"author":5,"featured_media":16422,"parent":3180,"menu_order":0,"comment_status":"closed","ping_status":"closed","template":"","meta":{"footnotes":""},"categories":[36],"class_list":["post-107","page","type-page","status-publish","has-post-thumbnail","hentry","category-impact-machines"],"_links":{"self":[{"href":"https:\/\/www.cadexinc.com\/fr\/wp-json\/wp\/v2\/pages\/107","targetHints":{"allow":["GET"]}}],"collection":[{"href":"https:\/\/www.cadexinc.com\/fr\/wp-json\/wp\/v2\/pages"}],"about":[{"href":"https:\/\/www.cadexinc.com\/fr\/wp-json\/wp\/v2\/types\/page"}],"author":[{"embeddable":true,"href":"https:\/\/www.cadexinc.com\/fr\/wp-json\/wp\/v2\/users\/5"}],"replies":[{"embeddable":true,"href":"https:\/\/www.cadexinc.com\/fr\/wp-json\/wp\/v2\/comments?post=107"}],"version-history":[{"count":81,"href":"https:\/\/www.cadexinc.com\/fr\/wp-json\/wp\/v2\/pages\/107\/revisions"}],"predecessor-version":[{"id":21004,"href":"https:\/\/www.cadexinc.com\/fr\/wp-json\/wp\/v2\/pages\/107\/revisions\/21004"}],"up":[{"embeddable":true,"href":"https:\/\/www.cadexinc.com\/fr\/wp-json\/wp\/v2\/pages\/3180"}],"wp:featuredmedia":[{"embeddable":true,"href":"https:\/\/www.cadexinc.com\/fr\/wp-json\/wp\/v2\/media\/16422"}],"wp:attachment":[{"href":"https:\/\/www.cadexinc.com\/fr\/wp-json\/wp\/v2\/media?parent=107"}],"wp:term":[{"taxonomy":"category","embeddable":true,"href":"https:\/\/www.cadexinc.com\/fr\/wp-json\/wp\/v2\/categories?post=107"}],"curies":[{"name":"wp","href":"https:\/\/api.w.org\/{rel}","templated":true}]}}