{"id":10502,"date":"2023-06-20T12:54:06","date_gmt":"2023-06-20T16:54:06","guid":{"rendered":"http:\/\/www.cadexinc.com\/?page_id=10502"},"modified":"2026-03-19T15:14:59","modified_gmt":"2026-03-19T19:14:59","slug":"penetrateur-a-mouvement-lineaire","status":"publish","type":"page","link":"https:\/\/www.cadexinc.com\/fr\/equipement\/accessoires\/penetrateur-a-mouvement-lineaire\/","title":{"rendered":"P\u00e9n\u00e9trateur ou impacteur \u00e0 mouvement lin\u00e9aire"},"content":{"rendered":"<div data-elementor-type=\"wp-page\" data-elementor-id=\"10502\" class=\"elementor elementor-10502\">\n\t\t\t\t<div class=\"elementor-element elementor-element-e9a6457 e-flex e-con-boxed e-con e-parent\" data-id=\"e9a6457\" data-element_type=\"container\">\n\t\t\t\t\t<div class=\"e-con-inner\">\n\t\t\t\t\t<\/div>\n\t\t\t\t<\/div>\n\t\t<div class=\"elementor-element elementor-element-3a1743e e-flex e-con-boxed e-con e-parent\" data-id=\"3a1743e\" data-element_type=\"container\">\n\t\t\t\t\t<div class=\"e-con-inner\">\n\t\t<div class=\"elementor-element elementor-element-9ff0f84 e-con-full e-flex e-con e-child\" data-id=\"9ff0f84\" data-element_type=\"container\">\n\t\t<div class=\"elementor-element elementor-element-3104a60 e-con-full e-flex e-con e-child\" data-id=\"3104a60\" data-element_type=\"container\">\n\t\t<div class=\"elementor-element elementor-element-77f3cbb e-con-full equipment-main-right-block e-flex e-con e-child\" data-id=\"77f3cbb\" data-element_type=\"container\">\n\t\t<div class=\"elementor-element elementor-element-6943f3f e-con-full e-flex e-con e-child\" data-id=\"6943f3f\" data-element_type=\"container\">\n\t\t\t\t<div class=\"elementor-element elementor-element-aab46c6 elementor-widget elementor-widget-text-editor\" data-id=\"aab46c6\" data-element_type=\"widget\" data-widget_type=\"text-editor.default\">\n\t\t\t\t<div class=\"elementor-widget-container\">\n\t\t\t\t\t\t\t\t\t<p class=\"cdx-title cdx-text-align-justify\">Le p\u00e9n\u00e9trateur \u00e0 mouvement lin\u00e9aire Cadex est utilis\u00e9 pour les tests de p\u00e9n\u00e9tration, tandis que l\u2019impacteur sert aux tests de transmission de force sur les casques de s\u00e9curit\u00e9. Conforme aux normes ANSI Z89.1, EN 397 et autres standards.<\/p>\t\t\t\t\t\t\t\t<\/div>\n\t\t\t\t<\/div>\n\t\t\t\t<div class=\"elementor-element elementor-element-add63cc equipment-sub-titles elementor-widget elementor-widget-heading\" data-id=\"add63cc\" data-element_type=\"widget\" data-widget_type=\"heading.default\">\n\t\t\t\t<div class=\"elementor-widget-container\">\n\t\t\t\t\t<h6 class=\"elementor-heading-title elementor-size-default\">CARACT\u00c9RISTIQUES\u202f:<\/h6>\t\t\t\t<\/div>\n\t\t\t\t<\/div>\n\t\t\t\t<div class=\"elementor-element elementor-element-31d4c52 elementor-widget elementor-widget-text-editor\" data-id=\"31d4c52\" data-element_type=\"widget\" data-widget_type=\"text-editor.default\">\n\t\t\t\t<div class=\"elementor-widget-container\">\n\t\t\t\t\t\t\t\t\t<ul class=\"special-list\">\n<li>Con\u00e7u pour \u00eatre utilis\u00e9 avec le monorail Cadex<\/li>\n<li>Comes with 2 tips (penetrator only \u2013 the standard needs to be specified)<\/li>\n<li>Doit \u00eatre utilis\u00e9 avec le support de mouvement lin\u00e9aire (vendu s\u00e9par\u00e9ment)<\/li>\n<\/ul>\n<p class=\"cdx-tooltip pt-5 text-danger text-start fst-italic fs-7\">*N\u00e9cessite le frein dynamique Cadex (vendu s\u00e9par\u00e9ment)<\/p>\t\t\t\t\t\t\t\t<\/div>\n\t\t\t\t<\/div>\n\t\t\t\t<\/div>\n\t\t\t\t<\/div>\n\t\t\t\t<\/div>\n\t\t<div class=\"elementor-element elementor-element-1878850 e-con-full e-grid e-con e-child\" data-id=\"1878850\" data-element_type=\"container\">\n\t\t<div class=\"elementor-element elementor-element-d7b1e5b e-con-full e-grid equipment-page-multi-image-box e-con e-child\" data-id=\"d7b1e5b\" data-element_type=\"container\">\n\t\t\t\t<div class=\"elementor-element elementor-element-aa40a72 elementor-widget elementor-widget-image\" data-id=\"aa40a72\" data-element_type=\"widget\" data-widget_type=\"image.default\">\n\t\t\t\t<div class=\"elementor-widget-container\">\n\t\t\t\t\t\t\t\t\t\t\t\t<figure class=\"wp-caption\">\n\t\t\t\t\t\t\t\t\t\t<img fetchpriority=\"high\" decoding=\"async\" width=\"617\" height=\"1024\" src=\"https:\/\/www.cadexinc.com\/wp-content\/uploads\/2025\/03\/Linear-Motion-Penetrator_main-617x1024.webp\" class=\"attachment-large size-large wp-image-17028\" alt=\"\" srcset=\"https:\/\/www.cadexinc.com\/wp-content\/uploads\/2025\/03\/Linear-Motion-Penetrator_main-617x1024.webp 617w, https:\/\/www.cadexinc.com\/wp-content\/uploads\/2025\/03\/Linear-Motion-Penetrator_main-181x300.webp 181w, https:\/\/www.cadexinc.com\/wp-content\/uploads\/2025\/03\/Linear-Motion-Penetrator_main-768x1275.webp 768w, https:\/\/www.cadexinc.com\/wp-content\/uploads\/2025\/03\/Linear-Motion-Penetrator_main-7x12.webp 7w, https:\/\/www.cadexinc.com\/wp-content\/uploads\/2025\/03\/Linear-Motion-Penetrator_main-416x691.webp 416w, https:\/\/www.cadexinc.com\/wp-content\/uploads\/2025\/03\/Linear-Motion-Penetrator_main.webp 925w\" sizes=\"(max-width: 617px) 100vw, 617px\" \/>\t\t\t\t\t\t\t\t\t\t\t<figcaption class=\"widget-image-caption wp-caption-text\"><span style=\"font-size:12px !important\">P\u00e9n\u00e9trateur \u2013 *Illustr\u00e9 avec le support pour mouvement lin\u00e9aire (non inclus)<\/span><\/figcaption>\n\t\t\t\t\t\t\t\t\t\t<\/figure>\n\t\t\t\t\t\t\t\t\t<\/div>\n\t\t\t\t<\/div>\n\t\t\t\t<div class=\"elementor-element elementor-element-6da121b elementor-widget elementor-widget-image\" data-id=\"6da121b\" data-element_type=\"widget\" data-widget_type=\"image.default\">\n\t\t\t\t<div class=\"elementor-widget-container\">\n\t\t\t\t\t\t\t\t\t\t\t\t<figure class=\"wp-caption\">\n\t\t\t\t\t\t\t\t\t\t<img decoding=\"async\" width=\"255\" height=\"1024\" src=\"https:\/\/www.cadexinc.com\/wp-content\/uploads\/2025\/03\/Impactor-255x1024.webp\" class=\"attachment-large size-large wp-image-17628\" alt=\"\" srcset=\"https:\/\/www.cadexinc.com\/wp-content\/uploads\/2025\/03\/Impactor-255x1024.webp 255w, https:\/\/www.cadexinc.com\/wp-content\/uploads\/2025\/03\/Impactor-75x300.webp 75w, https:\/\/www.cadexinc.com\/wp-content\/uploads\/2025\/03\/Impactor-3x12.webp 3w, https:\/\/www.cadexinc.com\/wp-content\/uploads\/2025\/03\/Impactor.webp 350w\" sizes=\"(max-width: 255px) 100vw, 255px\" \/>\t\t\t\t\t\t\t\t\t\t\t<figcaption class=\"widget-image-caption wp-caption-text\">Impacteur<\/figcaption>\n\t\t\t\t\t\t\t\t\t\t<\/figure>\n\t\t\t\t\t\t\t\t\t<\/div>\n\t\t\t\t<\/div>\n\t\t\t\t<\/div>\n\t\t\t\t<\/div>\n\t\t\t\t<\/div>\n\t\t\t\t\t<\/div>\n\t\t\t\t<\/div>\n\t\t\t\t<\/div>","protected":false},"excerpt":{"rendered":"<p>The Cadex linear motion penetrator is used for penetration tests, while the impactor is used for force transmission tests, on safety helmets. Complies with ANSI Z89.1, EN 397 and other standards. FEATURES: Designed to be used with the Cadex monorail Comes with 2 tips (penetrator only \u2013 the standard needs to be specified) Must be [&hellip;]<\/p>","protected":false},"author":5,"featured_media":17028,"parent":3154,"menu_order":0,"comment_status":"closed","ping_status":"closed","template":"","meta":{"footnotes":""},"categories":[40],"class_list":["post-10502","page","type-page","status-publish","has-post-thumbnail","hentry","category-accessories"],"_links":{"self":[{"href":"https:\/\/www.cadexinc.com\/fr\/wp-json\/wp\/v2\/pages\/10502","targetHints":{"allow":["GET"]}}],"collection":[{"href":"https:\/\/www.cadexinc.com\/fr\/wp-json\/wp\/v2\/pages"}],"about":[{"href":"https:\/\/www.cadexinc.com\/fr\/wp-json\/wp\/v2\/types\/page"}],"author":[{"embeddable":true,"href":"https:\/\/www.cadexinc.com\/fr\/wp-json\/wp\/v2\/users\/5"}],"replies":[{"embeddable":true,"href":"https:\/\/www.cadexinc.com\/fr\/wp-json\/wp\/v2\/comments?post=10502"}],"version-history":[{"count":70,"href":"https:\/\/www.cadexinc.com\/fr\/wp-json\/wp\/v2\/pages\/10502\/revisions"}],"predecessor-version":[{"id":21196,"href":"https:\/\/www.cadexinc.com\/fr\/wp-json\/wp\/v2\/pages\/10502\/revisions\/21196"}],"up":[{"embeddable":true,"href":"https:\/\/www.cadexinc.com\/fr\/wp-json\/wp\/v2\/pages\/3154"}],"wp:featuredmedia":[{"embeddable":true,"href":"https:\/\/www.cadexinc.com\/fr\/wp-json\/wp\/v2\/media\/17028"}],"wp:attachment":[{"href":"https:\/\/www.cadexinc.com\/fr\/wp-json\/wp\/v2\/media?parent=10502"}],"wp:term":[{"taxonomy":"category","embeddable":true,"href":"https:\/\/www.cadexinc.com\/fr\/wp-json\/wp\/v2\/categories?post=10502"}],"curies":[{"name":"wp","href":"https:\/\/api.w.org\/{rel}","templated":true}]}}