{"id":105,"date":"2022-05-17T13:12:04","date_gmt":"2022-05-17T17:12:04","guid":{"rendered":"http:\/\/www.cadexinc.com\/?page_id=105"},"modified":"2026-03-17T12:08:42","modified_gmt":"2026-03-17T16:08:42","slug":"machine-dessai-a-impact-lineaire","status":"publish","type":"page","link":"https:\/\/www.cadexinc.com\/fr\/equipement\/machines\/machines-a-chocs\/machine-dessai-a-impact-lineaire\/","title":{"rendered":"Machine de test d\u2019impact lin\u00e9aire"},"content":{"rendered":"<div data-elementor-type=\"wp-page\" data-elementor-id=\"105\" class=\"elementor elementor-105\">\n\t\t\t\t<div class=\"elementor-element elementor-element-322c580 e-flex e-con-boxed e-con e-parent\" data-id=\"322c580\" data-element_type=\"container\">\n\t\t\t\t\t<div class=\"e-con-inner\">\n\t\t<div class=\"elementor-element elementor-element-bae14e1 e-con-full e-flex e-con e-child\" data-id=\"bae14e1\" data-element_type=\"container\">\n\t\t<div class=\"elementor-element elementor-element-57fbb66 e-con-full e-flex e-con e-child\" data-id=\"57fbb66\" data-element_type=\"container\">\n\t\t<div class=\"elementor-element elementor-element-e768281 e-con-full equipment-main-right-block e-flex e-con e-child\" data-id=\"e768281\" data-element_type=\"container\">\n\t\t<div class=\"elementor-element elementor-element-c07a6ee e-con-full e-flex e-con e-child\" data-id=\"c07a6ee\" data-element_type=\"container\">\n\t\t\t\t<div class=\"elementor-element elementor-element-e5ac858 elementor-widget elementor-widget-text-editor\" data-id=\"e5ac858\" data-element_type=\"widget\" data-widget_type=\"text-editor.default\">\n\t\t\t\t<div class=\"elementor-widget-container\">\n\t\t\t\t\t\t\t\t\t<p class=\"cdx-title\">Le syst\u00e8me d\u2019impact lin\u00e9aire Cadex est un dispositif robuste destin\u00e9 aux tests d\u2019impact lin\u00e9aire, notamment pour les casques de football selon la norme NOCSAE, ainsi que pour d\u2019autres applications.<\/p>\t\t\t\t\t\t\t\t<\/div>\n\t\t\t\t<\/div>\n\t\t\t\t<div class=\"elementor-element elementor-element-65653c8 equipment-sub-titles elementor-widget elementor-widget-heading\" data-id=\"65653c8\" data-element_type=\"widget\" data-widget_type=\"heading.default\">\n\t\t\t\t<div class=\"elementor-widget-container\">\n\t\t\t\t\t<h6 class=\"elementor-heading-title elementor-size-default\">DIMENSIONS (APPROX.) :<\/h6>\t\t\t\t<\/div>\n\t\t\t\t<\/div>\n\t\t\t\t<div class=\"elementor-element elementor-element-3cabd57 elementor-widget elementor-widget-text-editor\" data-id=\"3cabd57\" data-element_type=\"widget\" data-widget_type=\"text-editor.default\">\n\t\t\t\t<div class=\"elementor-widget-container\">\n\t\t\t\t\t\t\t\t\t<ul class=\"special-list\">\n<li>Longueur : 422,28 cm \/ 166,25 in<\/li>\n<li>Width:\u00a0 \u00a0106.68 cm \/ 42 in<\/li>\n<li>Hauteur : 193,04 cm \/ 76 in<\/li>\n<\/ul>\t\t\t\t\t\t\t\t<\/div>\n\t\t\t\t<\/div>\n\t\t\t\t<div class=\"elementor-element elementor-element-209012f equipment-sub-titles elementor-widget elementor-widget-heading\" data-id=\"209012f\" data-element_type=\"widget\" data-widget_type=\"heading.default\">\n\t\t\t\t<div class=\"elementor-widget-container\">\n\t\t\t\t\t<h6 class=\"elementor-heading-title elementor-size-default\">EXIGENCES\u202f:<\/h6>\t\t\t\t<\/div>\n\t\t\t\t<\/div>\n\t\t\t\t<div class=\"elementor-element elementor-element-fafdd7c elementor-widget elementor-widget-text-editor\" data-id=\"fafdd7c\" data-element_type=\"widget\" data-widget_type=\"text-editor.default\">\n\t\t\t\t<div class=\"elementor-widget-container\">\n\t\t\t\t\t\t\t\t\t<ul class=\"special-list\">\n<li>Power: 110v\/220v \u2013 50\/60 Hz<\/li>\n<li>Alimentation en air constante : 100 psi \u00e0 15 cfm<\/li>\n<\/ul>\t\t\t\t\t\t\t\t<\/div>\n\t\t\t\t<\/div>\n\t\t\t\t<div class=\"elementor-element elementor-element-93acb15 equipment-sub-titles elementor-widget elementor-widget-heading\" data-id=\"93acb15\" data-element_type=\"widget\" data-widget_type=\"heading.default\">\n\t\t\t\t<div class=\"elementor-widget-container\">\n\t\t\t\t\t<h6 class=\"elementor-heading-title elementor-size-default\">VARIATION :<\/h6>\t\t\t\t<\/div>\n\t\t\t\t<\/div>\n\t\t\t\t<div class=\"elementor-element elementor-element-13b5a1d elementor-widget elementor-widget-text-editor\" data-id=\"13b5a1d\" data-element_type=\"widget\" data-widget_type=\"text-editor.default\">\n\t\t\t\t<div class=\"elementor-widget-container\">\n\t\t\t\t\t\t\t\t\t<ul class=\"special-list\">\n<li>La variante peut \u00eatre utilis\u00e9e comme lanceur de projectiles (baseball, softball, hockey et autres) ainsi que pour le test d'impact lin\u00e9aire (P\/N : 1000_01_LIT002).<\/li>\n<\/ul>\t\t\t\t\t\t\t\t<\/div>\n\t\t\t\t<\/div>\n\t\t\t\t<div class=\"elementor-element elementor-element-681afa6 equipment-sub-titles elementor-widget elementor-widget-heading\" data-id=\"681afa6\" data-element_type=\"widget\" data-widget_type=\"heading.default\">\n\t\t\t\t<div class=\"elementor-widget-container\">\n\t\t\t\t\t<h6 class=\"elementor-heading-title elementor-size-default\">CARACT\u00c9RISTIQUES\u202f:<\/h6>\t\t\t\t<\/div>\n\t\t\t\t<\/div>\n\t\t\t\t<div class=\"elementor-element elementor-element-ce06d6d elementor-widget elementor-widget-text-editor\" data-id=\"ce06d6d\" data-element_type=\"widget\" data-widget_type=\"text-editor.default\">\n\t\t\t\t<div class=\"elementor-widget-container\">\n\t\t\t\t\t\t\t\t\t<ul class=\"special-list\">\n \t<li>Contr\u00f4leur \u00e0 \u00e9cran tactile pour le contr\u00f4le de la pression et la lecture de la vitesse de la machine<\/li>\n \t<li>Structure en acier solide<\/li>\n \t<li>R\u00e9servoir d'air\n<ul class=\"special-list\" style=\"padding-top:20px;padding-bottom:10px;\">\n \t<li>Port\u00e9e du \"vol libre\" : 6 pouces<\/li>\n \t<li>Syst\u00e8me de rupture dynamique apr\u00e8s l'impact<\/li>\n<\/ul>\n<\/li>\n \t<li>Face de l'impacteur interchangeable<\/li>\n \t<li>Interchangeable shafts to adapt weight for various standards<\/li>\n<\/ul>\t\t\t\t\t\t\t\t<\/div>\n\t\t\t\t<\/div>\n\t\t\t\t<\/div>\n\t\t\t\t<\/div>\n\t\t\t\t<\/div>\n\t\t\t\t<\/div>\n\t\t\t\t\t<\/div>\n\t\t\t\t<\/div>\n\t\t<div class=\"elementor-element elementor-element-02b6713 e-flex e-con-boxed e-con e-parent\" data-id=\"02b6713\" data-element_type=\"container\">\n\t\t\t\t\t<div class=\"e-con-inner\">\n\t\t\t\t<div class=\"elementor-element elementor-element-9a478b7 elementor-widget elementor-widget-image\" data-id=\"9a478b7\" data-element_type=\"widget\" data-widget_type=\"image.default\">\n\t\t\t\t<div class=\"elementor-widget-container\">\n\t\t\t\t\t\t\t\t\t\t\t\t\t\t\t<img fetchpriority=\"high\" decoding=\"async\" width=\"980\" height=\"631\" src=\"https:\/\/www.cadexinc.com\/wp-content\/uploads\/2025\/03\/linear-impact-testing-machine-main-1024x659.webp\" class=\"attachment-large size-large wp-image-16424\" alt=\"\" srcset=\"https:\/\/www.cadexinc.com\/wp-content\/uploads\/2025\/03\/linear-impact-testing-machine-main-1024x659.webp 1024w, https:\/\/www.cadexinc.com\/wp-content\/uploads\/2025\/03\/linear-impact-testing-machine-main-300x193.webp 300w, https:\/\/www.cadexinc.com\/wp-content\/uploads\/2025\/03\/linear-impact-testing-machine-main-768x494.webp 768w, https:\/\/www.cadexinc.com\/wp-content\/uploads\/2025\/03\/linear-impact-testing-machine-main-18x12.webp 18w, https:\/\/www.cadexinc.com\/wp-content\/uploads\/2025\/03\/linear-impact-testing-machine-main-416x268.webp 416w, https:\/\/www.cadexinc.com\/wp-content\/uploads\/2025\/03\/linear-impact-testing-machine-main.webp 1500w\" sizes=\"(max-width: 980px) 100vw, 980px\" \/>\t\t\t\t\t\t\t\t\t\t\t\t\t\t\t<\/div>\n\t\t\t\t<\/div>\n\t\t\t\t\t<\/div>\n\t\t\t\t<\/div>\n\t\t\t\t<\/div>","protected":false},"excerpt":{"rendered":"<p>The Cadex linear impactor is a rugged system for linear impact testing for NOCSAE standard football helmet testing and other applications. DIMENSIONS (APPROX.): Length: 422.28 cm \/ 166.25 in Width:\u00a0 \u00a0106.68 cm \/ 42 in Height: 193.04 cm \/ 76 in REQUIREMENTS: Power: 110v\/220v \u2013 50\/60 Hz Constant air supply: 100 psi at 15 cfm [&hellip;]<\/p>","protected":false},"author":5,"featured_media":16424,"parent":3180,"menu_order":0,"comment_status":"closed","ping_status":"closed","template":"","meta":{"footnotes":""},"categories":[36],"class_list":["post-105","page","type-page","status-publish","has-post-thumbnail","hentry","category-impact-machines"],"_links":{"self":[{"href":"https:\/\/www.cadexinc.com\/fr\/wp-json\/wp\/v2\/pages\/105","targetHints":{"allow":["GET"]}}],"collection":[{"href":"https:\/\/www.cadexinc.com\/fr\/wp-json\/wp\/v2\/pages"}],"about":[{"href":"https:\/\/www.cadexinc.com\/fr\/wp-json\/wp\/v2\/types\/page"}],"author":[{"embeddable":true,"href":"https:\/\/www.cadexinc.com\/fr\/wp-json\/wp\/v2\/users\/5"}],"replies":[{"embeddable":true,"href":"https:\/\/www.cadexinc.com\/fr\/wp-json\/wp\/v2\/comments?post=105"}],"version-history":[{"count":72,"href":"https:\/\/www.cadexinc.com\/fr\/wp-json\/wp\/v2\/pages\/105\/revisions"}],"predecessor-version":[{"id":20998,"href":"https:\/\/www.cadexinc.com\/fr\/wp-json\/wp\/v2\/pages\/105\/revisions\/20998"}],"up":[{"embeddable":true,"href":"https:\/\/www.cadexinc.com\/fr\/wp-json\/wp\/v2\/pages\/3180"}],"wp:featuredmedia":[{"embeddable":true,"href":"https:\/\/www.cadexinc.com\/fr\/wp-json\/wp\/v2\/media\/16424"}],"wp:attachment":[{"href":"https:\/\/www.cadexinc.com\/fr\/wp-json\/wp\/v2\/media?parent=105"}],"wp:term":[{"taxonomy":"category","embeddable":true,"href":"https:\/\/www.cadexinc.com\/fr\/wp-json\/wp\/v2\/categories?post=105"}],"curies":[{"name":"wp","href":"https:\/\/api.w.org\/{rel}","templated":true}]}}