{"id":10492,"date":"2023-06-20T12:34:02","date_gmt":"2023-06-20T16:34:02","guid":{"rendered":"http:\/\/www.cadexinc.com\/?page_id=10492"},"modified":"2026-03-19T14:31:59","modified_gmt":"2026-03-19T18:31:59","slug":"impacteur-spherique","status":"publish","type":"page","link":"https:\/\/www.cadexinc.com\/fr\/equipement\/accessoires\/impacteur-spherique\/","title":{"rendered":"Impacteur sph\u00e9rique"},"content":{"rendered":"<div data-elementor-type=\"wp-page\" data-elementor-id=\"10492\" class=\"elementor elementor-10492\">\n\t\t\t\t<div class=\"elementor-element elementor-element-267dc7c6 elementor-hidden-desktop elementor-hidden-tablet e-flex e-con-boxed e-con e-parent\" data-id=\"267dc7c6\" data-element_type=\"container\">\n\t\t\t\t\t<div class=\"e-con-inner\">\n\t\t\t\t<div class=\"elementor-element elementor-element-bea3cd2 elementor-widget elementor-widget-image\" data-id=\"bea3cd2\" data-element_type=\"widget\" data-widget_type=\"image.default\">\n\t\t\t\t<div class=\"elementor-widget-container\">\n\t\t\t\t\t\t\t\t\t\t\t\t\t\t\t<img fetchpriority=\"high\" decoding=\"async\" width=\"980\" height=\"647\" src=\"https:\/\/www.cadexinc.com\/wp-content\/uploads\/2025\/03\/Spherical-Impactor_main-1024x676.webp\" class=\"attachment-large size-large wp-image-16946\" alt=\"\" srcset=\"https:\/\/www.cadexinc.com\/wp-content\/uploads\/2025\/03\/Spherical-Impactor_main-1024x676.webp 1024w, https:\/\/www.cadexinc.com\/wp-content\/uploads\/2025\/03\/Spherical-Impactor_main-300x198.webp 300w, https:\/\/www.cadexinc.com\/wp-content\/uploads\/2025\/03\/Spherical-Impactor_main-768x507.webp 768w, https:\/\/www.cadexinc.com\/wp-content\/uploads\/2025\/03\/Spherical-Impactor_main-18x12.webp 18w, https:\/\/www.cadexinc.com\/wp-content\/uploads\/2025\/03\/Spherical-Impactor_main-416x275.webp 416w, https:\/\/www.cadexinc.com\/wp-content\/uploads\/2025\/03\/Spherical-Impactor_main.webp 1465w\" sizes=\"(max-width: 980px) 100vw, 980px\" \/>\t\t\t\t\t\t\t\t\t\t\t\t\t\t\t<\/div>\n\t\t\t\t<\/div>\n\t\t\t\t\t<\/div>\n\t\t\t\t<\/div>\n\t\t<div class=\"elementor-element elementor-element-4a9ed5a e-flex e-con-boxed e-con e-parent\" data-id=\"4a9ed5a\" data-element_type=\"container\">\n\t\t\t\t\t<div class=\"e-con-inner\">\n\t\t<div class=\"elementor-element elementor-element-d59aa37 e-con-full e-flex e-con e-child\" data-id=\"d59aa37\" data-element_type=\"container\">\n\t\t<div class=\"elementor-element elementor-element-d04ddea e-con-full e-flex e-con e-child\" data-id=\"d04ddea\" data-element_type=\"container\">\n\t\t<div class=\"elementor-element elementor-element-519244a e-con-full equipment-main-right-block e-flex e-con e-child\" data-id=\"519244a\" data-element_type=\"container\">\n\t\t<div class=\"elementor-element elementor-element-aad5685 e-con-full e-flex e-con e-child\" data-id=\"aad5685\" data-element_type=\"container\">\n\t\t\t\t<div class=\"elementor-element elementor-element-b53b689 elementor-widget elementor-widget-text-editor\" data-id=\"b53b689\" data-element_type=\"widget\" data-widget_type=\"text-editor.default\">\n\t\t\t\t<div class=\"elementor-widget-container\">\n\t\t\t\t\t\t\t\t\t<p class=\"cdx-title cdx-text-align-justify\">L\u2019impacteur sph\u00e9rique Cadex est con\u00e7u et fabriqu\u00e9 pour effectuer les proc\u00e9dures de v\u00e9rification uniaxiale des syst\u00e8mes, conform\u00e9ment aux normes ASTM, SNELL, CPSC, ANSI, DOT, CSA et autres.<\/p>\t\t\t\t\t\t\t\t<\/div>\n\t\t\t\t<\/div>\n\t\t\t\t<div class=\"elementor-element elementor-element-ab99ad6 equipment-sub-titles elementor-widget elementor-widget-heading\" data-id=\"ab99ad6\" data-element_type=\"widget\" data-widget_type=\"heading.default\">\n\t\t\t\t<div class=\"elementor-widget-container\">\n\t\t\t\t\t<h6 class=\"elementor-heading-title elementor-size-default\">CARACT\u00c9RISTIQUES\u202f:<\/h6>\t\t\t\t<\/div>\n\t\t\t\t<\/div>\n\t\t\t\t<div class=\"elementor-element elementor-element-b4fd875 elementor-widget elementor-widget-text-editor\" data-id=\"b4fd875\" data-element_type=\"widget\" data-widget_type=\"text-editor.default\">\n\t\t\t\t<div class=\"elementor-widget-container\">\n\t\t\t\t\t\t\t\t\t<ul class=\"special-list\">\n<li>Rayon de 73 mm (2.87 in)<\/li>\n<li>Acier inoxydable<\/li>\n<\/ul>\t\t\t\t\t\t\t\t<\/div>\n\t\t\t\t<\/div>\n\t\t\t\t<\/div>\n\t\t\t\t<\/div>\n\t\t\t\t<\/div>\n\t\t<div class=\"elementor-element elementor-element-05acd23 e-con-full e-flex e-con e-child\" data-id=\"05acd23\" data-element_type=\"container\">\n\t\t\t\t<div class=\"elementor-element elementor-element-6072bb4 elementor-hidden-mobile elementor-widget elementor-widget-image\" data-id=\"6072bb4\" data-element_type=\"widget\" data-widget_type=\"image.default\">\n\t\t\t\t<div class=\"elementor-widget-container\">\n\t\t\t\t\t\t\t\t\t\t\t\t\t\t\t<img fetchpriority=\"high\" decoding=\"async\" width=\"980\" height=\"647\" src=\"https:\/\/www.cadexinc.com\/wp-content\/uploads\/2025\/03\/Spherical-Impactor_main-1024x676.webp\" class=\"attachment-large size-large wp-image-16946\" alt=\"\" srcset=\"https:\/\/www.cadexinc.com\/wp-content\/uploads\/2025\/03\/Spherical-Impactor_main-1024x676.webp 1024w, https:\/\/www.cadexinc.com\/wp-content\/uploads\/2025\/03\/Spherical-Impactor_main-300x198.webp 300w, https:\/\/www.cadexinc.com\/wp-content\/uploads\/2025\/03\/Spherical-Impactor_main-768x507.webp 768w, https:\/\/www.cadexinc.com\/wp-content\/uploads\/2025\/03\/Spherical-Impactor_main-18x12.webp 18w, https:\/\/www.cadexinc.com\/wp-content\/uploads\/2025\/03\/Spherical-Impactor_main-416x275.webp 416w, https:\/\/www.cadexinc.com\/wp-content\/uploads\/2025\/03\/Spherical-Impactor_main.webp 1465w\" sizes=\"(max-width: 980px) 100vw, 980px\" \/>\t\t\t\t\t\t\t\t\t\t\t\t\t\t\t<\/div>\n\t\t\t\t<\/div>\n\t\t\t\t<\/div>\n\t\t\t\t<\/div>\n\t\t\t\t\t<\/div>\n\t\t\t\t<\/div>\n\t\t\t\t<\/div>","protected":false},"excerpt":{"rendered":"<p>The Cadex spherical impactor is designed and manufactured to perform uniaxial system check procedure in compliance with ASTM, SNELL, CPSC, ANSI, DOT, CSA and other standards. FEATURES: 73 mm radius (2.87 in) Stainless steel<\/p>","protected":false},"author":5,"featured_media":8938,"parent":3154,"menu_order":0,"comment_status":"closed","ping_status":"closed","template":"","meta":{"footnotes":""},"categories":[],"class_list":["post-10492","page","type-page","status-publish","has-post-thumbnail","hentry"],"_links":{"self":[{"href":"https:\/\/www.cadexinc.com\/fr\/wp-json\/wp\/v2\/pages\/10492","targetHints":{"allow":["GET"]}}],"collection":[{"href":"https:\/\/www.cadexinc.com\/fr\/wp-json\/wp\/v2\/pages"}],"about":[{"href":"https:\/\/www.cadexinc.com\/fr\/wp-json\/wp\/v2\/types\/page"}],"author":[{"embeddable":true,"href":"https:\/\/www.cadexinc.com\/fr\/wp-json\/wp\/v2\/users\/5"}],"replies":[{"embeddable":true,"href":"https:\/\/www.cadexinc.com\/fr\/wp-json\/wp\/v2\/comments?post=10492"}],"version-history":[{"count":31,"href":"https:\/\/www.cadexinc.com\/fr\/wp-json\/wp\/v2\/pages\/10492\/revisions"}],"predecessor-version":[{"id":21173,"href":"https:\/\/www.cadexinc.com\/fr\/wp-json\/wp\/v2\/pages\/10492\/revisions\/21173"}],"up":[{"embeddable":true,"href":"https:\/\/www.cadexinc.com\/fr\/wp-json\/wp\/v2\/pages\/3154"}],"wp:featuredmedia":[{"embeddable":true,"href":"https:\/\/www.cadexinc.com\/fr\/wp-json\/wp\/v2\/media\/8938"}],"wp:attachment":[{"href":"https:\/\/www.cadexinc.com\/fr\/wp-json\/wp\/v2\/media?parent=10492"}],"wp:term":[{"taxonomy":"category","embeddable":true,"href":"https:\/\/www.cadexinc.com\/fr\/wp-json\/wp\/v2\/categories?post=10492"}],"curies":[{"name":"wp","href":"https:\/\/api.w.org\/{rel}","templated":true}]}}