{"id":10487,"date":"2023-06-20T12:25:18","date_gmt":"2023-06-20T16:25:18","guid":{"rendered":"http:\/\/www.cadexinc.com\/?page_id=10487"},"modified":"2026-03-19T14:59:09","modified_gmt":"2026-03-19T18:59:09","slug":"enclume-de-penetration-csa","status":"publish","type":"page","link":"https:\/\/www.cadexinc.com\/fr\/equipement\/accessoires\/enclume-de-penetration-csa\/","title":{"rendered":"Enclume p\u00e9n\u00e9trante CSA"},"content":{"rendered":"<div data-elementor-type=\"wp-page\" data-elementor-id=\"10487\" class=\"elementor elementor-10487\">\n\t\t\t\t<div class=\"elementor-element elementor-element-2651f591 elementor-hidden-desktop elementor-hidden-tablet e-flex e-con-boxed e-con e-parent\" data-id=\"2651f591\" data-element_type=\"container\">\n\t\t\t\t\t<div class=\"e-con-inner\">\n\t\t\t\t<div class=\"elementor-element elementor-element-566a6ec elementor-widget elementor-widget-image\" data-id=\"566a6ec\" data-element_type=\"widget\" data-widget_type=\"image.default\">\n\t\t\t\t<div class=\"elementor-widget-container\">\n\t\t\t\t\t\t\t\t\t\t\t\t\t\t\t<img fetchpriority=\"high\" decoding=\"async\" width=\"485\" height=\"680\" src=\"https:\/\/www.cadexinc.com\/wp-content\/uploads\/2025\/03\/CSA-Penetrator-Anvil_mainnn.webp\" class=\"attachment-large size-large wp-image-17011\" alt=\"\" srcset=\"https:\/\/www.cadexinc.com\/wp-content\/uploads\/2025\/03\/CSA-Penetrator-Anvil_mainnn.webp 485w, https:\/\/www.cadexinc.com\/wp-content\/uploads\/2025\/03\/CSA-Penetrator-Anvil_mainnn-214x300.webp 214w, https:\/\/www.cadexinc.com\/wp-content\/uploads\/2025\/03\/CSA-Penetrator-Anvil_mainnn-9x12.webp 9w, https:\/\/www.cadexinc.com\/wp-content\/uploads\/2025\/03\/CSA-Penetrator-Anvil_mainnn-416x583.webp 416w\" sizes=\"(max-width: 485px) 100vw, 485px\" \/>\t\t\t\t\t\t\t\t\t\t\t\t\t\t\t<\/div>\n\t\t\t\t<\/div>\n\t\t\t\t\t<\/div>\n\t\t\t\t<\/div>\n\t\t<div class=\"elementor-element elementor-element-ccf066c e-flex e-con-boxed e-con e-parent\" data-id=\"ccf066c\" data-element_type=\"container\">\n\t\t\t\t\t<div class=\"e-con-inner\">\n\t\t<div class=\"elementor-element elementor-element-bc58382 e-con-full e-flex e-con e-child\" data-id=\"bc58382\" data-element_type=\"container\">\n\t\t<div class=\"elementor-element elementor-element-f023dfc e-con-full e-flex e-con e-child\" data-id=\"f023dfc\" data-element_type=\"container\">\n\t\t<div class=\"elementor-element elementor-element-8dcfaf8 e-con-full equipment-main-right-block e-flex e-con e-child\" data-id=\"8dcfaf8\" data-element_type=\"container\">\n\t\t<div class=\"elementor-element elementor-element-2b3888a e-con-full e-flex e-con e-child\" data-id=\"2b3888a\" data-element_type=\"container\">\n\t\t\t\t<div class=\"elementor-element elementor-element-de785af elementor-widget elementor-widget-text-editor\" data-id=\"de785af\" data-element_type=\"widget\" data-widget_type=\"text-editor.default\">\n\t\t\t\t<div class=\"elementor-widget-container\">\n\t\t\t\t\t\t\t\t\t<p class=\"cdx-title cdx-text-align-justify\">L\u2019enclume p\u00e9n\u00e9trante Cadex CSA est con\u00e7ue pour r\u00e9aliser des tests de p\u00e9n\u00e9tration sur casques industriels conform\u00e9ment \u00e0 la norme CSA Z94.1.<\/p>\t\t\t\t\t\t\t\t<\/div>\n\t\t\t\t<\/div>\n\t\t\t\t<div class=\"elementor-element elementor-element-1df4f9d equipment-sub-titles elementor-widget elementor-widget-heading\" data-id=\"1df4f9d\" data-element_type=\"widget\" data-widget_type=\"heading.default\">\n\t\t\t\t<div class=\"elementor-widget-container\">\n\t\t\t\t\t<h6 class=\"elementor-heading-title elementor-size-default\">DIMENSIONS (APPROX.) :<\/h6>\t\t\t\t<\/div>\n\t\t\t\t<\/div>\n\t\t\t\t<div class=\"elementor-element elementor-element-d9261a3 elementor-widget elementor-widget-text-editor\" data-id=\"d9261a3\" data-element_type=\"widget\" data-widget_type=\"text-editor.default\">\n\t\t\t\t<div class=\"elementor-widget-container\">\n\t\t\t\t\t\t\t\t\t<ul class=\"special-list\">\n<li>Longueur : 8,89 cm \/ 3,5 in<\/li>\n<li>Width:\u00a0 8.89 cm \/ 3.5 in<\/li>\n<li>Hauteur : 11,43 cm \/ 4,5 in<\/li>\n<\/ul>\t\t\t\t\t\t\t\t<\/div>\n\t\t\t\t<\/div>\n\t\t\t\t<div class=\"elementor-element elementor-element-3b81e5f equipment-sub-titles elementor-widget elementor-widget-heading\" data-id=\"3b81e5f\" data-element_type=\"widget\" data-widget_type=\"heading.default\">\n\t\t\t\t<div class=\"elementor-widget-container\">\n\t\t\t\t\t<h6 class=\"elementor-heading-title elementor-size-default\">CARACT\u00c9RISTIQUES\u202f:<\/h6>\t\t\t\t<\/div>\n\t\t\t\t<\/div>\n\t\t\t\t<div class=\"elementor-element elementor-element-64786b0 elementor-widget elementor-widget-text-editor\" data-id=\"64786b0\" data-element_type=\"widget\" data-widget_type=\"text-editor.default\">\n\t\t\t\t<div class=\"elementor-widget-container\">\n\t\t\t\t\t\t\t\t\t<ul class=\"special-list\">\n<li>Rapidement interchangeable<\/li>\n<li>Blocage rapide femelle inclus<\/li>\n<li>Livr\u00e9 avec un certificat de conformit\u00e9<\/li>\n<\/ul>\t\t\t\t\t\t\t\t<\/div>\n\t\t\t\t<\/div>\n\t\t\t\t<\/div>\n\t\t\t\t<\/div>\n\t\t\t\t<\/div>\n\t\t<div class=\"elementor-element elementor-element-51c7681 e-con-full e-flex e-con e-child\" data-id=\"51c7681\" data-element_type=\"container\">\n\t\t\t\t<div class=\"elementor-element elementor-element-34cabec elementor-hidden-mobile elementor-widget elementor-widget-image\" data-id=\"34cabec\" data-element_type=\"widget\" data-widget_type=\"image.default\">\n\t\t\t\t<div class=\"elementor-widget-container\">\n\t\t\t\t\t\t\t\t\t\t\t\t\t\t\t<img fetchpriority=\"high\" decoding=\"async\" width=\"485\" height=\"680\" src=\"https:\/\/www.cadexinc.com\/wp-content\/uploads\/2025\/03\/CSA-Penetrator-Anvil_mainnn.webp\" class=\"attachment-large size-large wp-image-17011\" alt=\"\" srcset=\"https:\/\/www.cadexinc.com\/wp-content\/uploads\/2025\/03\/CSA-Penetrator-Anvil_mainnn.webp 485w, https:\/\/www.cadexinc.com\/wp-content\/uploads\/2025\/03\/CSA-Penetrator-Anvil_mainnn-214x300.webp 214w, https:\/\/www.cadexinc.com\/wp-content\/uploads\/2025\/03\/CSA-Penetrator-Anvil_mainnn-9x12.webp 9w, https:\/\/www.cadexinc.com\/wp-content\/uploads\/2025\/03\/CSA-Penetrator-Anvil_mainnn-416x583.webp 416w\" sizes=\"(max-width: 485px) 100vw, 485px\" \/>\t\t\t\t\t\t\t\t\t\t\t\t\t\t\t<\/div>\n\t\t\t\t<\/div>\n\t\t\t\t<\/div>\n\t\t\t\t<\/div>\n\t\t\t\t\t<\/div>\n\t\t\t\t<\/div>\n\t\t\t\t<\/div>","protected":false},"excerpt":{"rendered":"<p>The Cadex CSA-Penetrator anvil is designed to perform penetration test on industrial hat as per CSA Z94.1. DIMENSIONS (APPROX.): Length: 8.89 cm \/ 3.5 in Width:\u00a0 8.89 cm \/ 3.5 in Height: 11.43 cm \/ 4.5 in FEATURES: Quickly interchangeable Female quick release included Comes with a certificate of conformity<\/p>","protected":false},"author":5,"featured_media":16999,"parent":3154,"menu_order":0,"comment_status":"closed","ping_status":"closed","template":"","meta":{"footnotes":""},"categories":[],"class_list":["post-10487","page","type-page","status-publish","has-post-thumbnail","hentry"],"_links":{"self":[{"href":"https:\/\/www.cadexinc.com\/fr\/wp-json\/wp\/v2\/pages\/10487","targetHints":{"allow":["GET"]}}],"collection":[{"href":"https:\/\/www.cadexinc.com\/fr\/wp-json\/wp\/v2\/pages"}],"about":[{"href":"https:\/\/www.cadexinc.com\/fr\/wp-json\/wp\/v2\/types\/page"}],"author":[{"embeddable":true,"href":"https:\/\/www.cadexinc.com\/fr\/wp-json\/wp\/v2\/users\/5"}],"replies":[{"embeddable":true,"href":"https:\/\/www.cadexinc.com\/fr\/wp-json\/wp\/v2\/comments?post=10487"}],"version-history":[{"count":76,"href":"https:\/\/www.cadexinc.com\/fr\/wp-json\/wp\/v2\/pages\/10487\/revisions"}],"predecessor-version":[{"id":21183,"href":"https:\/\/www.cadexinc.com\/fr\/wp-json\/wp\/v2\/pages\/10487\/revisions\/21183"}],"up":[{"embeddable":true,"href":"https:\/\/www.cadexinc.com\/fr\/wp-json\/wp\/v2\/pages\/3154"}],"wp:featuredmedia":[{"embeddable":true,"href":"https:\/\/www.cadexinc.com\/fr\/wp-json\/wp\/v2\/media\/16999"}],"wp:attachment":[{"href":"https:\/\/www.cadexinc.com\/fr\/wp-json\/wp\/v2\/media?parent=10487"}],"wp:term":[{"taxonomy":"category","embeddable":true,"href":"https:\/\/www.cadexinc.com\/fr\/wp-json\/wp\/v2\/categories?post=10487"}],"curies":[{"name":"wp","href":"https:\/\/api.w.org\/{rel}","templated":true}]}}