{"id":103,"date":"2022-05-17T13:11:44","date_gmt":"2022-05-17T17:11:44","guid":{"rendered":"http:\/\/www.cadexinc.com\/?page_id=103"},"modified":"2022-12-08T15:37:05","modified_gmt":"2022-12-08T20:37:05","slug":"penetrateur-a-double-fil","status":"publish","type":"page","link":"https:\/\/www.cadexinc.com\/fr\/equipement\/machines\/machines-a-chocs\/penetrateur-a-double-fil\/","title":{"rendered":"P\u00e9n\u00e9trateur \u00e0 double fil"},"content":{"rendered":"<div class=\"container pt-5\">\r\n<div class=\"row align-items-end\">\r\n<div class=\"col-6\">\r\n\r\n<h3 class=\"fw-light mt-4 mb-3 model_title text-uppercase\">Caract\u00e9ristiques :<\/h3>\r\n<ul class=\"list-group\">\r\n<li>Le syst\u00e8me angulaire rotatif vous permet de positionner la t\u00eate entre 0\u00b0 et 90\u00b0 \u00e0 la verticale et de la faire pivoter de 360\u00b0 \u00e0 l'horizontale.<\/li>\r\n<li>Un autre type de t\u00eate de p\u00e9n\u00e9tration peut \u00eatre install\u00e9 sur la base.<\/li>\r\n<li>Le bras volant (Penetrator) est fix\u00e9 au chariot de largage.<\/li>\r\n<li>Le chariot de chute (fil double) lib\u00e8re le p\u00e9n\u00e9trateur pour lancer le test. Il est \u00e9galement utilis\u00e9 pour remettre le p\u00e9n\u00e9trateur en position apr\u00e8s l'essai.<\/li>\r\n<li>Le v\u00e9locim\u00e8tre (Time Gate) est un appareil \u00e9lectronique tr\u00e8s pr\u00e9cis qui calcule le temps n\u00e9cessaire \u00e0 un objet pour passer devant un faisceau infrarouge quelques millim\u00e8tres avant l'impact. Le temps en millisecondes et la longueur de l'objet sont ensuite utilis\u00e9s pour d\u00e9terminer la vitesse.<\/li>\r\n<li>La t\u00e9l\u00e9commande permet de r\u00e9gler la hauteur et la vitesse, de lancer le test, d'effectuer un arr\u00eat d'urgence et d'activer des r\u00e9glages pr\u00e9programm\u00e9s.<\/li>\r\n<\/ul>\r\n\r\n<p>Le chariot de largage du p\u00e9n\u00e9trateur \u00e0 deux fils est utilis\u00e9 pour larguer le bras volant.<\/p> \r\n\t\t\t<p>Il y a deux fa\u00e7ons de proc\u00e9der :<\/p>\r\n<ul class=\"list-group\">\r\n\t<li>La premi\u00e8re concerne le syst\u00e8me pneumatique. La t\u00e9l\u00e9commande dispose d'un bouton qui permet au chariot de chute de lib\u00e9rer le bras volant.<\/li>\r\n\t<li>Le second est un levier manuel. S'il est tir\u00e9, il lib\u00e8re \u00e9galement le bras volant.<\/li>\r\n<\/ul>\r\n\r\n<center><figure class=\"figure pt-2 cdx-border bg-white\"><img decoding=\"async\" src=\"http:\/\/www.cadexinc.com\/wp-content\/uploads\/2022\/09\/twin-wire-drop-carrage-tw-1.png\" alt=\"Drop Carrage\" class=\"img-fluid\" \/><figcaption class=\"figure-caption text-center text-dark fs-7 mt-1\"><p class=\"d-flex flex-column p-2 m-0 fs-7 fst-italic mx-auto justify-content-center bg-light\">Drop Carrage<\/p><\/figcaption><\/figure><\/center>\r\n\r\n<\/div>\r\n<div class=\"col-6\">\r\n<center><figure class=\"figure pt-2 cdx-border bg-white\"><img decoding=\"async\" src=\"http:\/\/www.cadexinc.com\/wp-content\/uploads\/2022\/09\/twin-wire-penetrator-top-1.png\" alt=\"P\u00e9n\u00e9trateur \u00e0 double fil - Haut\" class=\"img-fluid\" \/><figcaption class=\"figure-caption text-center text-dark fs-7 mt-1\"><p class=\"d-flex flex-column p-2 m-0 fs-7 fst-italic mx-auto justify-content-center bg-light\">P\u00e9n\u00e9trateur \u00e0 double fil - Haut<\/p><\/figcaption><\/figure><\/center>\r\n<center><figure class=\"figure pt-2 cdx-border bg-white\"><img decoding=\"async\" src=\"http:\/\/www.cadexinc.com\/wp-content\/uploads\/2022\/09\/twin-wire-penetrator-bottom.png\" alt=\"P\u00e9n\u00e9trateur \u00e0 double fil - Fond\" class=\"img-fluid\" \/><figcaption class=\"figure-caption text-center text-dark fs-7 mt-1\"><p class=\"d-flex flex-column p-2 m-0 fs-7 fst-italic mx-auto justify-content-center bg-light\">P\u00e9n\u00e9trateur \u00e0 double fil - Fond<\/p><\/figcaption><\/figure><\/center>\r\n<\/div>\r\n\r\n<\/div>\r\n<\/div>","protected":false},"excerpt":{"rendered":"<p>Caract\u00e9ristiques : Le syst\u00e8me angulaire rotatif permet de positionner la t\u00eate factice entre 0\u00b0 et 90\u00b0 \u00e0 la verticale et de la faire pivoter \u00e0 360\u00b0 \u00e0 l'horizontale. D'autres types de t\u00eates de p\u00e9n\u00e9tration peuvent \u00eatre install\u00e9s sur la base. Le bras volant (Penetrator) est fix\u00e9 au chariot de descente. Le chariot de largage (fil double) lib\u00e8re le p\u00e9n\u00e9trateur pour lancer le test. [...]<\/p>","protected":false},"author":5,"featured_media":0,"parent":3180,"menu_order":0,"comment_status":"closed","ping_status":"closed","template":"","meta":{"footnotes":""},"categories":[36],"class_list":["post-103","page","type-page","status-publish","hentry","category-impact-machines"],"_links":{"self":[{"href":"https:\/\/www.cadexinc.com\/fr\/wp-json\/wp\/v2\/pages\/103","targetHints":{"allow":["GET"]}}],"collection":[{"href":"https:\/\/www.cadexinc.com\/fr\/wp-json\/wp\/v2\/pages"}],"about":[{"href":"https:\/\/www.cadexinc.com\/fr\/wp-json\/wp\/v2\/types\/page"}],"author":[{"embeddable":true,"href":"https:\/\/www.cadexinc.com\/fr\/wp-json\/wp\/v2\/users\/5"}],"replies":[{"embeddable":true,"href":"https:\/\/www.cadexinc.com\/fr\/wp-json\/wp\/v2\/comments?post=103"}],"version-history":[{"count":2,"href":"https:\/\/www.cadexinc.com\/fr\/wp-json\/wp\/v2\/pages\/103\/revisions"}],"predecessor-version":[{"id":9105,"href":"https:\/\/www.cadexinc.com\/fr\/wp-json\/wp\/v2\/pages\/103\/revisions\/9105"}],"up":[{"embeddable":true,"href":"https:\/\/www.cadexinc.com\/fr\/wp-json\/wp\/v2\/pages\/3180"}],"wp:attachment":[{"href":"https:\/\/www.cadexinc.com\/fr\/wp-json\/wp\/v2\/media?parent=103"}],"wp:term":[{"taxonomy":"category","embeddable":true,"href":"https:\/\/www.cadexinc.com\/fr\/wp-json\/wp\/v2\/categories?post=103"}],"curies":[{"name":"wp","href":"https:\/\/api.w.org\/{rel}","templated":true}]}}