{"id":101,"date":"2022-05-17T13:11:25","date_gmt":"2022-05-17T17:11:25","guid":{"rendered":"http:\/\/www.cadexinc.com\/?page_id=101"},"modified":"2026-03-17T11:24:56","modified_gmt":"2026-03-17T15:24:56","slug":"fil-double-mini","status":"publish","type":"page","link":"https:\/\/www.cadexinc.com\/fr\/equipement\/machines\/machines-a-chocs\/fil-double-mini\/","title":{"rendered":"Machine d\u2019impact Mini Twinwire"},"content":{"rendered":"<div data-elementor-type=\"wp-page\" data-elementor-id=\"101\" class=\"elementor elementor-101\">\n\t\t\t\t<div class=\"elementor-element elementor-element-55f422c3 elementor-hidden-desktop elementor-hidden-tablet e-flex e-con-boxed e-con e-parent\" data-id=\"55f422c3\" data-element_type=\"container\">\n\t\t\t\t\t<div class=\"e-con-inner\">\n\t\t\t\t<div class=\"elementor-element elementor-element-82e40ff elementor-widget__width-initial elementor-widget elementor-widget-html\" data-id=\"82e40ff\" data-element_type=\"widget\" data-widget_type=\"html.default\">\n\t\t\t\t<div class=\"elementor-widget-container\">\n\t\t\t\t\t<!-- vision begin -->\n<div class=\"vision-map vision-map-12\"data-json-src=\"https:\/\/www.cadexinc.com\/wp-content\/uploads\/vision\/12\/config.json?ver=1705343046\" data-item-id=\"12\" tabindex=\"1\" style=\"display:none;\" >\n<div class=\"vision-store\">\n<div class=\"vision-layers-data\">\n<div class=\"vision-layer\" data-layer-id=\"e5865f4f\"><\/div>\n<div class=\"vision-layer\" data-layer-id=\"dc8da206\"><\/div>\n<div class=\"vision-layer\" data-layer-id=\"dbca12e6\"><\/div>\n<\/div>\n<div class=\"vision-tooltips-data\">\n<div class=\"vision-data\" data-layer-id=\"e5865f4f\"><p>Chariot de chute \u00e0 profil bas<\/p><\/div>\n<div class=\"vision-data\" data-layer-id=\"dc8da206\"><p>Syst\u00e8me de d\u00e9clenchement \u00e9lectro-pneumatique<\/p><\/div>\n<div class=\"vision-data\" data-layer-id=\"dbca12e6\"><p>Diff\u00e9rentes applications de test peuvent \u00eatre fix\u00e9es \u00e0 la base modulaire.<\/p><\/div>\n<\/div>\n<div class=\"vision-popovers-data\">\n<div class=\"vision-data\" data-layer-id=\"e5865f4f\"><\/div>\n<div class=\"vision-data\" data-layer-id=\"dc8da206\"><\/div>\n<div class=\"vision-data\" data-layer-id=\"dbca12e6\"><\/div>\n<\/div>\n<\/div>\n<\/div>\n<!-- vision end -->\n\t\t\t\t<\/div>\n\t\t\t\t<\/div>\n\t\t\t\t\t<\/div>\n\t\t\t\t<\/div>\n\t\t<div class=\"elementor-element elementor-element-e50d256 e-flex e-con-boxed e-con e-parent\" data-id=\"e50d256\" data-element_type=\"container\">\n\t\t\t\t\t<div class=\"e-con-inner\">\n\t\t<div class=\"elementor-element elementor-element-85becd5 e-con-full e-flex e-con e-child\" data-id=\"85becd5\" data-element_type=\"container\">\n\t\t<div class=\"elementor-element elementor-element-ea96b58 e-con-full e-flex e-con e-child\" data-id=\"ea96b58\" data-element_type=\"container\">\n\t\t<div class=\"elementor-element elementor-element-4e52324 e-con-full equipment-main-right-block e-flex e-con e-child\" data-id=\"4e52324\" data-element_type=\"container\">\n\t\t<div class=\"elementor-element elementor-element-0512394 e-con-full e-flex e-con e-child\" data-id=\"0512394\" data-element_type=\"container\">\n\t\t\t\t<div class=\"elementor-element elementor-element-6edf104 elementor-widget elementor-widget-text-editor\" data-id=\"6edf104\" data-element_type=\"widget\" data-widget_type=\"text-editor.default\">\n\t\t\t\t<div class=\"elementor-widget-container\">\n\t\t\t\t\t\t\t\t\t<p class=\"cdx-title\" style=\"text-align:justify;\">Le Mini Twinwire est id\u00e9al pour les laboratoires d\u2019essai disposant d\u2019une hauteur sous plafond limit\u00e9e. Sa base modulaire permet aux utilisateurs de fixer diff\u00e9rents accessoires afin de r\u00e9aliser plusieurs applications.<\/p>\t\t\t\t\t\t\t\t<\/div>\n\t\t\t\t<\/div>\n\t\t\t\t<div class=\"elementor-element elementor-element-ab03518 equipment-sub-titles elementor-widget elementor-widget-heading\" data-id=\"ab03518\" data-element_type=\"widget\" data-widget_type=\"heading.default\">\n\t\t\t\t<div class=\"elementor-widget-container\">\n\t\t\t\t\t<h6 class=\"elementor-heading-title elementor-size-default\">DIMENSIONS (APPROX.) :<\/h6>\t\t\t\t<\/div>\n\t\t\t\t<\/div>\n\t\t\t\t<div class=\"elementor-element elementor-element-5b0bb93 elementor-widget elementor-widget-text-editor\" data-id=\"5b0bb93\" data-element_type=\"widget\" data-widget_type=\"text-editor.default\">\n\t\t\t\t<div class=\"elementor-widget-container\">\n\t\t\t\t\t\t\t\t\t<ul class=\"special-list\">\n<li>Longueur de la base : 76,2 cm \/ 30 in<\/li>\n<li>Width of the base:\u00a0 \u00a041.91 cm \/ 16.5 in<\/li>\n<li>Hauteur : 316,87 cm \/ 124,75 in<\/li>\n<\/ul>\t\t\t\t\t\t\t\t<\/div>\n\t\t\t\t<\/div>\n\t\t\t\t<div class=\"elementor-element elementor-element-40591b6 equipment-sub-titles elementor-widget elementor-widget-heading\" data-id=\"40591b6\" data-element_type=\"widget\" data-widget_type=\"heading.default\">\n\t\t\t\t<div class=\"elementor-widget-container\">\n\t\t\t\t\t<h6 class=\"elementor-heading-title elementor-size-default\">CARACT\u00c9RISTIQUES\u202f:<\/h6>\t\t\t\t<\/div>\n\t\t\t\t<\/div>\n\t\t\t\t<div class=\"elementor-element elementor-element-1f40432 elementor-widget elementor-widget-text-editor\" data-id=\"1f40432\" data-element_type=\"widget\" data-widget_type=\"text-editor.default\">\n\t\t\t\t<div class=\"elementor-widget-container\">\n\t\t\t\t\t\t\t\t\t<p><strong>Syst\u00e8me enti\u00e8rement motoris\u00e9<\/strong><\/p><ul class=\"special-list\"><li>Chariot de chute \u00e0 profil bas<\/li><li>Syst\u00e8me de d\u00e9clenchement \u00e9lectro-pneumatique<\/li><li>Diff\u00e9rentes applications de test peuvent \u00eatre fix\u00e9es \u00e0 la base modulaire.<\/li><\/ul><p class=\"cdx-tooltip pt-3 text-danger text-start fst-italic fs-7\">*Passez la souris sur les num\u00e9ros de l\u2019image pour afficher une info-bulle avec la description.<\/p>\t\t\t\t\t\t\t\t<\/div>\n\t\t\t\t<\/div>\n\t\t\t\t<div class=\"elementor-element elementor-element-1fa41a3 equipment-sub-titles elementor-widget elementor-widget-heading\" data-id=\"1fa41a3\" data-element_type=\"widget\" data-widget_type=\"heading.default\">\n\t\t\t\t<div class=\"elementor-widget-container\">\n\t\t\t\t\t<h6 class=\"elementor-heading-title elementor-size-default\">CANDIDATURES :<\/h6>\t\t\t\t<\/div>\n\t\t\t\t<\/div>\n\t\t\t\t<div class=\"elementor-element elementor-element-ca19019 elementor-widget elementor-widget-text-editor\" data-id=\"ca19019\" data-element_type=\"widget\" data-widget_type=\"text-editor.default\">\n\t\t\t\t<div class=\"elementor-widget-container\">\n\t\t\t\t\t\t\t\t\t<ul class=\"special-list\">\n<li>Applications d'att\u00e9nuation des impacts \u00e0 faible \u00e9nergie<\/li>\n<li>Applications australiennes des capteurs de pesage<\/li>\n<li>Applications de distribution de force \u00e0 faible \u00e9nergie<\/li>\n<li>Applications de test personnalis\u00e9es<\/li>\n<\/ul>\t\t\t\t\t\t\t\t<\/div>\n\t\t\t\t<\/div>\n\t\t\t\t<\/div>\n\t\t\t\t<\/div>\n\t\t\t\t<\/div>\n\t\t<div class=\"elementor-element elementor-element-8a6de5c e-con-full e-flex e-con e-child\" data-id=\"8a6de5c\" data-element_type=\"container\">\n\t\t\t\t<div class=\"elementor-element elementor-element-6495377 elementor-widget__width-initial elementor-hidden-mobile elementor-widget elementor-widget-html\" data-id=\"6495377\" data-element_type=\"widget\" data-widget_type=\"html.default\">\n\t\t\t\t<div class=\"elementor-widget-container\">\n\t\t\t\t\t<!-- vision begin -->\n<div class=\"vision-map vision-map-12\"data-json-src=\"https:\/\/www.cadexinc.com\/wp-content\/uploads\/vision\/12\/config.json?ver=1705343046\" data-item-id=\"12\" tabindex=\"1\" style=\"display:none;\" >\n<div class=\"vision-store\">\n<div class=\"vision-layers-data\">\n<div class=\"vision-layer\" data-layer-id=\"e5865f4f\"><\/div>\n<div class=\"vision-layer\" data-layer-id=\"dc8da206\"><\/div>\n<div class=\"vision-layer\" data-layer-id=\"dbca12e6\"><\/div>\n<\/div>\n<div class=\"vision-tooltips-data\">\n<div class=\"vision-data\" data-layer-id=\"e5865f4f\"><p>Chariot de chute \u00e0 profil bas<\/p><\/div>\n<div class=\"vision-data\" data-layer-id=\"dc8da206\"><p>Syst\u00e8me de d\u00e9clenchement \u00e9lectro-pneumatique<\/p><\/div>\n<div class=\"vision-data\" data-layer-id=\"dbca12e6\"><p>Diff\u00e9rentes applications de test peuvent \u00eatre fix\u00e9es \u00e0 la base modulaire.<\/p><\/div>\n<\/div>\n<div class=\"vision-popovers-data\">\n<div class=\"vision-data\" data-layer-id=\"e5865f4f\"><\/div>\n<div class=\"vision-data\" data-layer-id=\"dc8da206\"><\/div>\n<div class=\"vision-data\" data-layer-id=\"dbca12e6\"><\/div>\n<\/div>\n<\/div>\n<\/div>\n<!-- vision end -->\n\t\t\t\t<\/div>\n\t\t\t\t<\/div>\n\t\t\t\t<\/div>\n\t\t\t\t<\/div>\n\t\t\t\t\t<\/div>\n\t\t\t\t<\/div>\n\t\t\t\t<\/div>","protected":false},"excerpt":{"rendered":"<p>The mini twinwire is ideal for testing labs with low ceiling height. The modular base design allows users to attach different accessories to perform multiple applications. DIMENSIONS (APPROX.): Length of the base: 76.2 cm \/ 30 in Width of the base:\u00a0 \u00a041.91 cm \/ 16.5 in Height: 316.87 cm \/ 124.75 in FEATURES: Full motorized [&hellip;]<\/p>","protected":false},"author":5,"featured_media":0,"parent":3180,"menu_order":0,"comment_status":"closed","ping_status":"closed","template":"","meta":{"footnotes":""},"categories":[36],"class_list":["post-101","page","type-page","status-publish","hentry","category-impact-machines"],"_links":{"self":[{"href":"https:\/\/www.cadexinc.com\/fr\/wp-json\/wp\/v2\/pages\/101","targetHints":{"allow":["GET"]}}],"collection":[{"href":"https:\/\/www.cadexinc.com\/fr\/wp-json\/wp\/v2\/pages"}],"about":[{"href":"https:\/\/www.cadexinc.com\/fr\/wp-json\/wp\/v2\/types\/page"}],"author":[{"embeddable":true,"href":"https:\/\/www.cadexinc.com\/fr\/wp-json\/wp\/v2\/users\/5"}],"replies":[{"embeddable":true,"href":"https:\/\/www.cadexinc.com\/fr\/wp-json\/wp\/v2\/comments?post=101"}],"version-history":[{"count":63,"href":"https:\/\/www.cadexinc.com\/fr\/wp-json\/wp\/v2\/pages\/101\/revisions"}],"predecessor-version":[{"id":20994,"href":"https:\/\/www.cadexinc.com\/fr\/wp-json\/wp\/v2\/pages\/101\/revisions\/20994"}],"up":[{"embeddable":true,"href":"https:\/\/www.cadexinc.com\/fr\/wp-json\/wp\/v2\/pages\/3180"}],"wp:attachment":[{"href":"https:\/\/www.cadexinc.com\/fr\/wp-json\/wp\/v2\/media?parent=101"}],"wp:term":[{"taxonomy":"category","embeddable":true,"href":"https:\/\/www.cadexinc.com\/fr\/wp-json\/wp\/v2\/categories?post=101"}],"curies":[{"name":"wp","href":"https:\/\/api.w.org\/{rel}","templated":true}]}}